{"id":13798,"date":"2020-12-24T15:32:13","date_gmt":"2020-12-24T14:32:13","guid":{"rendered":"https:\/\/dev2.mgvpublications.com\/produkt\/umudun-besinci-mevsimi\/"},"modified":"2022-03-08T22:39:39","modified_gmt":"2022-03-08T21:39:39","slug":"umudun-besinci-mevsimi","status":"publish","type":"product","link":"https:\/\/mgvpublications.com\/de\/umudun-besinci-mevsimi\/","title":{"rendered":"Umudun Be\u015finci Mevsimi"},"content":{"rendered":"<div>Yay\u0131n Tarihi: 29.10.2019<\/div>\n<div>ISBN: 9786057906632<\/div>\n<div>Dil: T\u00dcRK\u00c7E<\/div>\n<div>Sayfa Say\u0131s\u0131: 160<\/div>\n<div>Cilt Tipi: Karton Kapak<\/div>\n<div>Ka\u011f\u0131t Cinsi: 1. Hm. Ka\u011f\u0131t<\/div>\n<div>Boyut: 13.5 x 21 cm<\/div>","protected":false},"excerpt":{"rendered":"<p>\u0130nsan en dibe d\u00fc\u015ft\u00fc\u011f\u00fcnde bile ne zaman \u00e7\u0131kaca\u011f\u0131n\u0131 d\u00fc\u015f\u00fcn\u00fcr \u00e7\u00fcnk\u00fc umut<br \/>\netmek en g\u00fczel teslimiyettir. Toparlanmam\u0131z hatta her \u015feye yeniden<br \/>\nba\u015flamam\u0131z gerekti\u011fini biliriz. Tam da bu noktada ge\u00e7mi\u015f an\u0131lar\u0131n yans\u0131mas\u0131 ile<br \/>\niyi olacak yar\u0131nlar\u0131 d\u00fc\u015flemeye ba\u015flar\u0131z. Bazen ufak bir cesaret k\u0131r\u0131nt\u0131s\u0131 her \u015feyi<br \/>\nd\u00fczeltmeye yeter. En zor anda bile bir \u00e7\u0131k\u0131\u015f yolu vard\u0131r her zaman. Kendini<br \/>\nb\u0131rakma karanl\u0131\u011fa, gitme kendinden; sen kendinden gidersen kimse u\u011framaz<br \/>\nkalbine. G\u00fcl\u00fcmsesin yar\u0131nlar\u0131n. Bu be\u015finci mevsimi en \u00e7ok sen hak ettin.<\/p>\n<p>Her insan kendi mevsimini ta\u015f\u0131r y\u00fcre\u011finde. Ya\u015fanm\u0131\u015fl\u0131\u011f\u0131n getirdi\u011fi<br \/>\ntecr\u00fcbe ile be\u015finci mevsimi s\u0131\u011fd\u0131r\u0131r d\u00fcnyas\u0131na. Kimine yaz kimine k\u0131\u015f kimine<br \/>\nbahard\u0131r hayat. Ve sabredenlerin sonu \u00e7i\u00e7ekli yollard\u0131r her zaman. Dua, umut,<br \/>\nsab\u0131r ile g\u00fczel insanlar\u0131n sonu hep bahar olur.<br \/>\ndevam\u0131n\u0131 oku<\/p>","protected":false},"featured_media":14539,"template":"","meta":{"spay_email":""},"product_cat":[168],"product_tag":[],"item":[1362],"acf":[],"_links":{"self":[{"href":"https:\/\/mgvpublications.com\/de\/wp-json\/wp\/v2\/product\/13798"}],"collection":[{"href":"https:\/\/mgvpublications.com\/de\/wp-json\/wp\/v2\/product"}],"about":[{"href":"https:\/\/mgvpublications.com\/de\/wp-json\/wp\/v2\/types\/product"}],"wp:featuredmedia":[{"embeddable":true,"href":"https:\/\/mgvpublications.com\/de\/wp-json\/wp\/v2\/media\/14539"}],"wp:attachment":[{"href":"https:\/\/mgvpublications.com\/de\/wp-json\/wp\/v2\/media?parent=13798"}],"wp:term":[{"taxonomy":"product_cat","embeddable":true,"href":"https:\/\/mgvpublications.com\/de\/wp-json\/wp\/v2\/product_cat?post=13798"},{"taxonomy":"product_tag","embeddable":true,"href":"https:\/\/mgvpublications.com\/de\/wp-json\/wp\/v2\/product_tag?post=13798"},{"taxonomy":"item","embeddable":true,"href":"https:\/\/mgvpublications.com\/de\/wp-json\/wp\/v2\/item?post=13798"}],"curies":[{"name":"wp","href":"https:\/\/api.w.org\/{rel}","templated":true}]}}