{"id":13750,"date":"2020-12-11T15:55:35","date_gmt":"2020-12-11T14:55:35","guid":{"rendered":"https:\/\/dev2.mgvpublications.com\/produkt\/allah-adina-yonetmek\/"},"modified":"2022-03-08T22:39:39","modified_gmt":"2022-03-08T21:39:39","slug":"allah-adina-yonetmek","status":"publish","type":"product","link":"https:\/\/mgvpublications.com\/de\/allah-adina-yonetmek\/","title":{"rendered":"Allah Ad\u0131na Y\u00f6netmek"},"content":{"rendered":"<p>Yay\u0131n Tarihi:\t17.08.2020<br \/>\nISBN:\t9786257009584<br \/>\nDil:\tT\u00dcRK\u00c7E<br \/>\nSayfa Say\u0131s\u0131:\t271<br \/>\nCilt Tipi:\tKarton Kapak<br \/>\nKa\u011f\u0131t Cinsi:\tKitap Ka\u011f\u0131d\u0131<br \/>\nBoyut:\t13.5 x 21 cm<\/p>","protected":false},"excerpt":{"rendered":"<p>Maide Suresi&#8217;nin;<\/p>\n<p>&#8220;Kim Allah&#8217;\u0131n indirdikleriyle h\u00fckmetmezse i\u015fte onlar kafirlerin ta kendileridir.&#8221; (Maide:44)<\/p>\n<p>&#8220;Kim Allah&#8217;\u0131n indirdikleriyle h\u00fckmetmezse i\u015fte onlar zalimlerin ta kendileridir.&#8221; (Maide: 45) &#8220;Kim Allah&#8217;\u0131n indirdikleriyle h\u00fckmetmezse i\u015fte onlar fas\u0131klar\u0131n ta kendileridir.&#8221; (Maide: 47) ayetleri; a\u00e7\u0131k ve net bir \u015fekilde &#8216;Kamusal alan\u0131n&#8217; da Allah&#8217;a ait oldu\u011funu bildiriyor.<\/p>\n<p>Kuran-Kerim; k\u0131saca &#8216;H\u00dcK\u00dcM ALLAH&#8217;INDIR&#8217; diyor. Bir M\u00fcsl\u00fcman i\u00e7in &#8220;H\u00fck\u00fcm&#8217; tabii ki Allah&#8217;\u0131nd\u0131r. Bunda ku\u015fku duyulacak ve tart\u0131\u015f\u0131lacak bir durum yok<\/p>\n<p>Ancak bu kabulden sonra cevapland\u0131rmam\u0131z gereken \u00e7ok \u00f6nemli sorular var: Her t\u00fcrl\u00fc \u015fekil ve mekandan m\u00fcnezzeh olan Allah; ha\u015fa yery\u00fcz\u00fcne inerek y\u00f6neticilik yapmayaca\u011f\u0131na g\u00f6re, Allah ad\u0131na yery\u00fcz\u00fcnde kimler y\u00f6netici (Emir, halife, sultan, padi\u015fah, cumhurba\u015fkan\u0131&#8230;) olacak ve bu y\u00f6neticiler nas\u0131l h\u00fckmedecektir? Bir ba\u015fka ifade ile Allah&#8217;\u0131n yetkilerini kimler kullanacak ve nas\u0131l uygulayacakt\u0131r? M\u00fcsl\u00fcmanlarla, M\u00fcsl\u00fcman olmayanlar bir arada ve bar\u0131\u015f i\u00e7inde nas\u0131l ya\u015fayacaklard\u0131r.?<\/p>","protected":false},"featured_media":14533,"template":"","meta":{"spay_email":""},"product_cat":[173],"product_tag":[],"item":[1321],"acf":[],"_links":{"self":[{"href":"https:\/\/mgvpublications.com\/de\/wp-json\/wp\/v2\/product\/13750"}],"collection":[{"href":"https:\/\/mgvpublications.com\/de\/wp-json\/wp\/v2\/product"}],"about":[{"href":"https:\/\/mgvpublications.com\/de\/wp-json\/wp\/v2\/types\/product"}],"wp:featuredmedia":[{"embeddable":true,"href":"https:\/\/mgvpublications.com\/de\/wp-json\/wp\/v2\/media\/14533"}],"wp:attachment":[{"href":"https:\/\/mgvpublications.com\/de\/wp-json\/wp\/v2\/media?parent=13750"}],"wp:term":[{"taxonomy":"product_cat","embeddable":true,"href":"https:\/\/mgvpublications.com\/de\/wp-json\/wp\/v2\/product_cat?post=13750"},{"taxonomy":"product_tag","embeddable":true,"href":"https:\/\/mgvpublications.com\/de\/wp-json\/wp\/v2\/product_tag?post=13750"},{"taxonomy":"item","embeddable":true,"href":"https:\/\/mgvpublications.com\/de\/wp-json\/wp\/v2\/item?post=13750"}],"curies":[{"name":"wp","href":"https:\/\/api.w.org\/{rel}","templated":true}]}}