{"id":13745,"date":"2020-12-11T15:35:20","date_gmt":"2020-12-11T14:35:20","guid":{"rendered":"https:\/\/dev2.mgvpublications.com\/produkt\/hazreti-fatima\/"},"modified":"2022-03-08T22:39:38","modified_gmt":"2022-03-08T21:39:38","slug":"hazreti-fatima","status":"publish","type":"product","link":"https:\/\/mgvpublications.com\/de\/hazreti-fatima\/","title":{"rendered":"Hazreti Fat\u0131ma"},"content":{"rendered":"<p>Yay\u0131n Tarihi:\t19.12.2018<br \/>\nISBN:\t9786051512495<br \/>\nDil:\tT\u00dcRK\u00c7E<br \/>\nSayfa Say\u0131s\u0131:\t496<br \/>\nCilt Tipi:\tKarton Kapak<br \/>\nKa\u011f\u0131t Cinsi:\tKitap Ka\u011f\u0131d\u0131<br \/>\nBoyut:\t13.5 x 21 cm<\/p>","protected":false},"excerpt":{"rendered":"<p>Fat\u0131ma olmasayd\u0131 tan\u0131mayacakt\u0131k a\u015fk\u0131.<br \/>\nMuhabbeti Muhammedi\u2019yi (s.a.v.) bilemeyecektik.<br \/>\nOnsuzlu\u011fun \u00f6l\u00fcm oldu\u011funu anlamayacakt\u0131k.<br \/>\nFat\u0131ma olmasayd\u0131 evlatl\u0131\u011f\u0131n incisi da\u011f\u0131l\u0131p sa\u00e7\u0131lacakt\u0131 yerlere. Kad\u0131n olman\u0131n bestesi ahenksiz olacakt\u0131.<br \/>\nY\u0131ld\u0131zs\u0131z geceler gibi y\u00fcrekler rehbersiz kal\u0131p \u00fc\u015f\u00fcyecekti.<br \/>\nAnneli\u011fin ritmi anlams\u0131z, \u015fiiri ise yar\u0131m kalacakt\u0131.<br \/>\nYery\u00fcz\u00fcnde muhte\u015fem bir hik\u00e2ye daha itinayla yaz\u0131l\u0131yordu.<br \/>\nAli ile Fat\u0131ma\u2019n\u0131n hik\u00e2yesi, gelecek \u00e7a\u011flara kadim bir destan ve ihti\u015faml\u0131 bir miras olarak kalacakt\u0131.<\/p>\n<p>\u201cA\u015fka Adanm\u0131\u015f Bir \u00d6m\u00fcr Hz. Hatice\u201d ile okuyucular\u0131n g\u00f6nl\u00fcne taht kuran Nurdan Damla\u2019n\u0131n bu roman\u0131 da,  kalbinizde ve g\u00f6nl\u00fcn\u00fczde ayr\u0131 bir yer bulacak.<br \/>\ndevam\u0131n\u0131 oku<\/p>","protected":false},"featured_media":14532,"template":"","meta":{"spay_email":""},"product_cat":[168],"product_tag":[],"item":[443],"acf":[],"_links":{"self":[{"href":"https:\/\/mgvpublications.com\/de\/wp-json\/wp\/v2\/product\/13745"}],"collection":[{"href":"https:\/\/mgvpublications.com\/de\/wp-json\/wp\/v2\/product"}],"about":[{"href":"https:\/\/mgvpublications.com\/de\/wp-json\/wp\/v2\/types\/product"}],"wp:featuredmedia":[{"embeddable":true,"href":"https:\/\/mgvpublications.com\/de\/wp-json\/wp\/v2\/media\/14532"}],"wp:attachment":[{"href":"https:\/\/mgvpublications.com\/de\/wp-json\/wp\/v2\/media?parent=13745"}],"wp:term":[{"taxonomy":"product_cat","embeddable":true,"href":"https:\/\/mgvpublications.com\/de\/wp-json\/wp\/v2\/product_cat?post=13745"},{"taxonomy":"product_tag","embeddable":true,"href":"https:\/\/mgvpublications.com\/de\/wp-json\/wp\/v2\/product_tag?post=13745"},{"taxonomy":"item","embeddable":true,"href":"https:\/\/mgvpublications.com\/de\/wp-json\/wp\/v2\/item?post=13745"}],"curies":[{"name":"wp","href":"https:\/\/api.w.org\/{rel}","templated":true}]}}