{"id":13743,"date":"2020-12-11T15:32:53","date_gmt":"2020-12-11T14:32:53","guid":{"rendered":"https:\/\/dev2.mgvpublications.com\/produkt\/sabir-ve-vefa-timsali-hz-zeyneb\/"},"modified":"2022-03-08T22:39:38","modified_gmt":"2022-03-08T21:39:38","slug":"sabir-ve-vefa-timsali-hz-zeyneb","status":"publish","type":"product","link":"https:\/\/mgvpublications.com\/de\/sabir-ve-vefa-timsali-hz-zeyneb\/","title":{"rendered":"Sab\u0131r ve Vefa Timsali Hz. Zeyneb"},"content":{"rendered":"<p>Yay\u0131n Tarihi:\t26.11.2019<br \/>\nISBN:\t9786051511207<br \/>\nDil:\tT\u00dcRK\u00c7E<br \/>\nSayfa Say\u0131s\u0131:\t344<br \/>\nCilt Tipi:\tKarton Kapak<br \/>\nKa\u011f\u0131t Cinsi:\tKitap Ka\u011f\u0131d\u0131<br \/>\nBoyut:\t13.5 x 21 cm<\/p>","protected":false},"excerpt":{"rendered":"<p>Bir tarafta Allah&#8217;\u0131n Son El\u00e7isi\u2019nin &#8220;K\u0131zlar\u0131m\u0131n en hay\u0131rl\u0131s\u0131d\u0131r.&#8221; diye vasfetti\u011fi can paresi<br \/>\nHz. Zeyneb&#8230; Di\u011fer tarafta nezaketi, anlay\u0131\u015f\u0131, c\u00f6mertli\u011fi ve \u015fefkatiyle Hz. Hatice&#8217;nin g\u00f6nl\u00fcne taht kuran \u015fair g\u00f6n\u00fcll\u00fc ye\u011feni Ebu&#8217;l As&#8230; Bu iki m\u00fcmtaz \u015fahsiyetin muhabbetinden ne\u015fet eden ba\u011f\u0131n gurur, iman, vahiy, ayr\u0131l\u0131k, hasret ile s\u0131nanmas\u0131&#8230; Vahyin &#8220;Onlar\u0131 k\u00e2firlere geri g\u00f6ndermeyin!&#8221; (M\u00fcmtehine Suresi: 10) emriyle ay\u0131rd\u0131\u011f\u0131 bu muhabbetin, yine vahyin \u0131\u015f\u0131\u011f\u0131nda tekrar bir araya gelmesinin zorlu ve \u00e7ileli  hik\u00e2yesi&#8230;<br \/>\nMekke&#8217;nin muannid gururunun verdi\u011fi ayr\u0131l\u0131k k\u00f6r d\u00fc\u011f\u00fcmlerinin,  ilahi sevgisinin feyziyle \u00e7\u00f6z\u00fclmesi ve hasretin bitmesi&#8230;<br \/>\nHz. Zeyneb&#8217;in ve Ebu&#8217;l As&#8217;\u0131n hayatlar\u0131n\u0131n ve muhabbetlerinin ayr\u0131nt\u0131lar\u0131nda, bug\u00fcn\u00fcn insanlar\u0131n\u0131n da alaca\u011f\u0131 \u00e7ok mesajlar var.<br \/>\nKendisi de \u015fair tabiatl\u0131, kaleminden nur damlayan sevgili karde\u015fim Nurdan Damla&#8217;n\u0131n b\u00fct\u00fcn bunlar\u0131 destans\u0131 ve \u015fiirsel bir lisan ile kaleme ald\u0131\u011f\u0131 bu eser, ger\u00e7ekleri romans\u0131 bir lezzette aktarm\u0131\u015f.Okuyan herkes, bu eserin sat\u0131rlar\u0131 aras\u0131nda dola\u015f\u0131rken kendi y\u00fcre\u011fine de dokunan bir t\u0131ls\u0131m, bir haz, bir hat\u0131ra yakalayacakt\u0131r.<br \/>\nMehmet Ali BULUT<br \/>\nBir yanda Resul k\u0131z\u0131, \u00f6te yanda \u015firke batm\u0131\u015f bir koca. A\u015fk var orada, \u00fcmit var. Dua, sab\u0131r ve g\u00f6zya\u015f\u0131 var. &#8220;Asi olsa da As, bekle!&#8221; demi\u015f k\u0131z\u0131na babas\u0131. Hidayetin mu\u015ftusunu mutsuz yar\u0131nlara sarmalay\u0131p &#8220;Ah mine&#8217;l a\u015fk!&#8221; muskas\u0131n\u0131 ili\u015ftirip anne yadig\u00e2r\u0131 gerdanl\u0131\u011f\u0131na, hazin geceleri nur sabahlara kundak eder Zeyneb. Kitab\u0131 okudu\u011funuzda Peygamber\u2019in g\u00f6zdesi Zeyneb&#8217;in hicran\u0131n\u0131 vicdan oca\u011f\u0131nda g\u00f6zya\u015flar\u0131 ile yakacaks\u0131n\u0131z.<br \/>\nA\u015fk olsun \u00e7ile \u00e7i\u00e7eklerine&#8230;<br \/>\nSinan YA\u011eMUR<br \/>\ndevam\u0131n\u0131 oku<\/p>","protected":false},"featured_media":14531,"template":"","meta":{"spay_email":""},"product_cat":[168],"product_tag":[],"item":[443],"acf":[],"_links":{"self":[{"href":"https:\/\/mgvpublications.com\/de\/wp-json\/wp\/v2\/product\/13743"}],"collection":[{"href":"https:\/\/mgvpublications.com\/de\/wp-json\/wp\/v2\/product"}],"about":[{"href":"https:\/\/mgvpublications.com\/de\/wp-json\/wp\/v2\/types\/product"}],"wp:featuredmedia":[{"embeddable":true,"href":"https:\/\/mgvpublications.com\/de\/wp-json\/wp\/v2\/media\/14531"}],"wp:attachment":[{"href":"https:\/\/mgvpublications.com\/de\/wp-json\/wp\/v2\/media?parent=13743"}],"wp:term":[{"taxonomy":"product_cat","embeddable":true,"href":"https:\/\/mgvpublications.com\/de\/wp-json\/wp\/v2\/product_cat?post=13743"},{"taxonomy":"product_tag","embeddable":true,"href":"https:\/\/mgvpublications.com\/de\/wp-json\/wp\/v2\/product_tag?post=13743"},{"taxonomy":"item","embeddable":true,"href":"https:\/\/mgvpublications.com\/de\/wp-json\/wp\/v2\/item?post=13743"}],"curies":[{"name":"wp","href":"https:\/\/api.w.org\/{rel}","templated":true}]}}