{"id":13741,"date":"2020-12-11T15:29:55","date_gmt":"2020-12-11T14:29:55","guid":{"rendered":"https:\/\/dev2.mgvpublications.com\/produkt\/sev-dedi-mevla\/"},"modified":"2022-03-08T22:39:36","modified_gmt":"2022-03-08T21:39:36","slug":"sev-dedi-mevla","status":"publish","type":"product","link":"https:\/\/mgvpublications.com\/de\/sev-dedi-mevla\/","title":{"rendered":"Sev Dedi Mevla"},"content":{"rendered":"<p>Kur\u2019an K\u0131ssalar\u0131ndan A\u015fk\u0131n Halleri\u201d<br \/>\nOnlar a\u015fk\u0131n ger\u00e7ek sahibiydiler. Kimseye mihneti yoktu hi\u00e7birinin. \u0130lk insandan son insana dek s\u00fcrecek bir zincirin alt\u0131n halkas\u0131yd\u0131lar. A\u015fk u\u011fruna hayat\u0131 hi\u00e7e sayanlard\u0131. Hak ehlinin yaln\u0131zlar\u0131, Hay Da\u011f\u0131\u2019n\u0131n y\u0131ld\u0131zlar\u0131yd\u0131. Onlar sevmekten vazge\u00e7meyenlerdi.<br \/>\nY\u00fcr\u00fcd\u00fckleri yol engebeli, dikenli, s\u0131k\u0131nt\u0131l\u0131 olsa da terk etmeyenlerdi. Y\u00fcksek bir gaye u\u011fruna hayat\u0131 feda etmi\u015flerdi.<br \/>\n\u201cSev\u201d kelam\u0131 i\u00e7in se\u00e7ilmi\u015flerdi.  \u201cSev\u201d demi\u015fti Mevl\u00e2. Ve onlar \u00e7ok sevmi\u015flerdi. Var edenin hat\u0131r\u0131na insan\u0131n, insanl\u0131\u011f\u0131n, varl\u0131\u011f\u0131n kalbine girmi\u015flerdi. Bezm-i elestten s\u00f6z vermi\u015flerdi. S\u00f6zleri muhkemdi.<br \/>\nCennet ger\u00e7ekten sevmeyi bilenlerindi&#8230;<\/p>\n<p>Hz. Havva\u2019n\u0131n \u015eefkati<br \/>\nMelekleri G\u00f6ren Kad\u0131n Hz. S\u00e2re<br \/>\nHicaz\u2019\u0131n Siyah \u0130ncisi Hz. Hacer<br \/>\nAdanm\u0131\u015flar Silsilesi Hz. \u0130smail<br \/>\nSafura\u2019n\u0131n Edebi<br \/>\nNil\u2019in Nazl\u0131 Krali\u00e7esi Hz. \u00c2siye<br \/>\nKral Peygamber Hz. Davud<br \/>\n\u0130hti\u015fam Peygamberi Hz. S\u00fcleyman<br \/>\nMasumiyet \u0130ncisi Hz. Meryem<br \/>\nS\u00f6z\u00fc \u015eiir Olan Annem Hz. \u00c2mine<br \/>\nS\u00fctannelerin En \u00d6zeli Hz. Halime<br \/>\nEy G\u00fczel Emanet\u00e7i \u00dcmm\u00fc Eymen<br \/>\nA\u015fk\u0131n \u015eairi Hz. \u00c2i\u015fe<br \/>\nSab\u0131r \u0130ncisi Hz. Zeyneb<br \/>\nG\u00fclzar\u0131 Nebi Hz. F\u00e2t\u0131ma<br \/>\ndevam\u0131n\u0131 oku<\/p>","protected":false},"excerpt":{"rendered":"<p>Yay\u0131n Tarihi:\t07.11.2019<br \/>\nISBN:\t9786051513157<br \/>\nDil:\tT\u00dcRK\u00c7E<br \/>\nSayfa Say\u0131s\u0131:\t176<br \/>\nCilt Tipi:\tKarton Kapak<br \/>\nKa\u011f\u0131t Cinsi:\tKitap Ka\u011f\u0131d\u0131<br \/>\nBoyut:\t13.5 x 21 cm<\/p>","protected":false},"featured_media":14530,"template":"","meta":{"spay_email":""},"product_cat":[168],"product_tag":[],"item":[443],"acf":[],"_links":{"self":[{"href":"https:\/\/mgvpublications.com\/de\/wp-json\/wp\/v2\/product\/13741"}],"collection":[{"href":"https:\/\/mgvpublications.com\/de\/wp-json\/wp\/v2\/product"}],"about":[{"href":"https:\/\/mgvpublications.com\/de\/wp-json\/wp\/v2\/types\/product"}],"wp:featuredmedia":[{"embeddable":true,"href":"https:\/\/mgvpublications.com\/de\/wp-json\/wp\/v2\/media\/14530"}],"wp:attachment":[{"href":"https:\/\/mgvpublications.com\/de\/wp-json\/wp\/v2\/media?parent=13741"}],"wp:term":[{"taxonomy":"product_cat","embeddable":true,"href":"https:\/\/mgvpublications.com\/de\/wp-json\/wp\/v2\/product_cat?post=13741"},{"taxonomy":"product_tag","embeddable":true,"href":"https:\/\/mgvpublications.com\/de\/wp-json\/wp\/v2\/product_tag?post=13741"},{"taxonomy":"item","embeddable":true,"href":"https:\/\/mgvpublications.com\/de\/wp-json\/wp\/v2\/item?post=13741"}],"curies":[{"name":"wp","href":"https:\/\/api.w.org\/{rel}","templated":true}]}}