{"id":13732,"date":"2020-12-11T15:08:47","date_gmt":"2020-12-11T14:08:47","guid":{"rendered":"https:\/\/dev2.mgvpublications.com\/produkt\/rabbim-beni-doktorlardan-koru-2\/"},"modified":"2022-03-08T22:39:36","modified_gmt":"2022-03-08T21:39:36","slug":"rabbim-beni-doktorlardan-koru-2","status":"publish","type":"product","link":"https:\/\/mgvpublications.com\/de\/rabbim-beni-doktorlardan-koru-2\/","title":{"rendered":"Rabbim Beni Doktorlardan Koru"},"content":{"rendered":"<p>Yay\u0131n Tarihi:\t26.04.2019<br \/>\nISBN:\t9789752429567<br \/>\nDil:\tT\u00dcRK\u00c7E<br \/>\nSayfa Say\u0131s\u0131:\t256<br \/>\nCilt Tipi:\tKarton Kapak<br \/>\nKa\u011f\u0131t Cinsi:\tKitap Ka\u011f\u0131d\u0131<br \/>\nBoyut:\t13.5 x 21 cm<\/p>","protected":false},"excerpt":{"rendered":"<p>Ma\u015fallah ameliyathanelerimiz har\u0131l har\u0131l \u00e7al\u0131\u015f\u0131yor, biz cerrahlar kan g\u00f6rmezsek \u00e7\u0131ld\u0131r\u0131yoruz! Yirmi d\u00f6rt saat seri ameliyatlar yapmak, performans\u0131m\u0131z\u0131-puan\u0131m\u0131z\u0131 artt\u0131rmak, f\u0131rsat bulduk\u00e7a da b\u0131\u00e7a\u011f\u0131m\u0131z\u0131, bisturimizi daha da keskinle\u015ftirmek i\u00e7in bileylemekle me\u015fgul\u00fcz&#8230;<\/p>\n<p>Polikliniklerdeki hekimlerimiz, muayene ettiklerini de\u011fil, bakt\u0131klar\u0131 insan say\u0131s\u0131n\u0131 artt\u0131rmak \u00e7abas\u0131nda&#8230; Ha babam de babam, puanlar\u0131m\u0131z y\u00fckselsin gayretinde&#8230;<\/p>\n<p>L\u00fczumlu-l\u00fczumsuz tahlil, diyagnostik talep, giri\u015fim, \u00f6n\u00fc-arkas\u0131, gerekli-gereksiz ila\u00e7larla dolu re\u00e7eteler ile ha\u015f\u0131r-ne\u015firiz!<\/p>\n<p>Her boynu a\u011fr\u0131yana boyun f\u0131t\u0131\u011f\u0131 te\u015fhisi, her boyun f\u0131t\u0131\u011f\u0131na Allah ne verdiyse diskektomi, yapay disk, vida, plak, takabildi\u011fin kadar tak! Her beli a\u011fr\u0131yana bel f\u0131t\u0131\u011f\u0131 te\u015fhisi, her bel f\u0131t\u0131\u011f\u0131na ameliyat, rod, plif, yok vertebrektomi, yok asans\u00f6r protez&#8230;<br \/>\nDaha bilmem neler neler&#8230;<br \/>\nTak takabildi\u011fin kadar!!!<br \/>\nBir yanl\u0131\u015f var, ama nerede? Kitaplarda m\u0131?<br \/>\nVicdanlarda m\u0131? Hocalarda m\u0131? Kanunlarda m\u0131?<br \/>\nY\u00f6neticilerde mi? Anlayan beri gelsin\u2026<\/p>\n<p>\u201cRabbim Beni Doktorlardan Koru!\u201d hayat\u0131n\u0131 mesle\u011fine adam\u0131\u015f bir hekim olan Prof. Dr. \u0130smail Hakk\u0131 Ayd\u0131n&#8217;\u0131n, yar\u0131m asra yak\u0131n t\u0131p ser\u00fcveninin k\u0131sa bir \u00f6zeti asl\u0131nda. Hastas\u0131n\u0131n kalbini dinlemeyi unutup sayfa sayfa tetkik-tahlil yazan yeni t\u0131p anlay\u0131\u015f\u0131na bir serzeni\u015f; hastal\u0131\u011f\u0131 sermayeye d\u00f6n\u00fc\u015ft\u00fcren t\u0131p ekonomisine bir ele\u015ftiri; lisele\u015ftiren t\u0131p fak\u00fcltelerine kar\u015f\u0131 bir intizar var, bu kitapta.<br \/>\ndevam\u0131n\u0131 oku<\/p>","protected":false},"featured_media":14528,"template":"","meta":{"spay_email":""},"product_cat":[180],"product_tag":[],"item":[915],"acf":[],"_links":{"self":[{"href":"https:\/\/mgvpublications.com\/de\/wp-json\/wp\/v2\/product\/13732"}],"collection":[{"href":"https:\/\/mgvpublications.com\/de\/wp-json\/wp\/v2\/product"}],"about":[{"href":"https:\/\/mgvpublications.com\/de\/wp-json\/wp\/v2\/types\/product"}],"wp:featuredmedia":[{"embeddable":true,"href":"https:\/\/mgvpublications.com\/de\/wp-json\/wp\/v2\/media\/14528"}],"wp:attachment":[{"href":"https:\/\/mgvpublications.com\/de\/wp-json\/wp\/v2\/media?parent=13732"}],"wp:term":[{"taxonomy":"product_cat","embeddable":true,"href":"https:\/\/mgvpublications.com\/de\/wp-json\/wp\/v2\/product_cat?post=13732"},{"taxonomy":"product_tag","embeddable":true,"href":"https:\/\/mgvpublications.com\/de\/wp-json\/wp\/v2\/product_tag?post=13732"},{"taxonomy":"item","embeddable":true,"href":"https:\/\/mgvpublications.com\/de\/wp-json\/wp\/v2\/item?post=13732"}],"curies":[{"name":"wp","href":"https:\/\/api.w.org\/{rel}","templated":true}]}}