{"id":13714,"date":"2020-12-11T14:33:52","date_gmt":"2020-12-11T13:33:52","guid":{"rendered":"https:\/\/dev2.mgvpublications.com\/produkt\/kimsenin-bilemeyecegi-seyler\/"},"modified":"2022-03-08T22:39:35","modified_gmt":"2022-03-08T21:39:35","slug":"kimsenin-bilemeyecegi-seyler","status":"publish","type":"product","link":"https:\/\/mgvpublications.com\/de\/kimsenin-bilemeyecegi-seyler\/","title":{"rendered":"Kimsenin Bilemeyece\u011fi \u015eeyler"},"content":{"rendered":"<p>Yay\u0131n Tarihi:\t01.11.2018<br \/>\nISBN:\t9786058509191<br \/>\nDil:\tT\u00dcRK\u00c7E<br \/>\nSayfa Say\u0131s\u0131:\t296<br \/>\nCilt Tipi:\tKarton Kapak<br \/>\nKa\u011f\u0131t Cinsi:\tKitap Ka\u011f\u0131d\u0131<br \/>\nBoyut:\t14.5 x 23 cm<\/p>","protected":false},"excerpt":{"rendered":"<p>R\u00f6nesans\u2019taki gibi bir Leonardo bekleyemeyiz art\u0131k. \u00c7\u00fcnk\u00fc bilgi havzas\u0131 b\u00fcy\u00fcd\u00fck\u00e7e h\u00e2kim olmak i\u00e7in onu b\u00f6ld\u00fck, dallara ay\u0131rd\u0131k. Mecburduk. Ama bu kez de k\u00f6r\u00fcn fili tarifi d\u00fczeyinde bakar olduk \u201chakikat\u201de. \u015eimdi disiplinler aras\u0131, hatta disiplinler \u00fcst\u00fc bir kavray\u0131\u015fa ihtiyac\u0131m\u0131z var. Sinan Canan\u2019\u0131 bu y\u00fczden \u00e7ok \u00f6nemsiyorum: Kadim olanla modern olan\u0131, Do\u011fu\u2019yla Bat\u0131\u2019y\u0131, farkl\u0131 disiplinleri harmanlay\u0131p kavrad\u0131\u011f\u0131 i\u00e7in; \u201chakikat\u201di \u201cger\u00e7ek\u201din \u00fcst\u00fcne koydu\u011fu i\u00e7in.<br \/>\nCem Mumcu<br \/>\nPop\u00fcler bilimsel bir kitap, nadiren bu kadar g\u00fczel, edeb\u00ee ve masals\u0131 bir dille yaz\u0131l\u0131r. Kimsenin Bilemeyece\u011fi \u015eeyler, bu kadar yumu\u015fak bir dille yaz\u0131l\u0131p hem okuyan\u0131n kendisini d\u00f6n\u00fc\u015ft\u00fcrmesine hem beynin \u00e7al\u0131\u015fma bi\u00e7imini anlamas\u0131na hem de evrendeki ahengi \u00f6\u011frenmesine katk\u0131da bulunan nadir kitaplardan&#8230; San\u0131r\u0131m birden fazla okumak zorunda kalacaks\u0131n\u0131z. Kitap bitti\u011finde art\u0131k eski ben\u2019inizi ge\u00e7mi\u015fte b\u0131rak\u0131p h\u0131nz\u0131r bir g\u00fcl\u00fcmsemeyle \u00f6nceki inan\u00e7lar\u0131n\u0131z\u0131 an\u0131msayacaks\u0131n\u0131z. \u00c7\u00fcnk\u00fc de\u011fi\u015fti\u011finizi anlayacaks\u0131n\u0131z. Sahip oldu\u011funuz inan\u00e7lar konusunda de\u011fi\u015fime cesaretiniz varsa okumaya ba\u015flay\u0131n. Okuduktan sonra ayn\u0131 ki\u015fi olmayaca\u011f\u0131n\u0131z\u0131 garanti ederim.<br \/>\nDr. Sultan Tarlac\u0131<br \/>\nHarika bir kitap okumak istiyorsan\u0131z\u2026 \u0130\u015fte, okumaktas\u0131n\u0131z zaten!<br \/>\nMurat Mente\u015f<br \/>\nSinan Canan, fazlas\u0131yla esprit\u00fcel bir bilim insan\u0131.<br \/>\n[n]Beyin adl\u0131 bilimsel \u201cstand-up\u201d g\u00f6sterilerinin y\u0131ld\u0131z\u0131.<br \/>\nZor sorulara hem komik hem de isabetli cevaplar veriyor:<br \/>\nKaos teorisi nedir?<br \/>\nTam olarak ka\u00e7 tane tabiat kanunu var?<br \/>\nEvrim hakk\u0131nda neden yan\u0131l\u0131yoruz?<br \/>\nBilin\u00e7 d\u0131\u015f\u0131 eylemlerim, bilin\u00e7li eylemlerimden katbekat fazlaysa acaba ben, kendim miyim?<br \/>\nLost\u2019ta veya Matrix\u2019te ya\u015f\u0131yor olabilir miyiz?<br \/>\nBirbirimizi neden tam olarak anlayam\u0131yoruz?<br \/>\nA\u015fk bize neler yap\u0131yor?<br \/>\nCinsellik neden s\u00fcrekli sat\u0131yor ve satacak?<br \/>\n\u201c\u0130nsan beyni; 1,4 kg a\u011f\u0131rl\u0131\u011f\u0131nda, su, ya\u011f, protein, \u015feker ve tuzdan olu\u015fan bir j\u00f6ledir.\u201d diyen yazar, bu j\u00f6leye korkusuzca bal\u0131klama dal\u0131yor!<br \/>\nVelhas\u0131l&#8230;<br \/>\nKimsenin Bilemeyece\u011fi \u015eeyler, bilmek isteyece\u011finiz \u015feylerle dolu bir kitap.<br \/>\ndevam\u0131n\u0131 oku<\/p>","protected":false},"featured_media":16158,"template":"","meta":{"spay_email":""},"product_cat":[168],"product_tag":[],"item":[900],"acf":[],"_links":{"self":[{"href":"https:\/\/mgvpublications.com\/de\/wp-json\/wp\/v2\/product\/13714"}],"collection":[{"href":"https:\/\/mgvpublications.com\/de\/wp-json\/wp\/v2\/product"}],"about":[{"href":"https:\/\/mgvpublications.com\/de\/wp-json\/wp\/v2\/types\/product"}],"wp:featuredmedia":[{"embeddable":true,"href":"https:\/\/mgvpublications.com\/de\/wp-json\/wp\/v2\/media\/16158"}],"wp:attachment":[{"href":"https:\/\/mgvpublications.com\/de\/wp-json\/wp\/v2\/media?parent=13714"}],"wp:term":[{"taxonomy":"product_cat","embeddable":true,"href":"https:\/\/mgvpublications.com\/de\/wp-json\/wp\/v2\/product_cat?post=13714"},{"taxonomy":"product_tag","embeddable":true,"href":"https:\/\/mgvpublications.com\/de\/wp-json\/wp\/v2\/product_tag?post=13714"},{"taxonomy":"item","embeddable":true,"href":"https:\/\/mgvpublications.com\/de\/wp-json\/wp\/v2\/item?post=13714"}],"curies":[{"name":"wp","href":"https:\/\/api.w.org\/{rel}","templated":true}]}}