{"id":13684,"date":"2020-12-07T13:05:25","date_gmt":"2020-12-07T12:05:25","guid":{"rendered":"https:\/\/dev2.mgvpublications.com\/produkt\/suyu-arayan-adam\/"},"modified":"2022-03-08T22:39:35","modified_gmt":"2022-03-08T21:39:35","slug":"suyu-arayan-adam","status":"publish","type":"product","link":"https:\/\/mgvpublications.com\/de\/suyu-arayan-adam\/","title":{"rendered":"Suyu Arayan Adam"},"content":{"rendered":"<p>Yay\u0131n Tarihi: 13.01.2020<br \/>ISBN: 9789751403810<br \/>Dil: T\u00dcRK\u00c7E<br \/>Sayfa Say\u0131s\u0131: 408<br \/>Cilt Tipi: Karton Kapak<br \/>Ka\u011f\u0131t Cinsi: 3. Hm. Ka\u011f\u0131t<br \/>Boyut: 13.5 x 20 cm<\/p>","protected":false},"excerpt":{"rendered":"<p>Bu kitap, ilkokul \u00f6\u011fretmeni olarak yeti\u015fmek \u00fczereyken, Birinci D\u00fcnya Harbinde sava\u015fa kat\u0131lan ve sonra B\u00fcy\u00fck Turan&#8217;\u0131 kurmak yolunda Kafkas, Hazer \u00fclkelerine ko\u015fan bir T\u00fcrk gencinin hikayesidir.<\/p>","protected":false},"featured_media":20826,"template":"","meta":{"spay_email":""},"product_cat":[168],"product_tag":[],"item":[437],"acf":[],"_links":{"self":[{"href":"https:\/\/mgvpublications.com\/de\/wp-json\/wp\/v2\/product\/13684"}],"collection":[{"href":"https:\/\/mgvpublications.com\/de\/wp-json\/wp\/v2\/product"}],"about":[{"href":"https:\/\/mgvpublications.com\/de\/wp-json\/wp\/v2\/types\/product"}],"wp:featuredmedia":[{"embeddable":true,"href":"https:\/\/mgvpublications.com\/de\/wp-json\/wp\/v2\/media\/20826"}],"wp:attachment":[{"href":"https:\/\/mgvpublications.com\/de\/wp-json\/wp\/v2\/media?parent=13684"}],"wp:term":[{"taxonomy":"product_cat","embeddable":true,"href":"https:\/\/mgvpublications.com\/de\/wp-json\/wp\/v2\/product_cat?post=13684"},{"taxonomy":"product_tag","embeddable":true,"href":"https:\/\/mgvpublications.com\/de\/wp-json\/wp\/v2\/product_tag?post=13684"},{"taxonomy":"item","embeddable":true,"href":"https:\/\/mgvpublications.com\/de\/wp-json\/wp\/v2\/item?post=13684"}],"curies":[{"name":"wp","href":"https:\/\/api.w.org\/{rel}","templated":true}]}}