{"id":13678,"date":"2020-12-07T12:50:56","date_gmt":"2020-12-07T11:50:56","guid":{"rendered":"https:\/\/dev2.mgvpublications.com\/produkt\/manevi-egitimin-yolu-ve-edepleri\/"},"modified":"2022-09-14T11:42:30","modified_gmt":"2022-09-14T09:42:30","slug":"manevi-egitimin-yolu-ve-edepleri","status":"publish","type":"product","link":"https:\/\/mgvpublications.com\/de\/manevi-egitimin-yolu-ve-edepleri\/","title":{"rendered":"Manevi E\u011fitimin Yolu ve Edepleri"},"content":{"rendered":"<p>\u00c7evirmen:\tOsman Yolcuo\u011flu<br \/>\nYay\u0131n Tarihi:\t30.11.2020<br \/>\nISBN:\t9786054810543<br \/>\nDil:\tT\u00dcRK\u00c7E<br \/>\nSayfa Say\u0131s\u0131:\t208<br \/>\nCilt Tipi:\tKarton Kapak<br \/>\nKa\u011f\u0131t Cinsi:\tKitap Ka\u011f\u0131d\u0131<br \/>\nBoyut:\t13.5 x 21 cm<\/p>","protected":false},"excerpt":{"rendered":"<p>Manevi e\u011fitime girmek isteyen m\u00fcridi bekleyen imtihanlar nelerdir?<br \/>\n\u015eeytan ve nefis tasavvuf yolundaki bir m\u00fcridi kand\u0131rmak i\u00e7in hangi hilelere ba\u015fvurur?<br \/>\nKul, Rabbine kar\u015f\u0131 samimi olursa onu bekleyen m\u00fckafatlar nelerdir?<br \/>\nAzimetle amel etmeyi ve ruhsatlar\u0131 terketmeyi gerektiren kutlu tasavvuf yolunun esaslar\u0131 ve edepleri hakk\u0131nda bir ba\u015fucu kitap olan elinizdeki eser, G\u00f6n\u00fcller Sultan\u0131 Abdulkadir Geylani Hazretleri&#8217;nin deruni \u00fcslubunu, mana y\u00fckl\u00fc nasihatlerini g\u00fcn\u00fcm\u00fcze ta\u015f\u0131mas\u0131 a\u00e7\u0131s\u0131ndan ayr\u0131 bir k\u0131ymete sahip&#8230;<\/p>\n<p>devam\u0131n\u0131 oku<\/p>","protected":false},"featured_media":16143,"template":"","meta":{"spay_email":""},"product_cat":[174],"product_tag":[],"item":[720],"acf":[],"_links":{"self":[{"href":"https:\/\/mgvpublications.com\/de\/wp-json\/wp\/v2\/product\/13678"}],"collection":[{"href":"https:\/\/mgvpublications.com\/de\/wp-json\/wp\/v2\/product"}],"about":[{"href":"https:\/\/mgvpublications.com\/de\/wp-json\/wp\/v2\/types\/product"}],"wp:featuredmedia":[{"embeddable":true,"href":"https:\/\/mgvpublications.com\/de\/wp-json\/wp\/v2\/media\/16143"}],"wp:attachment":[{"href":"https:\/\/mgvpublications.com\/de\/wp-json\/wp\/v2\/media?parent=13678"}],"wp:term":[{"taxonomy":"product_cat","embeddable":true,"href":"https:\/\/mgvpublications.com\/de\/wp-json\/wp\/v2\/product_cat?post=13678"},{"taxonomy":"product_tag","embeddable":true,"href":"https:\/\/mgvpublications.com\/de\/wp-json\/wp\/v2\/product_tag?post=13678"},{"taxonomy":"item","embeddable":true,"href":"https:\/\/mgvpublications.com\/de\/wp-json\/wp\/v2\/item?post=13678"}],"curies":[{"name":"wp","href":"https:\/\/api.w.org\/{rel}","templated":true}]}}