{"id":13660,"date":"2020-12-05T20:01:57","date_gmt":"2020-12-05T19:01:57","guid":{"rendered":"https:\/\/dev2.mgvpublications.com\/produkt\/suffa-meclisleri-kuran-dersleri\/"},"modified":"2022-04-19T18:32:00","modified_gmt":"2022-04-19T16:32:00","slug":"suffa-meclisleri-kuran-dersleri","status":"publish","type":"product","link":"https:\/\/mgvpublications.com\/de\/suffa-meclisleri-kuran-dersleri\/","title":{"rendered":"Suffa Meclisleri Kur\u2019an Dersleri"},"content":{"rendered":"<p>Yay\u0131n Tarihi: 24.10.2015<br \/>ISBN: 9786054620999<br \/>Dil: T\u00dcRK\u00c7E<br \/>Sayfa Say\u0131s\u0131: 304<br \/>Cilt Tipi: Karton Kapak<br \/>Ka\u011f\u0131t Cinsi: Kitap Ka\u011f\u0131d\u0131<br \/>Boyut: 17 x 24 cm<\/p>","protected":false},"excerpt":{"rendered":"<p>Suffa Meclisleri\u2019nin d\u00f6rd\u00fcnc\u00fc y\u0131l\u0131nda konu, Aziz Kitab\u0131m\u0131z olan Kur\u2019\u00e2n-\u0131 Ker\u00eem\u2019di. 32 ders boyunca Kur\u2019\u00e2n-\u0131 Ker\u00eem\u2019i farkl\u0131 y\u00f6nleriyle tan\u0131maya, onunla derin ve daha samimi bir \u015fekilde tan\u0131\u015fmaya, elbette meseleyi sadece bilgi boyu-tunda b\u0131rakmadan o hakikatleri hayat\u0131m\u0131za ta\u015f\u0131maya \u00e7al\u0131\u015faca\u011f\u0131z. Haz\u0131rlad\u0131\u011f\u0131m\u0131z bu m\u00fcfredat\u0131n\/kitab\u0131n, her dersi 13 b\u00f6l\u00fcmden olu\u015fuyor. 1. Ana Metin: Kur\u2019\u00e2n-\u0131 Ker\u00eem\u2019in muhtevas\u0131, de\u011feri, ona iman edenlere y\u00fckledi\u011fi m\u00fckellefiyetleri, ink\u00e2r edenlerin kar\u015f\u0131la\u015facaklar\u0131 durumlar ve daha bir\u00e7ok konuya metin k\u0131sm\u0131nda temas edildi. Metinlerin b\u00fcy\u00fck bir k\u0131sm\u0131 2005 y\u0131l\u0131nda kaleme ald\u0131\u011f\u0131m\u0131z ve bug\u00fcnlerde yeniden g\u00f6zden ge-\u00e7irip g\u00fcncelledi\u011fimiz \u201c101 Cevapla Kur\u2019\u00e2n Nedir?\u201d ya da alt ba\u015fl\u0131\u011f\u0131 ile \u201cVahyi Hayata Ta\u015f\u0131mak\u201d adl\u0131 eserimizden al\u0131nd\u0131. 2. Kur\u2019\u00e2n \u0130klimi: Ana metne uygunluk arz eden ayetleri ihtiva etmektedir. Arap\u00e7alar\u0131 ile beraber verilen s\u00f6z konusu ayetler, gerek ezberlenerek ge-rekse \u00e7e\u015fitli tefsir kitaplar\u0131na m\u00fcracaat edilerek anla\u015f\u0131lmaya \u00e7al\u0131\u015f\u0131lmal\u0131 ve Kur\u2019\u00e2n\u2019\u0131n o dirilten iklimine girmeye gayret edilmelidir. 3. Nebev\u00ee Seda: Hz. Peygamber\u2019in (sas) Kur\u2019\u00e2n\u2019\u0131n de\u011fer ve k\u0131ymetine, onun muhataplar\u0131na y\u00fckledi\u011fi g\u00f6rev ve sorumluluklara dikkat \u00e7eken 32 tane hadisten olu\u015fmaktad\u0131r. Bu hadisler de Arap\u00e7a metinleri ile beraber verilmi\u015f, kaynaklar\u0131 belirtilmi\u015ftir. Elbette bu hadislerden de daha fazla istifade etmenin yolu, hadislerin ge\u00e7ti\u011fi \u015ferh kitaplar\u0131na m\u00fcracaat et-mektir. 4. \u00d6rnek \u015eahsiyetler: Kur\u2019\u00e2n-\u0131 Ker\u00eem\u2019in insanl\u0131\u011fa \u00f6rnek \u015fahsiyetler olarak tan\u0131tt\u0131\u011f\u0131, \u00e7o\u011fu peygamber olan 32 \u015fahsiyeti en temel \u00f6zellikleri ile anla-tan ayetlerden olu\u015fmaktad\u0131r. 5. \u0130bret \u015eahsiyetler: Bu ba\u015fl\u0131k alt\u0131nda da 32 tane ibret \u015fahsiyet, ayetler \u0131\u015f\u0131-\u011f\u0131nda tan\u0131t\u0131lmaktad\u0131r. Menf\u00ee \u00f6rnekler \u00fczerinden m\u00fcspet davran\u0131\u015flar\u0131n tespiti a\u00e7\u0131s\u0131ndan \u00f6nemli olan bu bahis, ba\u015fta Firavun, Nemrud, K\u00e2r\u00fbn, H\u00e2m\u00e2n, Bel\u2019am olmak \u00fczere 32 \u015fahsiyeti nazarlara vermektedir. 6. Kur\u2019\u00e2n Kavramlar\u0131: \u201cE\u015fya z\u0131tlar\u0131 ile bilinir\u201d ilkesi gere\u011fince 32 tane kav-ram z\u0131tlar\u0131 ile birlikte k\u0131sa, \u00f6z; ama mesaj ihtiva eden bir \u00f6zellikte anla-t\u0131lmaya \u00e7al\u0131\u015f\u0131lm\u0131\u015ft\u0131r. \u0130man-K\u00fcf\u00fcr, Tevhid-\u015eirk, Hak-Bat\u0131l, Hid\u00e2yet-Dal\u00e2-let, Adalet-Zul\u00fcm, Helal-Haram, Ma\u2019ruf-M\u00fcnker, Hay\u0131r-\u015eer, \u00c2lim-Cahil ve daha nice Kur\u2019\u00e2n\u00ee kavramlar bu ba\u015fl\u0131k alt\u0131nda i\u015flenmi\u015ftir. 7. Kur\u2019\u00e2n\u2019\u0131n En\u2019leri: Bu bahiste Kur\u2019\u00e2n-\u0131 Ker\u00eem\u2019in en temel \u00f6zellikleri k\u0131sa ve vurgulu bir \u015fekilde aktar\u0131lm\u0131\u015ft\u0131r. Mesela, Kur\u2019\u00e2n-\u0131 Ker\u00eem\u2019in en uzun ve k\u0131sa s\u00fbreleri\/ayetleri, en \u00e7ok ge\u00e7en kelime, en az ge\u00e7en kelime, en \u00e7ok ge\u00e7en c\u00fcmle, en \u00e7ok ge\u00e7en peygamber, en az ge\u00e7en peygamber gibi teknik say\u0131labi-lecek konulara yer verilmi\u015ftir. 8. Hz. Peygamber\u2019in (sas) D\u00fcnyas\u0131nda Kur\u2019\u00e2n: Kur\u2019\u00e2n\u2019\u0131n ilk muhatap\u0131 olan Efendimiz\u2019in (sas) d\u00fcnyas\u0131nda ilah\u00ee kelam\u0131n nas\u0131l yer edindi\u011fini anlaya-bilece\u011fimiz baz\u0131 \u00f6rnekler bu b\u00f6l\u00fcmde aktar\u0131lm\u0131\u015ft\u0131r. 9. Ahl\u00e2k\u0131 Kur\u2019\u00e2n: Bu bahiste ahlak\u0131n temeli olan Kur\u2019\u00e2n-\u0131 Ker\u00eem\u2019den, en \u00f6nemli 32 ahlak\u00ee ilkeye de\u011finen ayetler aktar\u0131lm\u0131\u015ft\u0131r. 10. Davas\u0131 Furk\u00e2n: Burada ise yine 32 ayet \u00fczerinden bir M\u00fcsl\u00fcman\u2019\u0131n ha-yat\u0131nda olmas\u0131 gereken m\u00fccadele, gayret ve sorumluluk nazarlara veril-mi\u015ftir. 11. N\u00fbr \u00c7e\u015fmesi: Asr\u0131m\u0131z\u0131n \u00f6nemli bir Kur\u2019\u00e2n tefsiri olan Risale-i Nur\u2019dan Kur\u2019\u00e2n ile alakal\u0131 32 c\u00fcmle bu bahiste payla\u015f\u0131lm\u0131\u015ft\u0131r. 12. Kur\u2019\u00e2n\u2019\u0131n \u015eahitleri: Son vahyin ilk muhataplar\u0131 olan sah\u00e2be neslinin \u00f6zellikle Kur\u2019\u00e2n anlay\u0131\u015flar\u0131n\u0131 \u00f6\u011frenebilece\u011fimiz \u00f6rnekler \u00fczerinden \u00e7ok m\u00fchim tablolar payla\u015f\u0131lm\u0131\u015ft\u0131r. 13. Kur\u2019\u00e2n\u2019\u0131n Sevdal\u0131lar\u0131: Kitab\u0131m\u0131z\u0131n son bahsi olan bu b\u00f6l\u00fcmde en hay\u0131rl\u0131 ikinci nesil olan Tabi\u00een neslinden ba\u015flayarak yolumuzu ayd\u0131nlatan b\u00fc-y\u00fcklerin d\u00fcnyas\u0131nda Kur\u2019\u00e2n\u2019\u0131n yerini anlayabilmek i\u00e7in \u00e7e\u015fitli \u00f6rnekler anlat\u0131lm\u0131\u015ft\u0131r.<\/p>","protected":false},"featured_media":23227,"template":"","meta":{"spay_email":""},"product_cat":[174],"product_tag":[],"item":[426],"acf":[],"_links":{"self":[{"href":"https:\/\/mgvpublications.com\/de\/wp-json\/wp\/v2\/product\/13660"}],"collection":[{"href":"https:\/\/mgvpublications.com\/de\/wp-json\/wp\/v2\/product"}],"about":[{"href":"https:\/\/mgvpublications.com\/de\/wp-json\/wp\/v2\/types\/product"}],"wp:featuredmedia":[{"embeddable":true,"href":"https:\/\/mgvpublications.com\/de\/wp-json\/wp\/v2\/media\/23227"}],"wp:attachment":[{"href":"https:\/\/mgvpublications.com\/de\/wp-json\/wp\/v2\/media?parent=13660"}],"wp:term":[{"taxonomy":"product_cat","embeddable":true,"href":"https:\/\/mgvpublications.com\/de\/wp-json\/wp\/v2\/product_cat?post=13660"},{"taxonomy":"product_tag","embeddable":true,"href":"https:\/\/mgvpublications.com\/de\/wp-json\/wp\/v2\/product_tag?post=13660"},{"taxonomy":"item","embeddable":true,"href":"https:\/\/mgvpublications.com\/de\/wp-json\/wp\/v2\/item?post=13660"}],"curies":[{"name":"wp","href":"https:\/\/api.w.org\/{rel}","templated":true}]}}