{"id":13652,"date":"2020-12-05T19:43:57","date_gmt":"2020-12-05T18:43:57","guid":{"rendered":"https:\/\/dev2.mgvpublications.com\/produkt\/gunahin-uc-rengi-madalyonun-oteki-yuzu\/"},"modified":"2022-03-08T22:39:32","modified_gmt":"2022-03-08T21:39:32","slug":"gunahin-uc-rengi-madalyonun-oteki-yuzu","status":"publish","type":"product","link":"https:\/\/mgvpublications.com\/de\/gunahin-uc-rengi-madalyonun-oteki-yuzu\/","title":{"rendered":"G\u00fcnah\u0131n \u00dc\u00e7 Rengi Madalyonun \u00d6teki Y\u00fcz\u00fc"},"content":{"rendered":"<p>Yay\u0131n Tarihi:\t15.01.2020<br \/>\nISBN:\t9789751412874<br \/>\nDil:\tT\u00dcRK\u00c7E<br \/>\nSayfa Say\u0131s\u0131:\t286<br \/>\nCilt Tipi:\tKarton Kapak<br \/>\nKa\u011f\u0131t Cinsi:\tKitap Ka\u011f\u0131d\u0131<br \/>\nBoyut:\t13.5 x 19.5 cm<\/p>","protected":false},"excerpt":{"rendered":"<p>Gen\u00e7 ve yak\u0131\u015f\u0131kl\u0131 bir gencin mazo\u015fizmin ac\u0131s\u0131yla renklenmi\u015f d\u00fcnyas\u0131&#8230; Bu ac\u0131dan al\u0131nan haz, \u00f6l\u00fcme yakla\u015ft\u0131k\u00e7a hissedilen doyum&#8230;<\/p>\n<p>Ya\u015fl\u0131, g\u00f6bekli bir holding patronunun cinsel tercihi nedeniyle varo\u015flar\u0131n kasketli orta ya\u015fl\u0131 erkeklerinde arad\u0131\u011f\u0131 yak\u0131nl\u0131k&#8230;<\/p>\n<p>\u00dc\u00e7 ku\u015fak boyunca s\u00fcr\u00fcp gelen fahi\u015feli\u011fin kad\u0131n\u0131n ruhunu parampar\u00e7a edi\u015fi&#8230;<\/p>\n<p>Dr. G\u00fclseren Buday\u0131c\u0131o\u011flu bu kitapta insan denen muhte\u015fem ve bir o kadar da karma\u015f\u0131k varl\u0131\u011fa ait sahici ya\u015fam hik\u00e2yeleri sunuyor.<\/p>\n<p>Bazen deh\u015fete kap\u0131lacak, \u00e7o\u011fu zaman da h\u00fcz\u00fcnleneceksiniz&#8230;<br \/>\ndevam\u0131n\u0131 oku<\/p>","protected":false},"featured_media":16130,"template":"","meta":{"spay_email":""},"product_cat":[175],"product_tag":[],"item":[437],"acf":[],"_links":{"self":[{"href":"https:\/\/mgvpublications.com\/de\/wp-json\/wp\/v2\/product\/13652"}],"collection":[{"href":"https:\/\/mgvpublications.com\/de\/wp-json\/wp\/v2\/product"}],"about":[{"href":"https:\/\/mgvpublications.com\/de\/wp-json\/wp\/v2\/types\/product"}],"wp:featuredmedia":[{"embeddable":true,"href":"https:\/\/mgvpublications.com\/de\/wp-json\/wp\/v2\/media\/16130"}],"wp:attachment":[{"href":"https:\/\/mgvpublications.com\/de\/wp-json\/wp\/v2\/media?parent=13652"}],"wp:term":[{"taxonomy":"product_cat","embeddable":true,"href":"https:\/\/mgvpublications.com\/de\/wp-json\/wp\/v2\/product_cat?post=13652"},{"taxonomy":"product_tag","embeddable":true,"href":"https:\/\/mgvpublications.com\/de\/wp-json\/wp\/v2\/product_tag?post=13652"},{"taxonomy":"item","embeddable":true,"href":"https:\/\/mgvpublications.com\/de\/wp-json\/wp\/v2\/item?post=13652"}],"curies":[{"name":"wp","href":"https:\/\/api.w.org\/{rel}","templated":true}]}}