{"id":13644,"date":"2020-12-05T19:29:50","date_gmt":"2020-12-05T18:29:50","guid":{"rendered":"https:\/\/dev2.mgvpublications.com\/produkt\/yapraklarin-gucu-adina-otoburlar\/"},"modified":"2022-03-08T22:39:32","modified_gmt":"2022-03-08T21:39:32","slug":"yapraklarin-gucu-adina-otoburlar","status":"publish","type":"product","link":"https:\/\/mgvpublications.com\/de\/yapraklarin-gucu-adina-otoburlar\/","title":{"rendered":"Yapraklar\u0131n G\u00fcc\u00fc Ad\u0131na \/ Otoburlar"},"content":{"rendered":"<p>Yay\u0131n Tarihi:\t31.01.2020<br \/>\nISBN:\t9786057659064<br \/>\nDil:\tT\u00dcRK\u00c7E<br \/>\nSayfa Say\u0131s\u0131:\t24<br \/>\nCilt Tipi:\tKarton Kapak<br \/>\nKa\u011f\u0131t Cinsi:\tKitap Ka\u011f\u0131d\u0131<\/p>","protected":false},"excerpt":{"rendered":"<p>\u201cAyro g\u00fc\u00e7l\u00fc bir ma\u011fara k\u0131z\u0131d\u0131r ama bilek g\u00fcre\u015finde babas\u0131na s\u00fcrekli yenilmektedir.<br \/>\nG\u00f6l kenar\u0131nda oturarak daha g\u00fc\u00e7l\u00fc olman\u0131n yollar\u0131n\u0131 d\u00fc\u015f\u00fcnd\u00fc\u011f\u00fc bir s\u0131rada ot\u00e7ul dinozor<br \/>\narkada\u015flar\u0131yla kar\u015f\u0131la\u015f\u0131r. Ve onlar gibi sadece ot yerse en az onlar kadar g\u00fc\u00e7l\u00fc olabilece\u011fini d\u00fc\u015f\u00fcnmeye ba\u015flar. O andan sonra sadece yapraklarla beslenmeye ba\u015flayan Ayro i\u00e7in i\u015fler tahmin etti\u011fi kadar iyi gitmeyecektir.\u201d<\/p>","protected":false},"featured_media":16125,"template":"","meta":{"spay_email":""},"product_cat":[172],"product_tag":[],"item":[1366],"acf":[],"_links":{"self":[{"href":"https:\/\/mgvpublications.com\/de\/wp-json\/wp\/v2\/product\/13644"}],"collection":[{"href":"https:\/\/mgvpublications.com\/de\/wp-json\/wp\/v2\/product"}],"about":[{"href":"https:\/\/mgvpublications.com\/de\/wp-json\/wp\/v2\/types\/product"}],"wp:featuredmedia":[{"embeddable":true,"href":"https:\/\/mgvpublications.com\/de\/wp-json\/wp\/v2\/media\/16125"}],"wp:attachment":[{"href":"https:\/\/mgvpublications.com\/de\/wp-json\/wp\/v2\/media?parent=13644"}],"wp:term":[{"taxonomy":"product_cat","embeddable":true,"href":"https:\/\/mgvpublications.com\/de\/wp-json\/wp\/v2\/product_cat?post=13644"},{"taxonomy":"product_tag","embeddable":true,"href":"https:\/\/mgvpublications.com\/de\/wp-json\/wp\/v2\/product_tag?post=13644"},{"taxonomy":"item","embeddable":true,"href":"https:\/\/mgvpublications.com\/de\/wp-json\/wp\/v2\/item?post=13644"}],"curies":[{"name":"wp","href":"https:\/\/api.w.org\/{rel}","templated":true}]}}