{"id":13630,"date":"2020-12-04T15:31:03","date_gmt":"2020-12-04T14:31:03","guid":{"rendered":"https:\/\/dev2.mgvpublications.com\/produkt\/ana-hatlariyla-islam-tarihi-2\/"},"modified":"2022-04-07T15:25:05","modified_gmt":"2022-04-07T13:25:05","slug":"ana-hatlariyla-islam-tarihi-2","status":"publish","type":"product","link":"https:\/\/mgvpublications.com\/de\/ana-hatlariyla-islam-tarihi-2\/","title":{"rendered":"Ana Hatlar\u0131yla \u0130slam Tarihi 2"},"content":{"rendered":"<p>Yay\u0131n Tarihi:\t22.10.2020<br \/>\nISBN:\t9786059223164<br \/>\nDil:\tT\u00dcRK\u00c7E<br \/>\nSayfa Say\u0131s\u0131:\t400<br \/>\nCilt Tipi:\tKarton Kapak<br \/>\nKa\u011f\u0131t Cinsi:\tKitap Ka\u011f\u0131d\u0131<br \/>\nBoyut:\t13.5 x 19.5 cm<\/p>","protected":false},"excerpt":{"rendered":"<p>Unutulmamal\u0131d\u0131r ki, Hulefa-i Ra\u015fidin d\u00f6nemi Hz. Peygamber\u2019den (sav) sonraki \u0130sl\u00e2m tarihi s\u00fcrecinin en \u00f6nemli k\u0131sm\u0131na tekabul etmektedir. Gerek ilk M\u00fcsl\u00fcmanlar\u2019\u0131n siyas\u00ee, sosyal ve din\u00ee faaliyetleri, gerekse \u0130sl\u00e2m dininin pek \u00e7ok k\u0131tada yay\u0131l\u0131\u015f tarihinin iyi ve do\u011fru anla\u015f\u0131labilmesi, bu zaman diliminin sa\u011fl\u0131kl\u0131 bir \u015fekilde anla\u015f\u0131lmas\u0131yla do\u011frudan ilgilidir. Kanaatimizce b\u00fct\u00fcn bir \u0130sl\u00e2m tarihi s\u00fcrecinde oldu\u011fu gibi, ilk d\u00f6nem hadiselerinin de ayn\u0131 \u015fekilde hi\u00e7 bir \u00f6n yarg\u0131 ta\u015f\u0131madan, samimi gayretle a\u00e7\u0131klanmaya ihtiyac\u0131 vard\u0131r.<\/p>","protected":false},"featured_media":16122,"template":"","meta":{"spay_email":""},"product_cat":[174],"product_tag":[],"item":[925],"acf":[],"_links":{"self":[{"href":"https:\/\/mgvpublications.com\/de\/wp-json\/wp\/v2\/product\/13630"}],"collection":[{"href":"https:\/\/mgvpublications.com\/de\/wp-json\/wp\/v2\/product"}],"about":[{"href":"https:\/\/mgvpublications.com\/de\/wp-json\/wp\/v2\/types\/product"}],"wp:featuredmedia":[{"embeddable":true,"href":"https:\/\/mgvpublications.com\/de\/wp-json\/wp\/v2\/media\/16122"}],"wp:attachment":[{"href":"https:\/\/mgvpublications.com\/de\/wp-json\/wp\/v2\/media?parent=13630"}],"wp:term":[{"taxonomy":"product_cat","embeddable":true,"href":"https:\/\/mgvpublications.com\/de\/wp-json\/wp\/v2\/product_cat?post=13630"},{"taxonomy":"product_tag","embeddable":true,"href":"https:\/\/mgvpublications.com\/de\/wp-json\/wp\/v2\/product_tag?post=13630"},{"taxonomy":"item","embeddable":true,"href":"https:\/\/mgvpublications.com\/de\/wp-json\/wp\/v2\/item?post=13630"}],"curies":[{"name":"wp","href":"https:\/\/api.w.org\/{rel}","templated":true}]}}