{"id":13626,"date":"2020-12-04T15:26:26","date_gmt":"2020-12-04T14:26:26","guid":{"rendered":"https:\/\/dev2.mgvpublications.com\/produkt\/nefis-tezkiyesi\/"},"modified":"2022-03-08T22:39:32","modified_gmt":"2022-03-08T21:39:32","slug":"nefis-tezkiyesi","status":"publish","type":"product","link":"https:\/\/mgvpublications.com\/de\/nefis-tezkiyesi\/","title":{"rendered":"Nefis Tezkiyesi"},"content":{"rendered":"<p>Yay\u0131n Tarihi: 31.05.2017<br \/>ISBN: 9786056740794<br \/>Dil: T\u00dcRK\u00c7E<br \/>Sayfa Say\u0131s\u0131: 160<br \/>Cilt Tipi: Karton Kapak<br \/>Ka\u011f\u0131t Cinsi: Kitap Ka\u011f\u0131d\u0131<br \/>Boyut: 13.5 x 21 cm<\/p>","protected":false},"excerpt":{"rendered":"<p>Ey cemaat! Kibirlenmeyi terk edin. Seviyenizi ve mertebenizi biliniz. M\u00fctevaz\u0131 olunuz. Ba\u015flang\u0131c\u0131n\u0131z bir damla su, sonunuz, at\u0131lm\u0131\u015f bir le\u015ftir. Tama\u2019\u0131na g\u00f6re hareket eden, istek ve hevesine uyarak, ezelde kendisi i\u00e7in takdir ve taksim edilmemi\u015f \u015feylerin pe\u015finde ko\u015fan veya ezelde takdir edilen \u015feyleri de, mal ve m\u00fclk sahiplerinden zillet ile isteyenlerden olma. Sen zanneder misin ki, d\u00fcnyal\u0131klara sahip olanlar, ezelde sana takdir edilmemi\u015f bir \u015feyi verebilsinler. \u015eayet b\u00f6yle bir zanna sahip isen, bu senin kalbine oturmu\u015f olan \u015feytan\u0131n vesvesesinden ba\u015fka bir \u015fey de\u011fildir. Sen bu h\u00e2lin ile Allah\u2019\u0131n kulu de\u011fil, nefsinin, arzu ve isteklerinin, \u015feytan\u0131n ve paran\u0131n k\u00f6lesi ve kulu olmu\u015fsun. Onun i\u00e7in, bu hallerden kurtuluncaya kadar \u00e7al\u0131\u015f.<\/p>","protected":false},"featured_media":19634,"template":"","meta":{"spay_email":""},"product_cat":[174],"product_tag":[],"item":[1429],"acf":[],"_links":{"self":[{"href":"https:\/\/mgvpublications.com\/de\/wp-json\/wp\/v2\/product\/13626"}],"collection":[{"href":"https:\/\/mgvpublications.com\/de\/wp-json\/wp\/v2\/product"}],"about":[{"href":"https:\/\/mgvpublications.com\/de\/wp-json\/wp\/v2\/types\/product"}],"wp:featuredmedia":[{"embeddable":true,"href":"https:\/\/mgvpublications.com\/de\/wp-json\/wp\/v2\/media\/19634"}],"wp:attachment":[{"href":"https:\/\/mgvpublications.com\/de\/wp-json\/wp\/v2\/media?parent=13626"}],"wp:term":[{"taxonomy":"product_cat","embeddable":true,"href":"https:\/\/mgvpublications.com\/de\/wp-json\/wp\/v2\/product_cat?post=13626"},{"taxonomy":"product_tag","embeddable":true,"href":"https:\/\/mgvpublications.com\/de\/wp-json\/wp\/v2\/product_tag?post=13626"},{"taxonomy":"item","embeddable":true,"href":"https:\/\/mgvpublications.com\/de\/wp-json\/wp\/v2\/item?post=13626"}],"curies":[{"name":"wp","href":"https:\/\/api.w.org\/{rel}","templated":true}]}}