{"id":13620,"date":"2020-12-04T15:16:04","date_gmt":"2020-12-04T14:16:04","guid":{"rendered":"https:\/\/dev2.mgvpublications.com\/produkt\/muhammed-ikbal\/"},"modified":"2022-03-08T22:39:31","modified_gmt":"2022-03-08T21:39:31","slug":"muhammed-ikbal","status":"publish","type":"product","link":"https:\/\/mgvpublications.com\/de\/muhammed-ikbal\/","title":{"rendered":"Muhammed \u0130kbal"},"content":{"rendered":"<p>Yay\u0131n Tarihi:\t18.01.2007<br \/>\nISBN:\t9789754376111<br \/>\nDil:\tT\u00dcRK\u00c7E<br \/>\nSayfa Say\u0131s\u0131:\t247<br \/>\nCilt Tipi:\tKarton Kapak<br \/>\nKa\u011f\u0131t Cinsi:\tKitap Ka\u011f\u0131d\u0131<br \/>\nBoyut:\t12 x 19.5 cm<\/p>","protected":false},"excerpt":{"rendered":"<p>\u0130kbal ve Schimmel tasavvufta bulunduklar\u0131 mevki itibariyle birbirlerine \u00e7ok benzerler. \u00c7\u00fcnk\u00fc ikisinin de ruh e\u011fitimcisi tasavvufun kutup y\u0131ld\u0131z\u0131 Mevl\u00e2n\u00e2 Cel\u00e2leddin R\u00fbmi\u2019dir. \u0130kisi de hi\u00e7bir zaman onun y\u00f6r\u00fcngesinden \u00e7\u0131kmam\u0131\u015flard\u0131r. Bunun haricinde ikisinin de Do\u011fuda ve Bat\u0131da beslendikleri \u015fiir, mistisizm, metafizik, sanat ve tefekk\u00fcr kaynaklar\u0131, k\u00fc\u00e7\u00fck n\u00fcanslar bir tarafa b\u0131rak\u0131l\u0131rsa, neredeyse ayn\u0131d\u0131r. S\u00f6zgelimi Muhammed \u0130kbal\u2019in hayran oldu\u011fu, Faust\u2019unu &#8220;ferd\u00eele\u015fmi\u015f insanl\u0131k&#8221; (individ\u00fcalisierte Menscheit) olarak kabul etti\u011fi Goethe, Divina Commedia\u2019n\u0131n \u015fairi Dante, Nietzsche, Bergson ve Massignon gibi bir\u00e7ok Bat\u0131l\u0131 deh\u00e2, Annemarie Schimmel\u2019in de \u015fahsiyetini haz\u0131rlayan b\u00fcy\u00fck d\u00fc\u015f\u00fcn\u00fcrlerdir.<\/p>\n<p>Allame \u0130kbal\u2019i \u00e2lim bir muhibb\u00eenin, Prof. Dr. Annemarie Schimmel\u2019\u0131n kaleminden okumak, ayn\u0131 zamanda iki poetik ruhun ipek kanatlar\u0131 \u00fczerinde bir haz \u00e2lemine kanatlanmak olsa gerektir.<br \/>\ndevam\u0131n\u0131 oku<\/p>","protected":false},"featured_media":16117,"template":"","meta":{"spay_email":""},"product_cat":[174,232],"product_tag":[],"item":[719],"acf":[],"_links":{"self":[{"href":"https:\/\/mgvpublications.com\/de\/wp-json\/wp\/v2\/product\/13620"}],"collection":[{"href":"https:\/\/mgvpublications.com\/de\/wp-json\/wp\/v2\/product"}],"about":[{"href":"https:\/\/mgvpublications.com\/de\/wp-json\/wp\/v2\/types\/product"}],"wp:featuredmedia":[{"embeddable":true,"href":"https:\/\/mgvpublications.com\/de\/wp-json\/wp\/v2\/media\/16117"}],"wp:attachment":[{"href":"https:\/\/mgvpublications.com\/de\/wp-json\/wp\/v2\/media?parent=13620"}],"wp:term":[{"taxonomy":"product_cat","embeddable":true,"href":"https:\/\/mgvpublications.com\/de\/wp-json\/wp\/v2\/product_cat?post=13620"},{"taxonomy":"product_tag","embeddable":true,"href":"https:\/\/mgvpublications.com\/de\/wp-json\/wp\/v2\/product_tag?post=13620"},{"taxonomy":"item","embeddable":true,"href":"https:\/\/mgvpublications.com\/de\/wp-json\/wp\/v2\/item?post=13620"}],"curies":[{"name":"wp","href":"https:\/\/api.w.org\/{rel}","templated":true}]}}