{"id":13613,"date":"2020-12-04T15:07:47","date_gmt":"2020-12-04T14:07:47","guid":{"rendered":"https:\/\/dev2.mgvpublications.com\/produkt\/tarih-toplum-ve-gelenek\/"},"modified":"2022-03-08T22:39:29","modified_gmt":"2022-03-08T21:39:29","slug":"tarih-toplum-ve-gelenek","status":"publish","type":"product","link":"https:\/\/mgvpublications.com\/de\/tarih-toplum-ve-gelenek\/","title":{"rendered":"Tarih Toplum ve Gelenek"},"content":{"rendered":"<p>Yay\u0131n Tarihi:\t26.12.2012<br \/>\nISBN:\t9786353299100<br \/>\nDil:\tT\u00dcRK\u00c7E<br \/>\nSayfa Say\u0131s\u0131:\t248<br \/>\nCilt Tipi:\tKarton Kapak<br \/>\nKa\u011f\u0131t Cinsi:\tKitap Ka\u011f\u0131d\u0131<br \/>\nBoyut:\t13.5 x 21 cm<\/p>","protected":false},"excerpt":{"rendered":"<p>Akt\u00fcel d\u00fcnyam\u0131z\u0131 b\u00fcy\u00fck \u00f6l\u00e7\u00fcde me\u015fgul eden \u00e7ok say\u0131da siyas\u00ee, sosyal ve iktisad\u00ee meselenin 19. y\u00fczy\u0131lda \u015fekillenen tarih ve toplum felsefelerinden beslendi\u011fi g\u00f6r\u00fcl\u00fcr.<\/p>\n<p>\u00c7ok say\u0131da M\u00fcsl\u00fcman m\u00fcellif ve \u00f6zellikle bilim adam\u0131 s\u00f6z konusu felsefelerden habersiz olarak ara\u015ft\u0131rmalar\u0131n\u0131 yaparlarken \u0130sl\u00e2m\u2019a ait olmayan bir k\u00fclt\u00fcr ve felsefenin kavramsal \u00e7er\u00e7evesini kullanmaktad\u0131rlar. Rahatl\u0131kla M\u00fcsl\u00fcman m\u00fcelliflerin de \u201ctoplumsal geli\u015fme\u201d kavram\u0131na ba\u011fl\u0131 kalarak \u201cilkel d\u00f6nemler\u201dden veya tarihin \u201cilerleme \u015femas\u0131\u201dndan bahsettiklerini g\u00f6rmek m\u00fcmk\u00fcn.<br \/>\nBu \u00e7al\u0131\u015fmada tarih, toplum, k\u00fclt\u00fcr, medeniyet ve gelenek gibi anahtar terimler ele al\u0131narak \u0130sl\u00e2m ve bat\u0131da geli\u015fen farkl\u0131 tarih ve toplum felsefeleri aras\u0131ndaki farka de\u011finildi.<\/p>\n<p>Sosyoloji, antropoloji ve medeniyet tarihi gibi disiplinlerin ilgi sahas\u0131na giren bu t\u00fcrden konular ilk defa ve bu ba\u011flamda ele\u015ftirel bir a\u00e7\u0131dan ele al\u0131nd\u0131.<br \/>\ndevam\u0131n\u0131 oku<\/p>","protected":false},"featured_media":16114,"template":"","meta":{"spay_email":""},"product_cat":[174],"product_tag":[],"item":[1321],"acf":[],"_links":{"self":[{"href":"https:\/\/mgvpublications.com\/de\/wp-json\/wp\/v2\/product\/13613"}],"collection":[{"href":"https:\/\/mgvpublications.com\/de\/wp-json\/wp\/v2\/product"}],"about":[{"href":"https:\/\/mgvpublications.com\/de\/wp-json\/wp\/v2\/types\/product"}],"wp:featuredmedia":[{"embeddable":true,"href":"https:\/\/mgvpublications.com\/de\/wp-json\/wp\/v2\/media\/16114"}],"wp:attachment":[{"href":"https:\/\/mgvpublications.com\/de\/wp-json\/wp\/v2\/media?parent=13613"}],"wp:term":[{"taxonomy":"product_cat","embeddable":true,"href":"https:\/\/mgvpublications.com\/de\/wp-json\/wp\/v2\/product_cat?post=13613"},{"taxonomy":"product_tag","embeddable":true,"href":"https:\/\/mgvpublications.com\/de\/wp-json\/wp\/v2\/product_tag?post=13613"},{"taxonomy":"item","embeddable":true,"href":"https:\/\/mgvpublications.com\/de\/wp-json\/wp\/v2\/item?post=13613"}],"curies":[{"name":"wp","href":"https:\/\/api.w.org\/{rel}","templated":true}]}}