{"id":13497,"date":"2020-12-02T15:47:18","date_gmt":"2020-12-02T14:47:18","guid":{"rendered":"https:\/\/dev2.mgvpublications.com\/produkt\/islamin-vadettikleri\/"},"modified":"2022-03-08T22:39:26","modified_gmt":"2022-03-08T21:39:26","slug":"islamin-vadettikleri","status":"publish","type":"product","link":"https:\/\/mgvpublications.com\/de\/islamin-vadettikleri\/","title":{"rendered":"\u0130slam&#8217;\u0131n Vadettikleri"},"content":{"rendered":"<p>\u00c7evirmen: Cemal Ayd\u0131n<br \/>Yay\u0131n Tarihi: 08.02.2021<br \/>ISBN: 9786050828658<br \/>Dil: T\u00dcRK\u00c7E<br \/>Sayfa Say\u0131s\u0131: 240<br \/>Cilt Tipi: Karton Kapak<br \/>Ka\u011f\u0131t Cinsi: Kitap Ka\u011f\u0131d\u0131<br \/>Boyut: 13.5 x 21 cm<\/p>","protected":false},"excerpt":{"rendered":"<p>Bat\u0131, y\u00fczy\u0131llar boyunca M\u00fcsl\u00fcmanlar\u0131 barbarl\u0131kla, \u0130sl\u00e2m d\u00fcnyas\u0131n\u0131 da gericilikle su\u00e7lad\u0131, su\u00e7luyor. Bat\u0131, \u0130sl\u00e2m \u00fclkelerine kar\u015f\u0131 Ha\u00e7l\u0131 ruhunu d\u00fcn oldu\u011fu kadar bug\u00fcn de bazen sinsice, bazen alenen devam ettiriyor. Bat\u0131, kendi insan\u0131n\u0131 gerek okul gerekse medya yoluyla \u0130sl\u00e2m d\u00fc\u015fman\u0131 olarak yeti\u015ftiriyor. Bat\u0131, M\u00fcsl\u00fcmanlara her t\u00fcrl\u00fc iftiray\u0131 atmaya, kara \u00e7almaya devam ediyor\u2026 Roger Garaudy \u0130sl\u00e2m\u2019\u0131n V\u00e2dettikleri\u2019nde, \u0130sl\u00e2m\u2019a ve M\u00fcsl\u00fcmanlara yap\u0131lan b\u00fct\u00fcn sald\u0131r\u0131lara tek tek cevap veriyor. M\u00fcsl\u00fcmanlar olmasayd\u0131, Bat\u0131&#8217;n\u0131n h\u00e2l\u00e2 Orta\u00e7a\u011f karal\u0131\u011f\u0131nda insanl\u0131k d\u0131\u015f\u0131 bir hayat s\u00fcrece\u011fini ve as\u0131l barbarlar\u0131n Bat\u0131l\u0131lar oldu\u011funu hayk\u0131r\u0131yor. Bat\u0131\u2019n\u0131n her bak\u0131mdan iflas etti\u011fini a\u00e7\u0131kl\u0131yor. \u0130sl\u00e2m medeniyetinin d\u00fcnyan\u0131n gelmi\u015f ge\u00e7mi\u015f en soylu ve en insanc\u0131l medeniyeti oldu\u011funu apa\u00e7\u0131k ispat ediyor. \u0130sl\u00e2m\u2019\u0131n ger\u00e7ek de\u011ferini ve y\u00fcceli\u011fini Bat\u0131l\u0131 ayd\u0131nlara reddedemeyecekleri bilgi ve belgelerle kabul ettiriyor. Bat\u0131\u2019n\u0131n ve insanl\u0131k \u00e2leminin ancak \u0130sl\u00e2m bilgeli\u011fi ve insan anlay\u0131\u015f\u0131yla bar\u0131\u015f ve huzura erece\u011fini b\u00fct\u00fcn ayd\u0131n zihinlere yerle\u015ftiriyor.<\/p>","protected":false},"featured_media":21420,"template":"","meta":{"spay_email":""},"product_cat":[174],"product_tag":[],"item":[360],"acf":[],"_links":{"self":[{"href":"https:\/\/mgvpublications.com\/de\/wp-json\/wp\/v2\/product\/13497"}],"collection":[{"href":"https:\/\/mgvpublications.com\/de\/wp-json\/wp\/v2\/product"}],"about":[{"href":"https:\/\/mgvpublications.com\/de\/wp-json\/wp\/v2\/types\/product"}],"wp:featuredmedia":[{"embeddable":true,"href":"https:\/\/mgvpublications.com\/de\/wp-json\/wp\/v2\/media\/21420"}],"wp:attachment":[{"href":"https:\/\/mgvpublications.com\/de\/wp-json\/wp\/v2\/media?parent=13497"}],"wp:term":[{"taxonomy":"product_cat","embeddable":true,"href":"https:\/\/mgvpublications.com\/de\/wp-json\/wp\/v2\/product_cat?post=13497"},{"taxonomy":"product_tag","embeddable":true,"href":"https:\/\/mgvpublications.com\/de\/wp-json\/wp\/v2\/product_tag?post=13497"},{"taxonomy":"item","embeddable":true,"href":"https:\/\/mgvpublications.com\/de\/wp-json\/wp\/v2\/item?post=13497"}],"curies":[{"name":"wp","href":"https:\/\/api.w.org\/{rel}","templated":true}]}}