{"id":13487,"date":"2020-11-14T20:28:08","date_gmt":"2020-11-14T19:28:08","guid":{"rendered":"https:\/\/dev2.mgvpublications.com\/produkt\/dogudan-batiya\/"},"modified":"2022-03-08T22:39:25","modified_gmt":"2022-03-08T21:39:25","slug":"dogudan-batiya","status":"publish","type":"product","link":"https:\/\/mgvpublications.com\/de\/dogudan-batiya\/","title":{"rendered":"Do\u011fudan Bat\u0131ya"},"content":{"rendered":"<p>Yay\u0131n Tarihi:\t27.11.2017<br \/>\nISBN:\t9786059778572<br \/>\nBask\u0131 Say\u0131s\u0131:\t1. Bask\u0131<br \/>\nDil:\tT\u00dcRK\u00c7E<br \/>\nSayfa Say\u0131s\u0131:\t464<br \/>\nCilt Tipi:\tKarton Kapak<br \/>\nKa\u011f\u0131t Cinsi:\tKitap Ka\u011f\u0131d\u0131<br \/>\nBoyut:\t13.5 x 21 cm<\/p>","protected":false},"excerpt":{"rendered":"<p>Annemarie Schimmel bir g\u00f6n\u00fcl k\u00f6pr\u00fcs\u00fcd\u00fcr. Do\u011fu ve Bat\u0131 aras\u0131ndaki o k\u00f6pr\u00fcde, dallar\u0131yla g\u00f6ky\u00fcz\u00fcn\u00fc kucaklayan; Mevl\u00e2n\u00e2 Cel\u00e2leddin-i R\u00fbm\u00ee\u2019den Paul Gerhardt\u2019a, Hermann Hesse\u2019den Muhammed \u0130kbal\u2019e, S\u00fcleyman \u00c7elebi\u2019den Muhammed Hamidullah&#8217;a, Yahya Kemal&#8217;den K\u00e2ni Karaca ve daha nicelerine dokunan a\u015final\u0131\u011f\u0131yla her \u015feye \u015fahit koca bir \u00e7\u0131nard\u0131r. \u015eark \u0130slam k\u00fclt\u00fcr\u00fcne duydu\u011fu muhabbet ve i\u015ftiyakla bir\u00e7ok \u00e7al\u0131\u015fmaya imza atm\u0131\u015f, bu minvalde say\u0131s\u0131z seminer ve konferans vermi\u015ftir. Arap\u00e7a, Fars\u00e7a, Urduca, T\u00fcrk\u00e7e ve Frans\u0131zcadan terc\u00fcmeler yapm\u0131\u015f, Berlin \u00dcniversitesi\u2019nde \u0130slami ara\u015ft\u0131rmalar sahas\u0131nda doktoras\u0131n\u0131 tamamlam\u0131\u015f, ayr\u0131ca uzun y\u0131llar T\u00fcrkiye\u2019de ya\u015fayarak Ankara \u0130lahiyat Fak\u00fcltesi\u2019nde Dinler Tarihi derslerine girmi\u015ftir.<br \/>\nSchimmel\u2019i ayr\u0131cal\u0131kl\u0131 k\u0131lan \u015fey, \u00e7ok zor \u015fartlar alt\u0131nda yeti\u015fmesi ve asl\u0131nda bir insan i\u00e7in imk\u00e2ns\u0131z denilebilecek zorluklarla m\u00fccadele edebilmesidir. Akademik \u00e7al\u0131\u015fmalar\u0131n\u0131n ve ba\u015far\u0131lar\u0131n\u0131n yan\u0131 s\u0131ra \u201ckendini arayan bir yolcu\u201d olarak tan\u0131mlayabilece\u011fimiz Annemarie Schimmel, Do\u011fudan Bat\u0131ya isimli kitab\u0131nda bu aray\u0131\u015f\u0131n samimi \u00f6yk\u00fcs\u00fcn\u00fc anlat\u0131r.<br \/>\nDo\u011fudan Bat\u0131ya ba\u015f\u0131ndan sonuna kadar manevi bir aray\u0131\u015f, bitmek t\u00fckenmek bilmeyen bir okuma ser\u00fcveni ve musiki ile ge\u00e7en dopdolu bir \u00f6mr\u00fcn, hem \u015eark\u2019a hem Garp\u2019a uzanan ku\u015fat\u0131c\u0131 bir bak\u0131\u015f a\u00e7\u0131s\u0131n\u0131n birinci a\u011f\u0131zdan, bizzat Annemarie Schimmel\u2019in dilinden otobiyografik bir anlat\u0131s\u0131d\u0131r.<br \/>\ndevam\u0131n\u0131 oku<\/p>","protected":false},"featured_media":16106,"template":"","meta":{"spay_email":""},"product_cat":[168],"product_tag":[],"item":[767],"acf":[],"_links":{"self":[{"href":"https:\/\/mgvpublications.com\/de\/wp-json\/wp\/v2\/product\/13487"}],"collection":[{"href":"https:\/\/mgvpublications.com\/de\/wp-json\/wp\/v2\/product"}],"about":[{"href":"https:\/\/mgvpublications.com\/de\/wp-json\/wp\/v2\/types\/product"}],"wp:featuredmedia":[{"embeddable":true,"href":"https:\/\/mgvpublications.com\/de\/wp-json\/wp\/v2\/media\/16106"}],"wp:attachment":[{"href":"https:\/\/mgvpublications.com\/de\/wp-json\/wp\/v2\/media?parent=13487"}],"wp:term":[{"taxonomy":"product_cat","embeddable":true,"href":"https:\/\/mgvpublications.com\/de\/wp-json\/wp\/v2\/product_cat?post=13487"},{"taxonomy":"product_tag","embeddable":true,"href":"https:\/\/mgvpublications.com\/de\/wp-json\/wp\/v2\/product_tag?post=13487"},{"taxonomy":"item","embeddable":true,"href":"https:\/\/mgvpublications.com\/de\/wp-json\/wp\/v2\/item?post=13487"}],"curies":[{"name":"wp","href":"https:\/\/api.w.org\/{rel}","templated":true}]}}