{"id":13442,"date":"2020-10-08T19:48:43","date_gmt":"2020-10-08T17:48:43","guid":{"rendered":"https:\/\/dev2.mgvpublications.com\/produkt\/fatima\/"},"modified":"2025-04-27T00:31:51","modified_gmt":"2025-04-26T22:31:51","slug":"fatima","status":"publish","type":"product","link":"https:\/\/mgvpublications.com\/de\/fatima\/","title":{"rendered":"Fat\u0131ma"},"content":{"rendered":"<p>T\u00fcr\u00fc: Roman<br \/>\nBas\u0131m Y\u0131l\u0131: Haziran 2020 1.Bask\u0131<br \/>\nKitab\u0131n Ad\u0131: F\u00e2t\u0131ma<br \/>\nYazar\u0131: Mehmet Nezir G\u00fcl<br \/>\nSayfa Say\u0131s\u0131: 270<br \/>\nBask\u0131 \u00d6zellikleri: Karton Kapak<br \/>\nEbat: 13.5 x 21 cm<br \/>\nISBN: 978-605-2008-48-5<\/p>","protected":false},"excerpt":{"rendered":"<p>F\u00e2t\u0131ma\u2026<br \/>\nBir gen\u00e7lik roman\u0131\u2026<br \/>\nLise arkada\u015fl\u0131\u011f\u0131ndan ba\u015flay\u0131p \u00fcniversitede devam eden ve peki\u015fen bir arkada\u015fl\u0131\u011f\u0131n hik\u00e2yesi\u2026 B\u00fcy\u00fck\u015fehirlere \u00fcniversite okumak i\u00e7in gelen gen\u00e7lerin i\u00e7ine d\u00fc\u015ft\u00fckleri girdaplar\u2026 Ve bu girdaplardan kurtulmak isterken daha ba\u015fka b\u00fcy\u00fck u\u00e7urumlara d\u00fc\u015fenler\u2026 D\u00fc\u015fen arkada\u015flar\u0131n\u0131 kurtarmak isteyen gen\u00e7lerin verdikleri m\u00fccadeleler\u2026<br \/>\nF\u00e2t\u0131ma ve arkada\u015flar\u0131n\u0131n bir sivil toplum kurulu\u015fu b\u00fcnyesinde ger\u00e7ekle\u015ftirmek istedi\u011fi iyilik hareketi cal\u0131\u015fmalar\u0131\u2026 Ba\u015fkalar\u0131n\u0131n bu ortamda sabote etme planlar\u0131 ve eylemleri\u2026 Art niyetli planlara ve eylemlere ra\u011fmen ak\u0131ll\u0131 ve dengeli m\u00fcdahalelerle bunlar\u0131 etkisiz k\u0131lma \u00e7abalar\u0131\u2026<br \/>\nOtuz ayr\u0131 b\u00f6l\u00fcmden olu\u015fan romanda her b\u00f6l\u00fcme uygun epigraflar\u2026<br \/>\nEtkileyici, ak\u0131c\u0131, canl\u0131 ve heyecanl\u0131 bir anlat\u0131m\u2026<br \/>\nAnlat\u0131m s\u0131ras\u0131nda dikkatimizi \u00e7eken zengin metinler aras\u0131 g\u00f6ndermeler\u2026<br \/>\nVe her b\u00f6l\u00fcmde merak duygusunu harekete ge\u00e7iren olay ak\u0131\u015flar\u0131\u2026<br \/>\nYazar\u0131m\u0131z, etkileyici kalemiyle F\u00e2t\u0131ma ve arkada\u015flar\u0131n\u0131n verdi\u011fi m\u00fccadeleleri ve aralar\u0131ndaki arkada\u015fl\u0131k ili\u015fkilerini anlatmakta bu romanda\u2026<\/p>","protected":false},"featured_media":16104,"template":"","meta":{"spay_email":""},"product_cat":[166,168],"product_tag":[],"item":[335],"acf":[],"_links":{"self":[{"href":"https:\/\/mgvpublications.com\/de\/wp-json\/wp\/v2\/product\/13442"}],"collection":[{"href":"https:\/\/mgvpublications.com\/de\/wp-json\/wp\/v2\/product"}],"about":[{"href":"https:\/\/mgvpublications.com\/de\/wp-json\/wp\/v2\/types\/product"}],"wp:featuredmedia":[{"embeddable":true,"href":"https:\/\/mgvpublications.com\/de\/wp-json\/wp\/v2\/media\/16104"}],"wp:attachment":[{"href":"https:\/\/mgvpublications.com\/de\/wp-json\/wp\/v2\/media?parent=13442"}],"wp:term":[{"taxonomy":"product_cat","embeddable":true,"href":"https:\/\/mgvpublications.com\/de\/wp-json\/wp\/v2\/product_cat?post=13442"},{"taxonomy":"product_tag","embeddable":true,"href":"https:\/\/mgvpublications.com\/de\/wp-json\/wp\/v2\/product_tag?post=13442"},{"taxonomy":"item","embeddable":true,"href":"https:\/\/mgvpublications.com\/de\/wp-json\/wp\/v2\/item?post=13442"}],"curies":[{"name":"wp","href":"https:\/\/api.w.org\/{rel}","templated":true}]}}