{"id":13438,"date":"2020-10-08T19:44:25","date_gmt":"2020-10-08T17:44:25","guid":{"rendered":"https:\/\/dev2.mgvpublications.com\/produkt\/nuri-pakdil-kitabi-yeryuezuemuemine-namazgah\/"},"modified":"2022-04-07T15:01:26","modified_gmt":"2022-04-07T13:01:26","slug":"nuri-pakdil-kitabi-yeryuezuemuemine-namazgah","status":"publish","type":"product","link":"https:\/\/mgvpublications.com\/de\/nuri-pakdil-kitabi-yeryuezuemuemine-namazgah\/","title":{"rendered":"NUR\u0130 PAKD\u0130L K\u0130TABI YERY\u00dcZ\u00dc"},"content":{"rendered":"<p>T\u00fcr\u00fc: Deneme<br \/>\nBas\u0131m Y\u0131l\u0131: \u015eubat 2020 1.Bask\u0131<br \/>\nKitab\u0131n Ad\u0131: Nuri Pakdil Kitab\u0131 Yery\u00fcz\u00fc:M\u00fc&#8217;mine Namazg\u00e2h<br \/>\nYazar\u0131: \u0130smail DEM\u0130REL<br \/>\nSayfa Say\u0131s\u0131: 118 Sayfa<br \/>\nBask\u0131 \u00d6zellikleri: Karton Kapak<br \/>\nEbat: 13.5 x 21 cm<br \/>\nISBN: 978-605-2008-46-1<\/p>","protected":false},"excerpt":{"rendered":"<p>Nuri Pakdil, sadece bir neslin de\u011fil nesillerin a\u011fabeyi ve ustas\u0131&#8230;<br \/>\nEdebiyat\u0131m\u0131z\u0131n kendine \u00f6zg\u00fc kalemlerinden; \u00fcslubu, titizli\u011fi, s\u00f6zc\u00fck se\u00e7icili\u011fi ve elbette devrimcili\u011fiyle&#8230;<\/p>\n<p>Nuri Pakdil, s\u00f6nen iman ate\u015fini yeniden harlamak i\u00e7in kelimelerden kurdu\u011fu m\u00fcfrezelerle \u0131s\u0131tt\u0131 i\u00e7imizi. A\u015fk yeniden filiz verdi, iman yeniden ye\u015ferdi, ruhlar\u0131m\u0131z yeniden temizlendi onunla&#8230;<\/p>\n<p>Bu kitap; Nuri Pakdil&#8217;i eserlerinden tan\u0131yan bir okurun, ba\u015fka okurlar\u0131n Pakdil\u2019i okuma ve anlama \u00e7abalar\u0131na m\u00fctevaz\u0131 bir katk\u0131 olmay\u0131 hedeflemektedir.<\/p>\n<p>Okurlar\u0131n\u0131n zihninde kal\u0131n \u00e7izgilerle bile olsa bir Pakdil portresi \u00e7izmesi ve okurlar\u0131n\u0131 Pakdil\u2019in eserlerine y\u00f6nlendirmesi, bu kitab\u0131n g\u00f6revini fazlas\u0131yla yerine getirmi\u015f olmas\u0131n\u0131 sa\u011flayacakt\u0131r<\/p>","protected":false},"featured_media":13439,"template":"","meta":{"spay_email":""},"product_cat":[168],"product_tag":[],"item":[335],"acf":[],"_links":{"self":[{"href":"https:\/\/mgvpublications.com\/de\/wp-json\/wp\/v2\/product\/13438"}],"collection":[{"href":"https:\/\/mgvpublications.com\/de\/wp-json\/wp\/v2\/product"}],"about":[{"href":"https:\/\/mgvpublications.com\/de\/wp-json\/wp\/v2\/types\/product"}],"wp:featuredmedia":[{"embeddable":true,"href":"https:\/\/mgvpublications.com\/de\/wp-json\/wp\/v2\/media\/13439"}],"wp:attachment":[{"href":"https:\/\/mgvpublications.com\/de\/wp-json\/wp\/v2\/media?parent=13438"}],"wp:term":[{"taxonomy":"product_cat","embeddable":true,"href":"https:\/\/mgvpublications.com\/de\/wp-json\/wp\/v2\/product_cat?post=13438"},{"taxonomy":"product_tag","embeddable":true,"href":"https:\/\/mgvpublications.com\/de\/wp-json\/wp\/v2\/product_tag?post=13438"},{"taxonomy":"item","embeddable":true,"href":"https:\/\/mgvpublications.com\/de\/wp-json\/wp\/v2\/item?post=13438"}],"curies":[{"name":"wp","href":"https:\/\/api.w.org\/{rel}","templated":true}]}}