{"id":13415,"date":"2020-09-08T15:55:20","date_gmt":"2020-09-08T13:55:20","guid":{"rendered":"https:\/\/dev2.mgvpublications.com\/produkt\/beyinde-ararken-bagirsakta-buldum\/"},"modified":"2022-03-08T22:35:55","modified_gmt":"2022-03-08T21:35:55","slug":"beyinde-ararken-bagirsakta-buldum","status":"publish","type":"product","link":"https:\/\/mgvpublications.com\/de\/beyinde-ararken-bagirsakta-buldum\/","title":{"rendered":"Beyinde Ararken Ba\u011f\u0131rsakta Buldum"},"content":{"rendered":"<table>\n<tbody>\n<tr>\n<td>Yay\u0131n Tarihi:<\/td>\n<td>07.07.2017<\/td>\n<\/tr>\n<tr>\n<td>ISBN:<\/td>\n<td>[koo_icon name=&#8221;undefined&#8221; color=&#8221;&#8221; size=&#8221;&#8221;]<\/td>\n<\/tr>\n<tr>\n<td>Bask\u0131 Say\u0131s\u0131:<\/td>\n<td>14. Bask\u0131<\/td>\n<\/tr>\n<tr>\n<td>Dil:<\/td>\n<td>T\u00dcRK\u00c7E<\/td>\n<\/tr>\n<tr>\n<td>Sayfa Say\u0131s\u0131:<\/td>\n<td>288<\/td>\n<\/tr>\n<tr>\n<td>Cilt Tipi:<\/td>\n<td>Karton Kapak<\/td>\n<\/tr>\n<tr>\n<td>Ka\u011f\u0131t Cinsi:<\/td>\n<td>Kitap Ka\u011f\u0131d\u0131<\/td>\n<\/tr>\n<tr>\n<td>Boyut:<\/td>\n<td>13.5 x 21 cm<\/td>\n<\/tr>\n<\/tbody>\n<\/table>","protected":false},"excerpt":{"rendered":"<p><em>Kad\u0131n Beyni Erkek Beyni<\/em>\u00a0kitab\u0131n\u0131n yazar\u0131 Serkan Karaismailo\u011flu son kitab\u0131\u00a0<em>Beyinde Ararken Ba\u011f\u0131rsakta Buldum<\/em>\u00a0ile gene \u015fa\u015f\u0131rt\u0131yor bizi. Sadece \u015fa\u015f\u0131rmakla da kalm\u0131yoruz, ba\u011f\u0131rsa\u011f\u0131n beynin kar\u015f\u0131s\u0131ndaki galibiyetini bize o bilindik, esprili \u00fcslubuyla anlat\u0131rken bir g\u00fcl\u00fcmseme yerle\u015fiyor y\u00fcz\u00fcm\u00fcze\u2026<br \/>\n<em>\u0130skenderin Uzun ve Karanl\u0131k Yolculu\u011fu<\/em><br \/>\n<em>Eskiden Buralar Dutluktu<\/em><br \/>\n<em>T\u00fck\u00fcr\u00fcr\u00fcm B\u00f6yle Yolculu\u011fun \u0130\u00e7ine<\/em><br \/>\n<em>\u00c7i\u011fneme; Dil ve \u00c7ene Kas\u0131n\u0131n Muhte\u015fem Paso Doblesi<\/em><\/p>\n<p><em>Karanl\u0131klar Diyar\u0131 Ba\u011f\u0131rsaklar<\/em><\/p>\n<p>Ve daha bir\u00e7ok benzer ba\u015fl\u0131kla g\u00fcn\u00fcm\u00fcz\u00fcn pop\u00fcler konusu mikrobiyotay\u0131 anlat\u0131yor bize yazar\u2026<\/p>\n<p>V\u00fccudumuzun i\u015fleyi\u015fi hakk\u0131nda bizi bilgilendirdi\u011fi kadar e\u011flendiren bu kitapla bir kez daha bulu\u015fuyor Elma Yay\u0131nevi okuyucuyla\u2026<\/p>\n<p>\u0130yi okumalar dileklerimizle\u2026<\/p>\n<p><em>Hayat\u0131n\u0131zla ilgili verdi\u011finiz kararlar\u0131n baz\u0131lar\u0131 ya size ait de\u011filse. Mesela \u015fu an ellerinizin aras\u0131nda tutmakta oldu\u011funuz bu kitab\u0131 al\u0131p almamakla ilgili karar\u0131n\u0131z t\u00fcm\u00fcyle size ve beyninize mi ait? E\u011fer b\u00f6yle d\u00fc\u015f\u00fcn\u00fcyorsan\u0131z \u201cmikrobiyota\u201d ile hen\u00fcz tan\u0131\u015fmad\u0131n\u0131z demektir. \u015eu an, S\u0130Z, yani yakla\u015f\u0131k 30 trilyon h\u00fccreden olu\u015fan canl\u0131, elinizde kitab\u0131n arka kapa\u011f\u0131n\u0131 okurken, sadece ba\u011f\u0131rsaklar\u0131n\u0131zda yakla\u015f\u0131k 40 trilyon mikroorganizman\u0131n ya\u015fad\u0131\u011f\u0131n\u0131 biliyor musunuz? Yani sizi S\u0130Z yapan h\u00fccrelerin say\u0131s\u0131ndan daha fazla say\u0131da mikroorganizma i\u00e7inizde ya\u015f\u0131yor. \u00dcstelik bu mikroorganizmalar say\u0131ca fazla oldu\u011fu gibi beyninizi, karakterinizi ve kararlar\u0131n\u0131z\u0131 do\u011frudan etkileyen kimyasallar \u00fcretebilmektedir. Kilo alma probleminden tutun davran\u0131\u015flar\u0131n\u0131za kadar, hatta s\u0131k\u0131 durun kimi kendinize e\u015f olarak se\u00e7ece\u011finize bile bu mikroorganizmalar\u0131n kar\u0131\u015ft\u0131\u011f\u0131n\u0131 s\u00f6ylesem herhalde \u00e7\u0131ld\u0131rm\u0131\u015f oldu\u011fumu d\u00fc\u015f\u00fcn\u00fcrs\u00fcn\u00fcz. Ama akademik olarak beyin \u00e7al\u0131\u015fan ve sinirbilim doktoras\u0131 yapm\u0131\u015f bir ki\u015fiye ba\u011f\u0131rsaklarla ilgili bir kitap yazd\u0131racak kadar \u00e7\u0131lg\u0131n bir konu mikrobiyota. Bu kitab\u0131 okuduktan sonra ba\u011f\u0131rsaklar\u0131n\u0131za ve i\u00e7indeki canl\u0131lara bak\u0131\u015f\u0131n\u0131z \u00e7ok ama de\u011fi\u015fecek.<\/em><\/p>","protected":false},"featured_media":13416,"template":"","meta":{"spay_email":""},"product_cat":[216],"product_tag":[],"item":[686],"acf":[],"_links":{"self":[{"href":"https:\/\/mgvpublications.com\/de\/wp-json\/wp\/v2\/product\/13415"}],"collection":[{"href":"https:\/\/mgvpublications.com\/de\/wp-json\/wp\/v2\/product"}],"about":[{"href":"https:\/\/mgvpublications.com\/de\/wp-json\/wp\/v2\/types\/product"}],"wp:featuredmedia":[{"embeddable":true,"href":"https:\/\/mgvpublications.com\/de\/wp-json\/wp\/v2\/media\/13416"}],"wp:attachment":[{"href":"https:\/\/mgvpublications.com\/de\/wp-json\/wp\/v2\/media?parent=13415"}],"wp:term":[{"taxonomy":"product_cat","embeddable":true,"href":"https:\/\/mgvpublications.com\/de\/wp-json\/wp\/v2\/product_cat?post=13415"},{"taxonomy":"product_tag","embeddable":true,"href":"https:\/\/mgvpublications.com\/de\/wp-json\/wp\/v2\/product_tag?post=13415"},{"taxonomy":"item","embeddable":true,"href":"https:\/\/mgvpublications.com\/de\/wp-json\/wp\/v2\/item?post=13415"}],"curies":[{"name":"wp","href":"https:\/\/api.w.org\/{rel}","templated":true}]}}