{"id":13413,"date":"2020-12-02T15:47:15","date_gmt":"2020-12-02T14:47:15","guid":{"rendered":"https:\/\/dev2.mgvpublications.com\/produkt\/guezellik-uykusu\/"},"modified":"2022-03-08T22:35:55","modified_gmt":"2022-03-08T21:35:55","slug":"guezellik-uykusu","status":"publish","type":"product","link":"https:\/\/mgvpublications.com\/de\/guezellik-uykusu\/","title":{"rendered":"G\u00fczellik Uykusu"},"content":{"rendered":"<p>Yay\u0131n Tarihi: 09.03.2021<br \/>ISBN: 9789759961541<br \/>Dil: T\u00dcRK\u00c7E<br \/>Sayfa Say\u0131s\u0131: 64<br \/>Cilt Tipi: Karton Kapak<br \/>Ka\u011f\u0131t Cinsi: 3. Hm. Ka\u011f\u0131t<br \/>Boyut: 13.5 x 21 cm<\/p>","protected":false},"excerpt":{"rendered":"<p>\u0130brahim bey bu gece eve gelmedin Ka\u00e7 kez a\u00e7\u0131ld\u0131 senin i\u00e7in kimdir o penceresi Fark\u0131nda m\u0131s\u0131n bilmem D\u00fc\u015fmans\u0131z ya\u015famak k\u00f6reltiyor adam\u0131 \u0130nsan\u0131 yoruyor ba\u015fkas\u0131n\u0131n \u015fark\u0131s\u0131 \u0130\u015fte bundan dolay\u0131 d\u00fc\u015fman\u0131 p\u00fcsk\u00fcrtmekten Vazge\u00e7ip susuyorum ve t\u00fcfe\u011fi aln\u0131ma Ka\u015f diye \u00e7at\u0131yorum. A benim O\u011fulotu bitmeyen topraklarda \u015ea\u015f\u0131r\u0131p kalan kalbim Senin T\u00fcrk\u00e7en yok mu, anlat\u0131yorum i\u015fte Bir ku\u015f musun ki \u00fcrkmek i\u00e7in bahane Aray\u0131p duruyorsun. Bize d\u00f6necek oysa o g\u00fczel \u00f6l\u00fcm Yataca\u011f\u0131z beraber g\u00fczellik uykusuna Her g\u00fcn bahar olacak ve onun temizli\u011fi Yeni y\u0131kanm\u0131\u015f t\u00fcl perde ne ki Benzetecek bizi da\u011flar\u0131n doru\u011funa&#8230;<\/p>","protected":false},"featured_media":19628,"template":"","meta":{"spay_email":""},"product_cat":[168],"product_tag":[],"item":[354],"acf":[],"_links":{"self":[{"href":"https:\/\/mgvpublications.com\/de\/wp-json\/wp\/v2\/product\/13413"}],"collection":[{"href":"https:\/\/mgvpublications.com\/de\/wp-json\/wp\/v2\/product"}],"about":[{"href":"https:\/\/mgvpublications.com\/de\/wp-json\/wp\/v2\/types\/product"}],"wp:featuredmedia":[{"embeddable":true,"href":"https:\/\/mgvpublications.com\/de\/wp-json\/wp\/v2\/media\/19628"}],"wp:attachment":[{"href":"https:\/\/mgvpublications.com\/de\/wp-json\/wp\/v2\/media?parent=13413"}],"wp:term":[{"taxonomy":"product_cat","embeddable":true,"href":"https:\/\/mgvpublications.com\/de\/wp-json\/wp\/v2\/product_cat?post=13413"},{"taxonomy":"product_tag","embeddable":true,"href":"https:\/\/mgvpublications.com\/de\/wp-json\/wp\/v2\/product_tag?post=13413"},{"taxonomy":"item","embeddable":true,"href":"https:\/\/mgvpublications.com\/de\/wp-json\/wp\/v2\/item?post=13413"}],"curies":[{"name":"wp","href":"https:\/\/api.w.org\/{rel}","templated":true}]}}