{"id":13411,"date":"2020-12-02T15:47:14","date_gmt":"2020-12-02T14:47:14","guid":{"rendered":"https:\/\/dev2.mgvpublications.com\/produkt\/bes-sehir\/"},"modified":"2022-03-08T22:35:55","modified_gmt":"2022-03-08T21:35:55","slug":"bes-sehir","status":"publish","type":"product","link":"https:\/\/mgvpublications.com\/de\/bes-sehir\/","title":{"rendered":"Be\u015f \u015eehir"},"content":{"rendered":"<p>Yay\u0131n Tarihi: 15.09.2017<br \/>ISBN: 9789759955694<br \/>Dil: T\u00dcRK\u00c7E<br \/>Sayfa Say\u0131s\u0131: 224<br \/>Cilt Tipi: Karton Kapak<br \/>Ka\u011f\u0131t Cinsi: Kitap Ka\u011f\u0131d\u0131<br \/>Boyut: 13.5 x 21 cm<\/p>","protected":false},"excerpt":{"rendered":"<p>Be\u015f \u015eehir&#8217;in as\u0131l konusu hayat\u0131m\u0131zda kaybolan \u015feylerin ard\u0131ndan duyulan \u00fcz\u00fcnt\u00fc ile yeniye kar\u015f\u0131 beslenen i\u015ftiyakt\u0131r. \u0130lk bak\u0131\u015fta birbiriyle \u00e7at\u0131\u015f\u0131r g\u00f6r\u00fcnen bu iki duyguyu sevgi kelimesinde birle\u015ftirebiliriz. Bu sevginin kendisine \u00e7er\u00e7eve olarak se\u00e7ti\u011fi \u015fehirler, benim hayat\u0131m\u0131n tesad\u00fcfleridir. Bu itibarla onlar\u0131n arkas\u0131nda kendi insan\u0131m\u0131za ve hayat\u0131m\u0131z\u0131, vatan\u0131n manevi \u00e7ehresi olan k\u00fclt\u00fcr\u00fcm\u00fcz\u00fc g\u00f6rmek daha da do\u011fru olur.<\/p>","protected":false},"featured_media":20680,"template":"","meta":{"spay_email":""},"product_cat":[1588],"product_tag":[],"item":[356],"acf":[],"_links":{"self":[{"href":"https:\/\/mgvpublications.com\/de\/wp-json\/wp\/v2\/product\/13411"}],"collection":[{"href":"https:\/\/mgvpublications.com\/de\/wp-json\/wp\/v2\/product"}],"about":[{"href":"https:\/\/mgvpublications.com\/de\/wp-json\/wp\/v2\/types\/product"}],"wp:featuredmedia":[{"embeddable":true,"href":"https:\/\/mgvpublications.com\/de\/wp-json\/wp\/v2\/media\/20680"}],"wp:attachment":[{"href":"https:\/\/mgvpublications.com\/de\/wp-json\/wp\/v2\/media?parent=13411"}],"wp:term":[{"taxonomy":"product_cat","embeddable":true,"href":"https:\/\/mgvpublications.com\/de\/wp-json\/wp\/v2\/product_cat?post=13411"},{"taxonomy":"product_tag","embeddable":true,"href":"https:\/\/mgvpublications.com\/de\/wp-json\/wp\/v2\/product_tag?post=13411"},{"taxonomy":"item","embeddable":true,"href":"https:\/\/mgvpublications.com\/de\/wp-json\/wp\/v2\/item?post=13411"}],"curies":[{"name":"wp","href":"https:\/\/api.w.org\/{rel}","templated":true}]}}