{"id":13409,"date":"2020-12-02T15:47:14","date_gmt":"2020-12-02T14:47:14","guid":{"rendered":"https:\/\/dev2.mgvpublications.com\/produkt\/saatleri-ayarlama-enstituesue\/"},"modified":"2022-03-08T22:35:55","modified_gmt":"2022-03-08T21:35:55","slug":"saatleri-ayarlama-enstituesue","status":"publish","type":"product","link":"https:\/\/mgvpublications.com\/de\/saatleri-ayarlama-enstituesue\/","title":{"rendered":"Saatleri Ayarlama Enstit\u00fcs\u00fc"},"content":{"rendered":"<p>Yay\u0131n Tarihi: 15.09.2017<br \/>ISBN: 9789759955762<br \/>Dil: T\u00dcRK\u00c7E<br \/>Sayfa Say\u0131s\u0131: 382<br \/>Cilt Tipi: Karton Kapak<br \/>Ka\u011f\u0131t Cinsi: Kitap Ka\u011f\u0131d\u0131<br \/>Boyut: 13.5 x 21 cm<\/p>","protected":false},"excerpt":{"rendered":"<p>Ahmet Hamdi Tanp\u0131nar&#8217;\u0131n \u015fiiri sembolist bir ifade \u00fczerine kurulmu\u015ftur. Ayn\u0131 anlat\u0131m tarz\u0131 romanlar\u0131na da zaman zaman sirayet eder. Ancak muhteva a\u00e7\u0131s\u0131ndan metafizik e\u011filimleri ile estetik endi\u015felerini \u015fiire ay\u0131rd\u0131\u011f\u0131 halde, sosyal temalar i\u00e7in nesri se\u00e7mi\u015ftir. Romanlar\u0131, zengin hayat hikayesinden ta\u015farak T\u00fcrkiye meselelerine kendine has yorumlar getirir.<\/p>","protected":false},"featured_media":22545,"template":"","meta":{"spay_email":""},"product_cat":[168],"product_tag":[],"item":[356],"acf":[],"_links":{"self":[{"href":"https:\/\/mgvpublications.com\/de\/wp-json\/wp\/v2\/product\/13409"}],"collection":[{"href":"https:\/\/mgvpublications.com\/de\/wp-json\/wp\/v2\/product"}],"about":[{"href":"https:\/\/mgvpublications.com\/de\/wp-json\/wp\/v2\/types\/product"}],"wp:featuredmedia":[{"embeddable":true,"href":"https:\/\/mgvpublications.com\/de\/wp-json\/wp\/v2\/media\/22545"}],"wp:attachment":[{"href":"https:\/\/mgvpublications.com\/de\/wp-json\/wp\/v2\/media?parent=13409"}],"wp:term":[{"taxonomy":"product_cat","embeddable":true,"href":"https:\/\/mgvpublications.com\/de\/wp-json\/wp\/v2\/product_cat?post=13409"},{"taxonomy":"product_tag","embeddable":true,"href":"https:\/\/mgvpublications.com\/de\/wp-json\/wp\/v2\/product_tag?post=13409"},{"taxonomy":"item","embeddable":true,"href":"https:\/\/mgvpublications.com\/de\/wp-json\/wp\/v2\/item?post=13409"}],"curies":[{"name":"wp","href":"https:\/\/api.w.org\/{rel}","templated":true}]}}