{"id":13403,"date":"2020-09-08T14:54:33","date_gmt":"2020-09-08T12:54:33","guid":{"rendered":"https:\/\/dev2.mgvpublications.com\/produkt\/ya-tahammuel-ya-sefer\/"},"modified":"2022-04-19T16:28:12","modified_gmt":"2022-04-19T14:28:12","slug":"ya-tahammuel-ya-sefer","status":"publish","type":"product","link":"https:\/\/mgvpublications.com\/de\/ya-tahammuel-ya-sefer\/","title":{"rendered":"Ya Tahamm\u00fcl Ya Sefer"},"content":{"rendered":"<table>\n<tbody>\n<tr>\n<td>Yay\u0131n Tarihi:<\/td>\n<td>01.02.2013<\/td>\n<\/tr>\n<tr>\n<td>ISBN:<\/td>\n<td>[koo_icon name=&#8221;undefined&#8221; color=&#8221;&#8221; size=&#8221;&#8221;]<\/td>\n<\/tr>\n<tr>\n<td>Bask\u0131 Say\u0131s\u0131:<\/td>\n<td>15. Bask\u0131<\/td>\n<\/tr>\n<tr>\n<td>Dil:<\/td>\n<td>T\u00dcRK\u00c7E<\/td>\n<\/tr>\n<tr>\n<td>Sayfa Say\u0131s\u0131:<\/td>\n<td>124<\/td>\n<\/tr>\n<tr>\n<td>Cilt Tipi:<\/td>\n<td>Karton Kapak<\/td>\n<\/tr>\n<tr>\n<td>Ka\u011f\u0131t Cinsi:<\/td>\n<td>Kitap Ka\u011f\u0131d\u0131<\/td>\n<\/tr>\n<tr>\n<td>Boyut:<\/td>\n<td>13.5 x 21 cm<\/td>\n<\/tr>\n<\/tbody>\n<\/table>","protected":false},"excerpt":{"rendered":"<p>\u0130nand\u0131\u011f\u0131m\u0131z, u\u011fruna pek \u00e7ok \u015feyi g\u00f6ze ald\u0131\u011f\u0131m\u0131z &#8220;dava&#8221;lar. Birlikte y\u00fcr\u00fcnecek bir yol. Bizimle ayn\u0131 duygular\u0131, fikirleri payla\u015fan arkada\u015flar. Bu insanlar\u0131n a\u00e7mazlar\u0131n\u0131, ac\u0131lar\u0131n\u0131 dile getiriyor.<\/p>","protected":false},"featured_media":14491,"template":"","meta":{"spay_email":""},"product_cat":[168],"product_tag":[],"item":[356],"acf":[],"_links":{"self":[{"href":"https:\/\/mgvpublications.com\/de\/wp-json\/wp\/v2\/product\/13403"}],"collection":[{"href":"https:\/\/mgvpublications.com\/de\/wp-json\/wp\/v2\/product"}],"about":[{"href":"https:\/\/mgvpublications.com\/de\/wp-json\/wp\/v2\/types\/product"}],"wp:featuredmedia":[{"embeddable":true,"href":"https:\/\/mgvpublications.com\/de\/wp-json\/wp\/v2\/media\/14491"}],"wp:attachment":[{"href":"https:\/\/mgvpublications.com\/de\/wp-json\/wp\/v2\/media?parent=13403"}],"wp:term":[{"taxonomy":"product_cat","embeddable":true,"href":"https:\/\/mgvpublications.com\/de\/wp-json\/wp\/v2\/product_cat?post=13403"},{"taxonomy":"product_tag","embeddable":true,"href":"https:\/\/mgvpublications.com\/de\/wp-json\/wp\/v2\/product_tag?post=13403"},{"taxonomy":"item","embeddable":true,"href":"https:\/\/mgvpublications.com\/de\/wp-json\/wp\/v2\/item?post=13403"}],"curies":[{"name":"wp","href":"https:\/\/api.w.org\/{rel}","templated":true}]}}