{"id":13401,"date":"2020-09-08T14:50:58","date_gmt":"2020-09-08T12:50:58","guid":{"rendered":"https:\/\/dev2.mgvpublications.com\/produkt\/araba-sevdasi-sadelestirilmis-basim\/"},"modified":"2022-03-08T22:35:54","modified_gmt":"2022-03-08T21:35:54","slug":"araba-sevdasi-sadelestirilmis-basim","status":"publish","type":"product","link":"https:\/\/mgvpublications.com\/de\/araba-sevdasi-sadelestirilmis-basim\/","title":{"rendered":"Araba Sevdas\u0131 (Sadele\u015ftirilmi\u015f Bas\u0131m)"},"content":{"rendered":"<table>\n<tbody>\n<tr>\n<td>Sadele\u015ftiren:<\/td>\n<td><a href=\"https:\/\/www.kitapyurdu.com\/yazar\/fatih-altug\/173543.html\" target=\"_blank\" rel=\"noopener\">Fatih Altu\u011f<\/a><\/td>\n<\/tr>\n<tr>\n<td>Yay\u0131n Tarihi:<\/td>\n<td>01.01.2019<\/td>\n<\/tr>\n<tr>\n<td>ISBN:<\/td>\n<td>9789750516689<\/td>\n<\/tr>\n<tr>\n<td>Bask\u0131 Say\u0131s\u0131:<\/td>\n<td>4. Bask\u0131<\/td>\n<\/tr>\n<tr>\n<td>Dil:<\/td>\n<td>T\u00dcRK\u00c7E<\/td>\n<\/tr>\n<tr>\n<td>Sayfa Say\u0131s\u0131:<\/td>\n<td>311<\/td>\n<\/tr>\n<tr>\n<td>Cilt Tipi:<\/td>\n<td>Karton Kapak<\/td>\n<\/tr>\n<tr>\n<td>Ka\u011f\u0131t Cinsi:<\/td>\n<td>Kitap Ka\u011f\u0131d\u0131<\/td>\n<\/tr>\n<tr>\n<td>Boyut:<\/td>\n<td>13 x 19.5 cm<\/td>\n<\/tr>\n<\/tbody>\n<\/table>","protected":false},"excerpt":{"rendered":"<p>Araba Sevdas\u0131, Tanzimat d\u00f6neminde rastlad\u0131\u011f\u0131m\u0131z di\u011fer roman denemelerinden apayr\u0131, yazar\u0131n\u0131 da benzersiz k\u0131lan<br \/>\nbir romand\u0131r.<\/p>\n<p>Sultan Abd\u00fclaziz d\u00f6neminde ya\u015fanan trajikomik bir a\u015fk hik\u00e2yesini, abart\u0131l\u0131 bir \u201calafranga z\u00fcppe\u201d karakterinin etraf\u0131nda anlatan Araba Sevdas\u0131, T\u00fcrk\u00e7e edebiyat\u0131n en \u00f6zg\u00fcn \u00f6rneklerinden biridir. Daha sonra pek \u00e7ok romanda benzer \u00f6rnekleri yarat\u0131lacak, a\u015f\u0131r\u0131 Bat\u0131l\u0131la\u015fm\u0131\u015f, \u00f6zenti karakterlerin dram\u0131, en yo\u011fun olarak Araba Sevdas\u0131\u2019n\u0131n kahraman\u0131 Bihruz Bey\u2019in \u015fahs\u0131nda ete kemi\u011fe b\u00fcr\u00fcn\u00fcr ve bir klasik haline gelir. Bu sadele\u015ftirilmi\u015f bas\u0131mda, Araba Sevdas\u0131\u2019n\u0131n orijinalinde yer alan resimlerin yan\u0131 s\u0131ra roman\u0131n kaynaklar\u0131n\u0131 ve g\u00f6ndermelerini belirginle\u015ftiren metinlere, haritalara ve resimlere de yer verilmi\u015ftir.<\/p>\n<p>\u201cE\u011fer Tanzimat roman\u0131na bir Bat\u0131l\u0131la\u015fma roman\u0131 de\u011fil de bir modernle\u015fme roman\u0131 olarak bakarsak, Araba Sevdas\u0131 ger\u00e7ek anlamda modern ilk romand\u0131r.\u201d<br \/>\nJALE PARLA<\/p>\n<p>\u201cBu k\u00f6ks\u00fcz g\u00f6lgeler kitab\u0131nda as\u0131l kahraman, Bihruz Bey\u2019in paras\u0131n\u0131 tam olarak \u00f6demedi\u011fi ve sonunda elinden ald\u0131klar\u0131 arabas\u0131d\u0131r. O, kitab\u0131n sembol\u00fc ve fatalitesidir.\u201d<br \/>\nAHMET HAMD\u0130 TANPINAR<\/p>","protected":false},"featured_media":13402,"template":"","meta":{"spay_email":""},"product_cat":[168],"product_tag":[],"item":[365],"acf":[],"_links":{"self":[{"href":"https:\/\/mgvpublications.com\/de\/wp-json\/wp\/v2\/product\/13401"}],"collection":[{"href":"https:\/\/mgvpublications.com\/de\/wp-json\/wp\/v2\/product"}],"about":[{"href":"https:\/\/mgvpublications.com\/de\/wp-json\/wp\/v2\/types\/product"}],"wp:featuredmedia":[{"embeddable":true,"href":"https:\/\/mgvpublications.com\/de\/wp-json\/wp\/v2\/media\/13402"}],"wp:attachment":[{"href":"https:\/\/mgvpublications.com\/de\/wp-json\/wp\/v2\/media?parent=13401"}],"wp:term":[{"taxonomy":"product_cat","embeddable":true,"href":"https:\/\/mgvpublications.com\/de\/wp-json\/wp\/v2\/product_cat?post=13401"},{"taxonomy":"product_tag","embeddable":true,"href":"https:\/\/mgvpublications.com\/de\/wp-json\/wp\/v2\/product_tag?post=13401"},{"taxonomy":"item","embeddable":true,"href":"https:\/\/mgvpublications.com\/de\/wp-json\/wp\/v2\/item?post=13401"}],"curies":[{"name":"wp","href":"https:\/\/api.w.org\/{rel}","templated":true}]}}