{"id":13399,"date":"2020-09-08T14:46:41","date_gmt":"2020-09-08T12:46:41","guid":{"rendered":"https:\/\/dev2.mgvpublications.com\/produkt\/mekke-medine-ve-kuduesuen-faziletleri\/"},"modified":"2022-03-08T22:35:54","modified_gmt":"2022-03-08T21:35:54","slug":"mekke-medine-ve-kuduesuen-faziletleri","status":"publish","type":"product","link":"https:\/\/mgvpublications.com\/de\/mekke-medine-ve-kuduesuen-faziletleri\/","title":{"rendered":"Mekke Medine ve Kud\u00fcs&#8217;\u00fcn Faziletleri"},"content":{"rendered":"<table>\n<tbody>\n<tr>\n<td>Derleyici:<\/td>\n<td><a href=\"https:\/\/www.kitapyurdu.com\/yazar\/gamze-besenk\/196267.html\" target=\"_blank\" rel=\"noopener\">Gamze Be\u015fenk<\/a><\/td>\n<\/tr>\n<tr>\n<td>Yay\u0131n Tarihi:<\/td>\n<td>11.04.2017<\/td>\n<\/tr>\n<tr>\n<td>ISBN:<\/td>\n<td>[koo_icon name=&#8221;undefined&#8221; color=&#8221;&#8221; size=&#8221;&#8221;]<\/td>\n<\/tr>\n<tr>\n<td>Bask\u0131 Say\u0131s\u0131:<\/td>\n<td>1. Bask\u0131<\/td>\n<\/tr>\n<tr>\n<td>Dil:<\/td>\n<td>T\u00dcRK\u00c7E<\/td>\n<\/tr>\n<tr>\n<td>Sayfa Say\u0131s\u0131:<\/td>\n<td>240<\/td>\n<\/tr>\n<tr>\n<td>Cilt Tipi:<\/td>\n<td>Karton Kapak<\/td>\n<\/tr>\n<tr>\n<td>Ka\u011f\u0131t Cinsi:<\/td>\n<td>Kitap Ka\u011f\u0131d\u0131<\/td>\n<\/tr>\n<tr>\n<td>Boyut:<\/td>\n<td>13.5 x 21 cm<\/td>\n<\/tr>\n<\/tbody>\n<\/table>","protected":false},"excerpt":{"rendered":"<p>Derleyici: Gamze Be\u015fenk Yay\u0131n Tarihi: 11.04.2017 ISBN: [koo_icon name=&#8221;undefined&#8221; color=&#8221;&#8221; size=&#8221;&#8221;] Bask\u0131 Say\u0131s\u0131: 1. Bask\u0131 Dil: T\u00dcRK\u00c7E Sayfa Say\u0131s\u0131: 240 Cilt Tipi: Karton Kapak Ka\u011f\u0131t Cinsi: Kitap Ka\u011f\u0131d\u0131 Boyut: 13.5 x 21 cm<\/p>","protected":false},"featured_media":13400,"template":"","meta":{"spay_email":""},"product_cat":[174],"product_tag":[],"item":[945],"acf":[],"_links":{"self":[{"href":"https:\/\/mgvpublications.com\/de\/wp-json\/wp\/v2\/product\/13399"}],"collection":[{"href":"https:\/\/mgvpublications.com\/de\/wp-json\/wp\/v2\/product"}],"about":[{"href":"https:\/\/mgvpublications.com\/de\/wp-json\/wp\/v2\/types\/product"}],"wp:featuredmedia":[{"embeddable":true,"href":"https:\/\/mgvpublications.com\/de\/wp-json\/wp\/v2\/media\/13400"}],"wp:attachment":[{"href":"https:\/\/mgvpublications.com\/de\/wp-json\/wp\/v2\/media?parent=13399"}],"wp:term":[{"taxonomy":"product_cat","embeddable":true,"href":"https:\/\/mgvpublications.com\/de\/wp-json\/wp\/v2\/product_cat?post=13399"},{"taxonomy":"product_tag","embeddable":true,"href":"https:\/\/mgvpublications.com\/de\/wp-json\/wp\/v2\/product_tag?post=13399"},{"taxonomy":"item","embeddable":true,"href":"https:\/\/mgvpublications.com\/de\/wp-json\/wp\/v2\/item?post=13399"}],"curies":[{"name":"wp","href":"https:\/\/api.w.org\/{rel}","templated":true}]}}