{"id":13379,"date":"2020-09-04T21:08:30","date_gmt":"2020-09-04T19:08:30","guid":{"rendered":"https:\/\/dev2.mgvpublications.com\/produkt\/dua-ile-ruhsal-tedavi\/"},"modified":"2022-03-08T22:35:53","modified_gmt":"2022-03-08T21:35:53","slug":"dua-ile-ruhsal-tedavi","status":"publish","type":"product","link":"https:\/\/mgvpublications.com\/de\/dua-ile-ruhsal-tedavi\/","title":{"rendered":"Dua \u0130le Ruhsal Tedavi"},"content":{"rendered":"<div>Yay\u0131n Tarihi: 26.03.2020<\/div>\n<div>ISBN: 9786058079236<\/div>\n<div>Bask\u0131 Say\u0131s\u0131: 7. Bask\u0131<\/div>\n<div>Dil: T\u00dcRK\u00c7E<\/div>\n<div>Sayfa Say\u0131s\u0131: 192<\/div>\n<div>Cilt Tipi: Karton Kapak<\/div>\n<div>Ka\u011f\u0131t Cinsi: Kitap Ka\u011f\u0131d\u0131<\/div>\n<div>Boyut: 11 x 19 cm<\/div>","protected":false},"excerpt":{"rendered":"<p>Allah\u2019\u0131m, bizi birbirimize sevdir ve aram\u0131zdaki gerginli\u011fi, nefreti bertaraf eyle.\u201d<\/p>\n<p>Dua ile Ruhsal Tedavi okuru ibadetin \u00f6z\u00fc, kullu\u011fun bir par\u00e7as\u0131 olan duan\u0131n mucizelerine tan\u0131k k\u0131lan benzersiz bir \u00e7al\u0131\u015fma. Duan\u0131n, insan ruhunun yaralar\u0131n\u0131 iyile\u015ftiren ilahi bir merhem olu\u015fu ilk kez bu kitapta Havas ilmi kapsam\u0131nda ele al\u0131nd\u0131.<\/p>\n<p>Dua ile Ruhsal Tedavi\u2019de cinler ve k\u00f6t\u00fc ruhlar\u0131n etkisine kar\u015f\u0131 okunacak dualardan bahsedilirken, \u00e7evremizde de nas\u0131l manevi bir atmosferin olu\u015fabilece\u011finin ipu\u00e7lar\u0131 veriliyor. Kitap bir yandan da dua etmenin usul\u00fcn\u00fc ve kabul\u00fcn\u00fcn \u015fartlar\u0131n\u0131 anlat\u0131rken di\u011fer yandan da se\u00e7me dualarla ruhsal tedavinin kap\u0131lar\u0131n\u0131 aral\u0131yor.<\/p>\n<p>Ayr\u0131ca Allah\u2019\u0131n \u0130simlerinin S\u0131rlar\u0131yla ve Besmele\u2019nin bir\u00e7ok mucizesiyle ilgili bilgiler sunuluyor.<br \/>\ndevam\u0131n\u0131 oku<\/p>","protected":false},"featured_media":13380,"template":"","meta":{"spay_email":""},"product_cat":[174],"product_tag":[],"item":[1359],"acf":[],"_links":{"self":[{"href":"https:\/\/mgvpublications.com\/de\/wp-json\/wp\/v2\/product\/13379"}],"collection":[{"href":"https:\/\/mgvpublications.com\/de\/wp-json\/wp\/v2\/product"}],"about":[{"href":"https:\/\/mgvpublications.com\/de\/wp-json\/wp\/v2\/types\/product"}],"wp:featuredmedia":[{"embeddable":true,"href":"https:\/\/mgvpublications.com\/de\/wp-json\/wp\/v2\/media\/13380"}],"wp:attachment":[{"href":"https:\/\/mgvpublications.com\/de\/wp-json\/wp\/v2\/media?parent=13379"}],"wp:term":[{"taxonomy":"product_cat","embeddable":true,"href":"https:\/\/mgvpublications.com\/de\/wp-json\/wp\/v2\/product_cat?post=13379"},{"taxonomy":"product_tag","embeddable":true,"href":"https:\/\/mgvpublications.com\/de\/wp-json\/wp\/v2\/product_tag?post=13379"},{"taxonomy":"item","embeddable":true,"href":"https:\/\/mgvpublications.com\/de\/wp-json\/wp\/v2\/item?post=13379"}],"curies":[{"name":"wp","href":"https:\/\/api.w.org\/{rel}","templated":true}]}}