{"id":13371,"date":"2020-09-04T19:01:19","date_gmt":"2020-09-04T17:01:19","guid":{"rendered":"https:\/\/dev2.mgvpublications.com\/produkt\/esma-zikri\/"},"modified":"2022-03-08T22:35:52","modified_gmt":"2022-03-08T21:35:52","slug":"esma-zikri","status":"publish","type":"product","link":"https:\/\/mgvpublications.com\/de\/esma-zikri\/","title":{"rendered":"Esma Zikri"},"content":{"rendered":"<div>Yay\u0131n Tarihi: 20.07.2020<\/div>\n<div>ISBN: 9786056326653<\/div>\n<div>Bask\u0131 Say\u0131s\u0131: 13. Bask\u0131<\/div>\n<div>Dil: T\u00dcRK\u00c7E<\/div>\n<div>Sayfa Say\u0131s\u0131: 475<\/div>\n<div>Cilt Tipi: Karton Kapak<\/div>\n<div>Ka\u011f\u0131t Cinsi: Kitap Ka\u011f\u0131d\u0131<\/div>\n<div>Boyut: 13.5 x 21 cm<\/div>","protected":false},"excerpt":{"rendered":"<p>\u0130sminizin ebced de\u011ferini ve Allah\u2019\u0131n hangi ismine (Esmas\u0131na) denk geldi\u011fini biliyor musunuz?<br \/>\nBuldu\u011funuz Esma ile Allah\u2019\u0131 zikretmeyi ve Allah\u2019\u0131n bu ismi ile O\u2019na dua etmeyi hi\u00e7 d\u00fc\u015f\u00fcnd\u00fcn\u00fcz m\u00fc?<br \/>\nEsm\u00e2\u00fc\u2019l H\u00fcsna\u2019y\u0131 bilmek, zikretmek, manalar\u0131n\u0131 \u00f6\u011frenmek, insano\u011flu i\u00e7in birer \u015fifa kayna\u011f\u0131d\u0131r.<br \/>\nAllah\u2019\u0131n her bir ismi sonsuz s\u0131rlar ta\u015f\u0131r. Ayn\u0131 zamanda kullar\u0131n\u0131n O\u2019na y\u00f6neldi\u011fi birer kap\u0131 mahiyetindedir.<br \/>\nMesela; Rezzak ismi ile r\u0131zk isteriz. \u015eafi ismi ile \u015fifa, Gafur ismi g\u00fcnahlar\u0131m\u0131z\u0131, hatalar\u0131m\u0131z\u0131 affetmesini, Vedud ismi ile sevmeyi, sevilmeyi, sevdi\u011fimize kavu\u015fmay\u0131, Latif ismi ile bir\u00e7ok g\u00fczellikler ve nimetler lutfetmesini isteriz.<br \/>\n\u2018Esm\u00e2 Zikri\u2019nde isminizin ebced de\u011ferini ve isminize bakan Esm\u00e2-i \u0130l\u00e2hiyi bulacak, bu Esm\u00e2larla Y\u00fcce Allah\u2019a du\u00e2 ve zikirlerle yakla\u015farak, hayat\u0131n\u0131zda bir\u00e7ok manevi huzur ve mutluluklar\u0131 ke\u015ffedeceksiniz.<br \/>\ndevam\u0131n\u0131 oku<\/p>","protected":false},"featured_media":16098,"template":"","meta":{"spay_email":""},"product_cat":[174],"product_tag":[],"item":[1359],"acf":[],"_links":{"self":[{"href":"https:\/\/mgvpublications.com\/de\/wp-json\/wp\/v2\/product\/13371"}],"collection":[{"href":"https:\/\/mgvpublications.com\/de\/wp-json\/wp\/v2\/product"}],"about":[{"href":"https:\/\/mgvpublications.com\/de\/wp-json\/wp\/v2\/types\/product"}],"wp:featuredmedia":[{"embeddable":true,"href":"https:\/\/mgvpublications.com\/de\/wp-json\/wp\/v2\/media\/16098"}],"wp:attachment":[{"href":"https:\/\/mgvpublications.com\/de\/wp-json\/wp\/v2\/media?parent=13371"}],"wp:term":[{"taxonomy":"product_cat","embeddable":true,"href":"https:\/\/mgvpublications.com\/de\/wp-json\/wp\/v2\/product_cat?post=13371"},{"taxonomy":"product_tag","embeddable":true,"href":"https:\/\/mgvpublications.com\/de\/wp-json\/wp\/v2\/product_tag?post=13371"},{"taxonomy":"item","embeddable":true,"href":"https:\/\/mgvpublications.com\/de\/wp-json\/wp\/v2\/item?post=13371"}],"curies":[{"name":"wp","href":"https:\/\/api.w.org\/{rel}","templated":true}]}}