{"id":13368,"date":"2020-09-04T18:58:45","date_gmt":"2020-09-04T16:58:45","guid":{"rendered":"https:\/\/dev2.mgvpublications.com\/produkt\/duenya-onlarin-ahiret-bizim-olsun\/"},"modified":"2022-03-08T22:35:52","modified_gmt":"2022-03-08T21:35:52","slug":"duenya-onlarin-ahiret-bizim-olsun","status":"publish","type":"product","link":"https:\/\/mgvpublications.com\/de\/duenya-onlarin-ahiret-bizim-olsun\/","title":{"rendered":"D\u00fcnya Onlar\u0131n Ahiret Bizim Olsun"},"content":{"rendered":"<div>Yay\u0131n Tarihi: 03.05.2016<\/div>\n<div>ISBN: 9786056496295<\/div>\n<div>Bask\u0131 Say\u0131s\u0131: 1. Bask\u0131<\/div>\n<div>Dil: T\u00dcRK\u00c7E<\/div>\n<div>Sayfa Say\u0131s\u0131: 477<\/div>\n<div>Cilt Tipi: Karton Kapak<\/div>\n<div>Ka\u011f\u0131t Cinsi: Kitap Ka\u011f\u0131d\u0131<\/div>\n<div>Boyut: 13.5 x 21 cm<\/div>","protected":false},"excerpt":{"rendered":"<p>Hz. \u00d6mer (ra), sessizce, dinlenmekte oldu\u011fu odaya girer. Bir an \u00e7evresine g\u00f6z gezdirir. Odas\u0131n\u0131n bir yan\u0131nda i\u015flenmi\u015f bir deri, bir di\u011fer k\u00f6\u015fesinde de, i\u00e7inde birka\u00e7 avu\u00e7 arpa bulunan k\u00fc\u00e7\u00fck bir torba vard\u0131. \u0130\u015fte Allah Res\u00fbl\u00fc\u2019n\u00fcn odas\u0131nda bulunan e\u015fyalar bundan ibaretti.<\/p>\n<p>Bu manzara kar\u015f\u0131s\u0131nda a\u011flamaya ba\u015flayan Hz. \u00d6mer\u2019in (ra) h\u0131\u00e7k\u0131r\u0131klar\u0131 Allah Res\u00fbl\u00fc\u2019n\u00fc uyand\u0131r\u0131r. Kalk\u0131nca has\u0131r\u0131n v\u00fccudunda iz yapt\u0131\u011f\u0131n\u0131, kan oturdu\u011funu g\u00f6ren Hz. \u00d6mer (ra) ise omuzlar\u0131 sars\u0131la sars\u0131la a\u011flamaya ba\u015flar.<\/p>\n<p>Peygamber Efendimiz (sav) hayretle sorar:<br \/>\n\u201cEy Hattab o\u011flu! Ni\u00e7in a\u011fl\u0131yorsun?\u201d<br \/>\n\u201cEy Allah\u2019\u0131n El\u00e7isi! \u0130ranl\u0131lar imparatorlar\u0131n\u0131 saraylarda ya\u015fat\u0131rken, Bizansl\u0131lar Kayserlerini l\u00fcks ve ihti\u015fama bo\u011fmu\u015fken sen ki Allah\u2019\u0131n El\u00e7isisin\u2026 \u0130zin versen de, biz de seni\u2026\u201d<\/p>\n<p>Maksat anla\u015f\u0131lm\u0131\u015ft\u0131r, Allah\u2019\u0131n El\u00e7isi (asm), gelecekteki halifesinin s\u00f6z\u00fcn\u00fc h\u00fcz\u00fcnl\u00fc bir tebess\u00fcm, tatl\u0131 bir el i\u015fareti ile keser ve<br \/>\n\u201cBu d\u00fcnya hayat\u0131 sadece bir e\u011flence ve oyundan ibarettir. Ahiret yurduna gelince, i\u015fte as\u0131l hayat odur. Ke\u015fke bilmi\u015f olsalard\u0131 \u201c (Ankebut, 29\/64)<br \/>\nayetini okuduktan sonra ekler:<br \/>\n\u201c\u0130stemez misin ey \u00d6mer? D\u00fcnya onlar\u0131n olsun, ahiret te bizim!..\u201d<br \/>\ndevam\u0131n\u0131 oku<\/p>","protected":false},"featured_media":16097,"template":"","meta":{"spay_email":""},"product_cat":[174],"product_tag":[],"item":[1359],"acf":[],"_links":{"self":[{"href":"https:\/\/mgvpublications.com\/de\/wp-json\/wp\/v2\/product\/13368"}],"collection":[{"href":"https:\/\/mgvpublications.com\/de\/wp-json\/wp\/v2\/product"}],"about":[{"href":"https:\/\/mgvpublications.com\/de\/wp-json\/wp\/v2\/types\/product"}],"wp:featuredmedia":[{"embeddable":true,"href":"https:\/\/mgvpublications.com\/de\/wp-json\/wp\/v2\/media\/16097"}],"wp:attachment":[{"href":"https:\/\/mgvpublications.com\/de\/wp-json\/wp\/v2\/media?parent=13368"}],"wp:term":[{"taxonomy":"product_cat","embeddable":true,"href":"https:\/\/mgvpublications.com\/de\/wp-json\/wp\/v2\/product_cat?post=13368"},{"taxonomy":"product_tag","embeddable":true,"href":"https:\/\/mgvpublications.com\/de\/wp-json\/wp\/v2\/product_tag?post=13368"},{"taxonomy":"item","embeddable":true,"href":"https:\/\/mgvpublications.com\/de\/wp-json\/wp\/v2\/item?post=13368"}],"curies":[{"name":"wp","href":"https:\/\/api.w.org\/{rel}","templated":true}]}}