{"id":13329,"date":"2020-09-01T14:40:05","date_gmt":"2020-09-01T12:40:05","guid":{"rendered":"https:\/\/dev2.mgvpublications.com\/produkt\/huzur\/"},"modified":"2022-03-08T22:35:52","modified_gmt":"2022-03-08T21:35:52","slug":"huzur","status":"publish","type":"product","link":"https:\/\/mgvpublications.com\/de\/huzur\/","title":{"rendered":"Huzur"},"content":{"rendered":"<table>\n<tbody>\n<tr>\n<td>Yay\u0131n Tarihi:<\/td>\n<td>01.09.2013<\/td>\n<\/tr>\n<tr>\n<td>ISBN:<\/td>\n<td>9789759955748<\/td>\n<\/tr>\n<tr>\n<td>Bask\u0131 Say\u0131s\u0131:<\/td>\n<td>21. Bask\u0131<\/td>\n<\/tr>\n<tr>\n<td>Dil:<\/td>\n<td>T\u00dcRK\u00c7E<\/td>\n<\/tr>\n<tr>\n<td>Sayfa Say\u0131s\u0131:<\/td>\n<td>419<\/td>\n<\/tr>\n<tr>\n<td>Cilt Tipi:<\/td>\n<td>Karton Kapak<\/td>\n<\/tr>\n<tr>\n<td>Ka\u011f\u0131t Cinsi:<\/td>\n<td>Kitap Ka\u011f\u0131d\u0131<\/td>\n<\/tr>\n<tr>\n<td>Boyut:<\/td>\n<td>13.5 x 21 cm<\/td>\n<\/tr>\n<\/tbody>\n<\/table>","protected":false},"excerpt":{"rendered":"<p>Huzur&#8217;un kahramanlar\u0131ndan M\u00fcmtaz, roman boyunca kendisini &#8220;huzur&#8221;a kavu\u015fturacak bir &#8220;i\u00e7 nizam&#8221;\u0131 aramaktad\u0131r. Eserde hastal\u0131k, \u00f6l\u00fcm, tabiat, kozmik unsurlar, medeniyet, sosyal meseleler, \u00e7e\u015fitli ruh halleri ve estetik fikirler i\u00e7 i\u00e7e verilir. Ancak b\u00fct\u00fcn bunlar\u0131n \u00fczerinde romana hakim olan M\u00fcmtaz&#8217;la Nuran&#8217;\u0131n a\u015fklar\u0131d\u0131r. \u0130stanbul, bu a\u015fk\u0131n ya\u015fand\u0131\u011f\u0131 \u00e7evre olmaktan \u00e7\u0131karak, adeta bir roman kahraman\u0131 gibi ele al\u0131n\u0131r.<\/p>","protected":false},"featured_media":16096,"template":"","meta":{"spay_email":""},"product_cat":[168],"product_tag":[],"item":[356],"acf":[],"_links":{"self":[{"href":"https:\/\/mgvpublications.com\/de\/wp-json\/wp\/v2\/product\/13329"}],"collection":[{"href":"https:\/\/mgvpublications.com\/de\/wp-json\/wp\/v2\/product"}],"about":[{"href":"https:\/\/mgvpublications.com\/de\/wp-json\/wp\/v2\/types\/product"}],"wp:featuredmedia":[{"embeddable":true,"href":"https:\/\/mgvpublications.com\/de\/wp-json\/wp\/v2\/media\/16096"}],"wp:attachment":[{"href":"https:\/\/mgvpublications.com\/de\/wp-json\/wp\/v2\/media?parent=13329"}],"wp:term":[{"taxonomy":"product_cat","embeddable":true,"href":"https:\/\/mgvpublications.com\/de\/wp-json\/wp\/v2\/product_cat?post=13329"},{"taxonomy":"product_tag","embeddable":true,"href":"https:\/\/mgvpublications.com\/de\/wp-json\/wp\/v2\/product_tag?post=13329"},{"taxonomy":"item","embeddable":true,"href":"https:\/\/mgvpublications.com\/de\/wp-json\/wp\/v2\/item?post=13329"}],"curies":[{"name":"wp","href":"https:\/\/api.w.org\/{rel}","templated":true}]}}