{"id":13325,"date":"2020-08-30T18:10:15","date_gmt":"2020-08-30T16:10:15","guid":{"rendered":"https:\/\/dev2.mgvpublications.com\/produkt\/kirk-hadis-serhi\/"},"modified":"2022-03-08T22:35:52","modified_gmt":"2022-03-08T21:35:52","slug":"kirk-hadis-serhi","status":"publish","type":"product","link":"https:\/\/mgvpublications.com\/de\/kirk-hadis-serhi\/","title":{"rendered":"K\u0131rk Hadis \u015eerhi"},"content":{"rendered":"<table>\n<tbody>\n<tr>\n<td>\u00c7evirmen:<\/td>\n<td><a href=\"https:\/\/www.kitapyurdu.com\/yazar\/prof-dr-abdullah-aydinli\/6461.html\" target=\"_blank\" rel=\"noopener\">Prof. Dr. Abdullah Ayd\u0131nl\u0131<\/a><\/td>\n<\/tr>\n<tr>\n<td>Yay\u0131n Tarihi:<\/td>\n<td>16.03.2015<\/td>\n<\/tr>\n<tr>\n<td>ISBN:<\/td>\n<td>9789755483535<\/td>\n<\/tr>\n<tr>\n<td>Bask\u0131 Say\u0131s\u0131:<\/td>\n<td>1. Bask\u0131<\/td>\n<\/tr>\n<tr>\n<td>Dil:<\/td>\n<td>T\u00dcRK\u00c7E<\/td>\n<\/tr>\n<tr>\n<td>Sayfa Say\u0131s\u0131:<\/td>\n<td>331<\/td>\n<\/tr>\n<tr>\n<td>Cilt Tipi:<\/td>\n<td>Karton Kapak<\/td>\n<\/tr>\n<tr>\n<td>Ka\u011f\u0131t Cinsi:<\/td>\n<td>Kitap Ka\u011f\u0131d\u0131<\/td>\n<\/tr>\n<tr>\n<td>Boyut:<\/td>\n<td>16 x 23.5 cm<\/td>\n<\/tr>\n<\/tbody>\n<\/table>","protected":false},"excerpt":{"rendered":"<p>Konev\u00ee\u2019nin, me\u015fhur olan, kaynaklarda ve muhtelif k\u00fct\u00fcphanelerde bulunan yazmalar\u0131nda farkl\u0131 isimlerle kaydedilmi\u015f bulunan bu k\u0131rk hadis \u015ferhinin g\u00f6r\u00fclebilen yazmalar\u0131nda hadis say\u0131s\u0131 26 ila 29 aras\u0131nda de\u011fi\u015fmektedir. Bundan dolay\u0131 Konev\u00ee\u2019nin onu tamamlayamad\u0131\u011f\u0131 s\u00f6ylenmektedir. Ancak her b\u00f6l\u00fcm ba\u015f\u0131nda \u015ferh edilen hadisle birlikte ayn\u0131 muhtevada olan ba\u015fka hadisler zikredildi\u011fi gibi hadislerin, ehl-i hadis taraf\u0131ndan farkl\u0131 hadis say\u0131lan di\u011fer rivayetlerine de s\u0131k\u00e7a at\u0131flar yap\u0131ld\u0131\u011f\u0131 g\u00f6r\u00fclmektedir. Bunlarla ba\u015fl\u0131klardaki hadis say\u0131s\u0131 elli civar\u0131nda olmaktad\u0131r. Bu durum nazar-\u0131 itibara al\u0131nd\u0131\u011f\u0131nda; \u00f6nce k\u0131rk kadar hadisin topland\u0131\u011f\u0131 sonra \u015ferh esnas\u0131nda ilgili olanlar\u0131n bir araya getirilerek birlikte \u015ferh edildi\u011fi, dolay\u0131s\u0131yla bir eksikli\u011fin bulunmad\u0131\u011f\u0131 da s\u00f6ylenebilir.<\/p>","protected":false},"featured_media":13326,"template":"","meta":{"spay_email":""},"product_cat":[174],"product_tag":[],"item":[1522],"acf":[],"_links":{"self":[{"href":"https:\/\/mgvpublications.com\/de\/wp-json\/wp\/v2\/product\/13325"}],"collection":[{"href":"https:\/\/mgvpublications.com\/de\/wp-json\/wp\/v2\/product"}],"about":[{"href":"https:\/\/mgvpublications.com\/de\/wp-json\/wp\/v2\/types\/product"}],"wp:featuredmedia":[{"embeddable":true,"href":"https:\/\/mgvpublications.com\/de\/wp-json\/wp\/v2\/media\/13326"}],"wp:attachment":[{"href":"https:\/\/mgvpublications.com\/de\/wp-json\/wp\/v2\/media?parent=13325"}],"wp:term":[{"taxonomy":"product_cat","embeddable":true,"href":"https:\/\/mgvpublications.com\/de\/wp-json\/wp\/v2\/product_cat?post=13325"},{"taxonomy":"product_tag","embeddable":true,"href":"https:\/\/mgvpublications.com\/de\/wp-json\/wp\/v2\/product_tag?post=13325"},{"taxonomy":"item","embeddable":true,"href":"https:\/\/mgvpublications.com\/de\/wp-json\/wp\/v2\/item?post=13325"}],"curies":[{"name":"wp","href":"https:\/\/api.w.org\/{rel}","templated":true}]}}