{"id":13320,"date":"2020-08-28T14:54:55","date_gmt":"2020-08-28T12:54:55","guid":{"rendered":"https:\/\/dev2.mgvpublications.com\/produkt\/hacker-bir-sibermafya-patronunun-gercek-oeykuesue\/"},"modified":"2022-03-08T22:35:52","modified_gmt":"2022-03-08T21:35:52","slug":"hacker-bir-sibermafya-patronunun-gercek-oeykuesue","status":"publish","type":"product","link":"https:\/\/mgvpublications.com\/de\/hacker-bir-sibermafya-patronunun-gercek-oeykuesue\/","title":{"rendered":"Hacker: Bir Sibermafya Patronunun Ger\u00e7ek \u00d6yk\u00fcs\u00fc"},"content":{"rendered":"<div>Kapak: Ali Sinan \u00c7ulhao\u011flu<\/div>\n<div>Yay\u0131n Tarihi: 18.06.2020<\/div>\n<div>Orijinal Ad\u0131: Kingpin: How One Hacker Took Over the Billion-Dollar Cybercrime Underground<\/div>\n<div>ISBN: 9786052998922<\/div>\n<div>Bask\u0131 Say\u0131s\u0131: 1. Bask\u0131<\/div>\n<div>Dil: T\u00dcRK\u00c7E<\/div>\n<div>Sayfa Say\u0131s\u0131: 312<\/div>\n<div>Cilt Tipi: Karton Kapak<\/div>\n<div>Ka\u011f\u0131t Cinsi: Kitap Ka\u011f\u0131d\u0131<\/div>\n<div>Boyut: 13.5 x 21 cm<\/div>","protected":false},"excerpt":{"rendered":"<p>Hackerlar\u0131n yeralt\u0131 d\u00fcnyas\u0131nda s\u00f6ylentiler yeni bir vir\u00fcs gibi h\u0131zla yay\u0131ld\u0131: Birileri \u2013d\u00e2hi ve y\u00fcrekli bir su\u00e7lu\u2013 ABD ekonomisinden her y\u0131l milyarlarca dolar \u00e7eken bir internet \u015febekesini tek ba\u015f\u0131na ele ge\u00e7irmi\u015fti!<\/p>\n<p>Bu yeni eleba\u015f\u0131n\u0131 yakalamak i\u00e7in FBI h\u0131rsl\u0131 bir operasyon ba\u015flatt\u0131. D\u00fcnyan\u0131n \u00e7e\u015fitli emniyet birimleri de k\u00f6stebek ve \u00e7ift tarafl\u0131 ajanlar\u0131n\u0131 kulland\u0131lar. Siberpolisler hi\u00e7bir \u015feyden \u015f\u00fcphelenmeyen d\u00fczinelerce hacker\u0131 yakalad\u0131lar. Ancak her defas\u0131nda as\u0131l hedefleri, muhbirleri fark edip ka\u00e7may\u0131 ba\u015farabildi.<\/p>\n<p>Arad\u0131klar\u0131 ki\u015fi al\u0131\u015f\u0131ld\u0131k bir su\u00e7lu de\u011fildi: \u00c7ifte hayat s\u00fcren d\u00e2hi bir programc\u0131yd\u0131. Tan\u0131nm\u0131\u015f bir \u201cbeyaz \u015fapkal\u0131\u201d hacker olarak bilgisayar d\u00fcnyas\u0131na ve hatta FBI\u2019a yard\u0131m eden \u00fcnl\u00fc bir bilgisayar programc\u0131s\u0131yd\u0131. Ancak \u201csiyah \u015fapkal\u0131\u201d hacker \u201cIceman\u201d olarak veri h\u0131rs\u0131zl\u0131\u011f\u0131 d\u00fcnyas\u0131nda becerilerini test etmeden duram\u0131yordu. ABD \u00e7ap\u0131nda binlerce bilgisayara girip milyonlarca kredi kart\u0131 numaras\u0131n\u0131 zahmetsizce \u00e7al\u0131yordu. Onun gibi hackerlar\u0131n \u00e7ald\u0131klar\u0131n\u0131 burunlar\u0131n\u0131n dibinden tekrar \u00e7al\u0131yordu. A\u011fz\u0131 \u00e7ok laf yapan bir doland\u0131r\u0131c\u0131yla birlikte bir su\u00e7 \u015febekesini y\u00f6netiyordu.<\/p>","protected":false},"featured_media":16093,"template":"","meta":{"spay_email":""},"product_cat":[1588],"product_tag":[],"item":[813],"acf":[],"_links":{"self":[{"href":"https:\/\/mgvpublications.com\/de\/wp-json\/wp\/v2\/product\/13320"}],"collection":[{"href":"https:\/\/mgvpublications.com\/de\/wp-json\/wp\/v2\/product"}],"about":[{"href":"https:\/\/mgvpublications.com\/de\/wp-json\/wp\/v2\/types\/product"}],"wp:featuredmedia":[{"embeddable":true,"href":"https:\/\/mgvpublications.com\/de\/wp-json\/wp\/v2\/media\/16093"}],"wp:attachment":[{"href":"https:\/\/mgvpublications.com\/de\/wp-json\/wp\/v2\/media?parent=13320"}],"wp:term":[{"taxonomy":"product_cat","embeddable":true,"href":"https:\/\/mgvpublications.com\/de\/wp-json\/wp\/v2\/product_cat?post=13320"},{"taxonomy":"product_tag","embeddable":true,"href":"https:\/\/mgvpublications.com\/de\/wp-json\/wp\/v2\/product_tag?post=13320"},{"taxonomy":"item","embeddable":true,"href":"https:\/\/mgvpublications.com\/de\/wp-json\/wp\/v2\/item?post=13320"}],"curies":[{"name":"wp","href":"https:\/\/api.w.org\/{rel}","templated":true}]}}