{"id":13308,"date":"2020-08-24T18:03:34","date_gmt":"2020-08-24T16:03:34","guid":{"rendered":"https:\/\/dev2.mgvpublications.com\/produkt\/guenese-yolculuk-hz-muhammed-s-a-vin-hayati\/"},"modified":"2022-03-08T22:35:52","modified_gmt":"2022-03-08T21:35:52","slug":"guenese-yolculuk-hz-muhammed-s-a-vin-hayati","status":"publish","type":"product","link":"https:\/\/mgvpublications.com\/de\/guenese-yolculuk-hz-muhammed-s-a-vin-hayati\/","title":{"rendered":"G\u00fcne\u015fe Yolculuk: Hz. Muhammed (S.A.V)&#8217;in Hayat\u0131"},"content":{"rendered":"<p>\u00c7izer:\tH. \u015eeyma Yeni\u00e7eri<br \/>\nYay\u0131n Tarihi:\t12.03.2020<br \/>\nISBN:\t9789756446997<br \/>\nBask\u0131 Say\u0131s\u0131:\t25. Bask\u0131<br \/>\nDil:\tT\u00dcRK\u00c7E<br \/>\nSayfa Say\u0131s\u0131:\t216<br \/>\nCilt Tipi:\tKarton Kapak<br \/>\nKa\u011f\u0131t Cinsi:\tKitap Ka\u011f\u0131d\u0131<br \/>\nBoyut:\t13.5 x 21 cm<\/p>","protected":false},"excerpt":{"rendered":"<p>\u201cG\u00fcne\u015fe Yolculuk\u201d k\u00fc\u00e7\u00fck bir k\u0131z\u0131n Peygamberimizin hayat\u0131na yapt\u0131\u011f\u0131 yolculu\u011fu anlat\u0131yor. K\u00e2inat\u0131n G\u00fcne\u015fi\u2019ne yap\u0131lan bu yolculukta, ona bazen kar\u0131ncalar, bazen masal kahramanlar\u0131, bazen toz zerreleri, bazen g\u00f6lgeler e\u015flik ediyor. Yolculu\u011fun mutluluk \u00e7a\u011f\u0131na yap\u0131lmas\u0131 y\u00fcz\u00fcnden, zaman ve mekan k\u00fc\u00e7\u00fck k\u0131za yard\u0131m ediyor, onu istedi\u011fi yere ula\u015ft\u0131r\u0131yor. K\u00fc\u00e7\u00fck k\u0131z, yolda hayvan ve e\u015fyalarla konu\u015fup, onlar\u0131n ger\u00e7ek kimliklerini \u00f6\u011freniyor; a\u015fk\u0131n, tevekk\u00fcl\u00fcn, sabr\u0131n imtihan\u0131ndan ge\u00e7iyor. K\u00fc\u00e7\u00fck k\u0131z, yolculu\u011fun sonunda K\u00e2inat\u0131n G\u00fcne\u015fi\u2019ni tan\u0131yor ve O\u2019ndan daha \u00f6nemli bir bilgi, O\u2019ndan daha \u00f6nemli bir i\u015f, O\u2019ndan daha k\u0131ymetli bir insan olmad\u0131\u011f\u0131n\u0131 \u00f6\u011freniyor. Hz. Muhammed\u2019in sevgisiyle t\u00fcm k\u00f6t\u00fc huylar\u0131ndan kurtulup yeni bir kimlik kazan\u0131yor. Bu ise k\u00fc\u00e7\u00fck k\u0131za, yani Zehra\u2019ya tevekk\u00fcl sahibi olmay\u0131, sayg\u0131y\u0131, kendinden k\u00f6t\u00fc durumdakileri d\u00fc\u015f\u00fcnmeyi ve daha pek \u00e7ok g\u00fczel duyguyu hediye ediyor.<\/p>","protected":false},"featured_media":13309,"template":"","meta":{"spay_email":""},"product_cat":[172,174],"product_tag":[],"item":[841],"acf":[],"_links":{"self":[{"href":"https:\/\/mgvpublications.com\/de\/wp-json\/wp\/v2\/product\/13308"}],"collection":[{"href":"https:\/\/mgvpublications.com\/de\/wp-json\/wp\/v2\/product"}],"about":[{"href":"https:\/\/mgvpublications.com\/de\/wp-json\/wp\/v2\/types\/product"}],"wp:featuredmedia":[{"embeddable":true,"href":"https:\/\/mgvpublications.com\/de\/wp-json\/wp\/v2\/media\/13309"}],"wp:attachment":[{"href":"https:\/\/mgvpublications.com\/de\/wp-json\/wp\/v2\/media?parent=13308"}],"wp:term":[{"taxonomy":"product_cat","embeddable":true,"href":"https:\/\/mgvpublications.com\/de\/wp-json\/wp\/v2\/product_cat?post=13308"},{"taxonomy":"product_tag","embeddable":true,"href":"https:\/\/mgvpublications.com\/de\/wp-json\/wp\/v2\/product_tag?post=13308"},{"taxonomy":"item","embeddable":true,"href":"https:\/\/mgvpublications.com\/de\/wp-json\/wp\/v2\/item?post=13308"}],"curies":[{"name":"wp","href":"https:\/\/api.w.org\/{rel}","templated":true}]}}