{"id":13300,"date":"2020-08-24T17:52:27","date_gmt":"2020-08-24T15:52:27","guid":{"rendered":"https:\/\/dev2.mgvpublications.com\/produkt\/ucma-taklidi\/"},"modified":"2022-03-08T22:35:50","modified_gmt":"2022-03-08T21:35:50","slug":"ucma-taklidi","status":"publish","type":"product","link":"https:\/\/mgvpublications.com\/de\/ucma-taklidi\/","title":{"rendered":"U\u00e7ma Taklidi"},"content":{"rendered":"","protected":false},"excerpt":{"rendered":"<p>upuzun bir y\u0131lan gibi \u00e7evreliyor d\u00fcnyay\u0131 kelimeler mezarl\u0131klara ba\u015f\u0131m\u0131z\u0131 sokmu\u015f, \u00f6l\u00fc yiyoruz<br \/>\nh\u00e2lbuki biz birbirimizi severdik hat\u0131rla<br \/>\nsana bir \u015fey olsa, g\u00fcnlerimin beti benzi atard\u0131<br \/>\nbir bardak dua getirirdin sen de<br \/>\nbu so\u011fuk iman girmeden g\u00f6\u011fs\u00fcm\u00fcze<\/p>","protected":false},"featured_media":13301,"template":"","meta":{"spay_email":""},"product_cat":[168],"product_tag":[],"item":[841],"acf":[],"_links":{"self":[{"href":"https:\/\/mgvpublications.com\/de\/wp-json\/wp\/v2\/product\/13300"}],"collection":[{"href":"https:\/\/mgvpublications.com\/de\/wp-json\/wp\/v2\/product"}],"about":[{"href":"https:\/\/mgvpublications.com\/de\/wp-json\/wp\/v2\/types\/product"}],"wp:featuredmedia":[{"embeddable":true,"href":"https:\/\/mgvpublications.com\/de\/wp-json\/wp\/v2\/media\/13301"}],"wp:attachment":[{"href":"https:\/\/mgvpublications.com\/de\/wp-json\/wp\/v2\/media?parent=13300"}],"wp:term":[{"taxonomy":"product_cat","embeddable":true,"href":"https:\/\/mgvpublications.com\/de\/wp-json\/wp\/v2\/product_cat?post=13300"},{"taxonomy":"product_tag","embeddable":true,"href":"https:\/\/mgvpublications.com\/de\/wp-json\/wp\/v2\/product_tag?post=13300"},{"taxonomy":"item","embeddable":true,"href":"https:\/\/mgvpublications.com\/de\/wp-json\/wp\/v2\/item?post=13300"}],"curies":[{"name":"wp","href":"https:\/\/api.w.org\/{rel}","templated":true}]}}