{"id":13292,"date":"2020-08-24T17:44:42","date_gmt":"2020-08-24T15:44:42","guid":{"rendered":"https:\/\/dev2.mgvpublications.com\/produkt\/oyun-gezegeni-kral-sakir-ilk-okuma-kitabi-3\/"},"modified":"2022-06-19T16:08:07","modified_gmt":"2022-06-19T14:08:07","slug":"oyun-gezegeni-kral-sakir-ilk-okuma-kitabi-3","status":"publish","type":"product","link":"https:\/\/mgvpublications.com\/de\/oyun-gezegeni-kral-sakir-ilk-okuma-kitabi-3\/","title":{"rendered":"Oyun Gezegeni \/ Kral \u015eakir \u0130lk Okuma Kitab\u0131 3"},"content":{"rendered":"<p>Yay\u0131n Tarihi: 09.01.2020<br \/>ISBN: 9786057690357<br \/>Dil: T\u00dcRK\u00c7E<br \/>Sayfa Say\u0131s\u0131: 32<br \/>Cilt Tipi: Karton Kapak<br \/>Ka\u011f\u0131t Cinsi: 1. Hm. Ka\u011f\u0131t<br \/>Boyut: 22 x 22 cm<\/p>","protected":false},"excerpt":{"rendered":"<p>Selam arkada\u015flar ben \u015eakir, herkesin bildi\u011fi \u015fekilde Kral \u015eakir! Ben ve benim \u00e7\u0131lg\u0131n ailem bu sefer de ilk okuma kitaplar\u0131yla maceradan maceraya ko\u015fuyoruz. Beden e\u011fitimi dersimize Mirket A\u011fabey\u2019in girdi\u011fi g\u00fcn spor dolu yar\u0131\u015fmalar yapt\u0131\u011f\u0131m\u0131z \u00e7ok e\u011flenceli bir ders oldu. Bu yar\u0131\u015fmalar sayesinde ba\u015far\u0131l\u0131 oldu\u011fumuz oyunlar\u0131 bulman\u0131n keyfini \u00e7\u0131kard\u0131k. Bakal\u0131m hangi oyunlarda ba\u015far\u0131l\u0131 oldu\u011fumuzu tahmin edebilecek misiniz?<\/p>","protected":false},"featured_media":23253,"template":"","meta":{"spay_email":""},"product_cat":[172],"product_tag":[],"item":[1268],"acf":[],"_links":{"self":[{"href":"https:\/\/mgvpublications.com\/de\/wp-json\/wp\/v2\/product\/13292"}],"collection":[{"href":"https:\/\/mgvpublications.com\/de\/wp-json\/wp\/v2\/product"}],"about":[{"href":"https:\/\/mgvpublications.com\/de\/wp-json\/wp\/v2\/types\/product"}],"wp:featuredmedia":[{"embeddable":true,"href":"https:\/\/mgvpublications.com\/de\/wp-json\/wp\/v2\/media\/23253"}],"wp:attachment":[{"href":"https:\/\/mgvpublications.com\/de\/wp-json\/wp\/v2\/media?parent=13292"}],"wp:term":[{"taxonomy":"product_cat","embeddable":true,"href":"https:\/\/mgvpublications.com\/de\/wp-json\/wp\/v2\/product_cat?post=13292"},{"taxonomy":"product_tag","embeddable":true,"href":"https:\/\/mgvpublications.com\/de\/wp-json\/wp\/v2\/product_tag?post=13292"},{"taxonomy":"item","embeddable":true,"href":"https:\/\/mgvpublications.com\/de\/wp-json\/wp\/v2\/item?post=13292"}],"curies":[{"name":"wp","href":"https:\/\/api.w.org\/{rel}","templated":true}]}}