{"id":13284,"date":"2020-08-23T16:27:25","date_gmt":"2020-08-23T14:27:25","guid":{"rendered":"https:\/\/dev2.mgvpublications.com\/produkt\/dehani-kesfet-zekani-ve-hafizani-gelistir\/"},"modified":"2022-03-08T22:35:49","modified_gmt":"2022-03-08T21:35:49","slug":"dehani-kesfet-zekani-ve-hafizani-gelistir","status":"publish","type":"product","link":"https:\/\/mgvpublications.com\/de\/dehani-kesfet-zekani-ve-hafizani-gelistir\/","title":{"rendered":"Dehan\u0131 Ke\u015ffet Zekan\u0131 ve Haf\u0131zan\u0131 Geli\u015ftir"},"content":{"rendered":"<table>\n<tbody>\n<tr>\n<td>Yay\u0131n Tarihi:<\/td>\n<td>16.02.2016<\/td>\n<\/tr>\n<tr>\n<td>ISBN:<\/td>\n<td>9786055878252<\/td>\n<\/tr>\n<tr>\n<td>Bask\u0131 Say\u0131s\u0131:<\/td>\n<td>4. Bask\u0131<\/td>\n<\/tr>\n<tr>\n<td>Dil:<\/td>\n<td>T\u00dcRK\u00c7E<\/td>\n<\/tr>\n<tr>\n<td>Sayfa Say\u0131s\u0131:<\/td>\n<td>256<\/td>\n<\/tr>\n<tr>\n<td>Cilt Tipi:<\/td>\n<td>Karton Kapak<\/td>\n<\/tr>\n<tr>\n<td>Ka\u011f\u0131t Cinsi:<\/td>\n<td>Kitap Ka\u011f\u0131d\u0131<\/td>\n<\/tr>\n<tr>\n<td>Boyut:<\/td>\n<td>13.5 x 21 cm<\/td>\n<\/tr>\n<\/tbody>\n<\/table>","protected":false},"excerpt":{"rendered":"<p>B\u00fct\u00fcn zaferler beyinle kazan\u0131l\u0131r. Ba\u015far\u0131l\u0131 ve mutu olmak i\u00e7in beynimizi etkili ve verimli kullanmam\u0131z \u015fart. Bilim adamlar\u0131 beynimizde h\u00fccre p\u0131narlar\u0131n\u0131n oldu\u011funu ve her g\u00fcn yeni h\u00fccreler yarat\u0131ld\u0131\u011f\u0131n\u0131 tespit etmi\u015flerdir. Yeni bilgiler \u00f6\u011frendik\u00e7e beyin gen\u00e7le\u015fir ve din\u00e7le\u015fir.<\/p>\n<p>\u00d6\u011frenmek beyni \u015f\u00f6yle etkiler: Yeni bilgiler, yeni h\u00fccrelere y\u00fcklenir, \u00f6\u011frenme ger\u00e7ekle\u015fir; \u00f6\u011frenmek beynin geli\u015fmesini sa\u011flar.<\/p>\n<p>\u00d6\u011frendik\u00e7e beynimizdeki h\u00fccreler aras\u0131nda sinaptik ba\u011flant\u0131lar kurulur, var olan ba\u011flant\u0131lar g\u00fc\u00e7lenir ve beyindeki bilgi dosyalar\u0131 b\u00fcy\u00fcr, zekam\u0131z geli\u015fir.<\/p>\n<p>\u00d6\u011frendik\u00e7e beyin yenilenir; d\u00fc\u015f\u00fcnme, anlama, problem \u00e7\u00f6zme yetene\u011fi artar. Ki\u015fiden ki\u015fiye de\u011fi\u015fmekle birlikte, genel olarak insanlar\u0131:<br \/>\n* Ba\u015far\u0131l\u0131 olmak, takdir g\u00f6rmek, be\u011fenilmek ve \u00f6d\u00fcl almak<br \/>\n* Sevdi\u011fi i\u015fi yapmak<br \/>\n* Allah r\u0131zas\u0131n\u0131 kazand\u0131racak eserler b\u0131rakmak<br \/>\n* \u0130yilik yapmak ve sevap kazanmak<br \/>\n* Okumak ve yeni bilgiler \u00f6\u011frenmek<br \/>\n* Gezi, g\u00f6zlem yapmak ve tefekk\u00fcr ufkunu geni\u015fletmek<br \/>\n* Sevdikleri ile birlikte olmak<br \/>\n* Sevimli ve ba\u015far\u0131l\u0131 \u00e7ocuklara sahip olmak mutlu ediyor.<\/p>\n<p>Bu kitap, \u00f6\u011frenmenin beyni geli\u015ftirdi\u011fini; ders \u00e7al\u0131\u015fman\u0131n, okuman\u0131n ve \u00f6\u011frenmenin bir beyin ziyafeti oldu\u011funu anlat\u0131yor. Daha da \u00f6nemlisi bilginin beyin vitamini oldu\u011funu ispat ediyor. Deham\u0131z\u0131 ke\u015ffetmek, zekam\u0131z\u0131 ve haf\u0131zam\u0131z\u0131 geli\u015ftirmek kendi elimizde&#8230;<\/p>","protected":false},"featured_media":13285,"template":"","meta":{"spay_email":""},"product_cat":[216],"product_tag":[],"item":[443],"acf":[],"_links":{"self":[{"href":"https:\/\/mgvpublications.com\/de\/wp-json\/wp\/v2\/product\/13284"}],"collection":[{"href":"https:\/\/mgvpublications.com\/de\/wp-json\/wp\/v2\/product"}],"about":[{"href":"https:\/\/mgvpublications.com\/de\/wp-json\/wp\/v2\/types\/product"}],"wp:featuredmedia":[{"embeddable":true,"href":"https:\/\/mgvpublications.com\/de\/wp-json\/wp\/v2\/media\/13285"}],"wp:attachment":[{"href":"https:\/\/mgvpublications.com\/de\/wp-json\/wp\/v2\/media?parent=13284"}],"wp:term":[{"taxonomy":"product_cat","embeddable":true,"href":"https:\/\/mgvpublications.com\/de\/wp-json\/wp\/v2\/product_cat?post=13284"},{"taxonomy":"product_tag","embeddable":true,"href":"https:\/\/mgvpublications.com\/de\/wp-json\/wp\/v2\/product_tag?post=13284"},{"taxonomy":"item","embeddable":true,"href":"https:\/\/mgvpublications.com\/de\/wp-json\/wp\/v2\/item?post=13284"}],"curies":[{"name":"wp","href":"https:\/\/api.w.org\/{rel}","templated":true}]}}