{"id":13279,"date":"2020-08-23T12:16:47","date_gmt":"2020-08-23T10:16:47","guid":{"rendered":"https:\/\/dev2.mgvpublications.com\/produkt\/dikkat-vuecudunuz-konusuyor-tuerkiyede-beden-dili-is-yasami-ve-renkler\/"},"modified":"2022-03-08T22:35:49","modified_gmt":"2022-03-08T21:35:49","slug":"dikkat-vuecudunuz-konusuyor-tuerkiyede-beden-dili-is-yasami-ve-renkler","status":"publish","type":"product","link":"https:\/\/mgvpublications.com\/de\/dikkat-vuecudunuz-konusuyor-tuerkiyede-beden-dili-is-yasami-ve-renkler\/","title":{"rendered":"Dikkat V\u00fccudunuz Konu\u015fuyor \/ T\u00fcrkiye&#8217;de Beden Dili \u0130\u015f Ya\u015fam\u0131 ve Renkler"},"content":{"rendered":"<div class=\"attributes\">\n<table>\n<tbody>\n<tr>\n<td>Yay\u0131n Tarihi:<\/td>\n<td>28.02.2018<\/td>\n<\/tr>\n<tr>\n<td>ISBN:<\/td>\n<td>9789756093115<\/td>\n<\/tr>\n<tr>\n<td>Bask\u0131 Say\u0131s\u0131:<\/td>\n<td>84. Bask\u0131<\/td>\n<\/tr>\n<tr>\n<td>Dil:<\/td>\n<td>T\u00dcRK\u00c7E<\/td>\n<\/tr>\n<tr>\n<td>Sayfa Say\u0131s\u0131:<\/td>\n<td>212<\/td>\n<\/tr>\n<tr>\n<td>Cilt Tipi:<\/td>\n<td>Karton Kapak<\/td>\n<\/tr>\n<tr>\n<td>Ka\u011f\u0131t Cinsi:<\/td>\n<td>Kitap Ka\u011f\u0131d\u0131<\/td>\n<\/tr>\n<tr>\n<td>Boyut:<\/td>\n<td>13.5 x 21 cm<\/td>\n<\/tr>\n<\/tbody>\n<\/table>\n<\/div>","protected":false},"excerpt":{"rendered":"<p>&#8220;Yata\u011fa uzan\u0131rken uykunuzu getirsin diye elinize ald\u0131\u011f\u0131n\u0131z bir kitab\u0131n b\u00fct\u00fcn gece sizi uyutmad\u0131\u011f\u0131 oldu mu? Dikkat V\u00fccudunuz Konu\u015fuyor b\u00f6yle bir kitap.&#8221;<br \/>\n&#8211; Dr. \u00d6ner G\u00f6v<\/p>\n<p>&#8220;Y\u0131llard\u0131r yerli yabanc\u0131 uzmanlar\u0131n verdi\u011fi \u00fcst d\u00fczey bir \u00e7ok e\u011fitim program\u0131na kat\u0131ld\u0131m, bu kadar etkileyici bir seminerle kar\u015f\u0131la\u015fmad\u0131\u011f\u0131m\u0131 rahatl\u0131kla s\u00f6yleyebilirim.&#8221;<br \/>\n&#8211; Atilla Okumu\u015f<br \/>\nJumbo Genel M\u00fcd\u00fcr\u00fc<\/p>\n<p>&#8220;\u0130\u015f ya\u015fam\u0131ndaki ba\u015far\u0131lar\u0131n\u0131 uzun s\u00fcredir yak\u0131ndan izledi\u011fim \u015eerif \u0130zg\u00f6ren&#8217;in i\u015f ya\u015fam\u0131ndaki deneyimlerini ileti\u015fim ba\u015fl\u0131\u011f\u0131 alt\u0131nda okumak \u00e7ok etkileyiciydi. Herkesin, hayatla ilgili bir \u015feyler \u00f6\u011frenece\u011fi bir kitap.&#8221;<br \/>\n&#8211; Prof. Dr. Vahap Katkat<\/p>\n<p>&#8220;34 ya\u015f\u0131nday\u0131m, 34 y\u0131ld\u0131r b\u00f6yle ilgin\u00e7 bir e\u011fitim almam\u0131\u015ft\u0131m ya\u015fama bak\u0131\u015f a\u00e7\u0131ma \u00e7ok \u015fey ekledi\u011fini d\u00fc\u015f\u00fcn\u00fcyorum.&#8221;<br \/>\n&#8211; \u00d6nder Ayta\u00e7<br \/>\nPolis Akademisi \u00d6\u011fretim \u00dcyesi<\/p>\n<p>&#8220;Bu kitap i\u00e7in keyifli ve etkileyici kelimelerinin yetersiz oldu\u011funu d\u00fc\u015f\u00fcn\u00fcyorum. Fark\u0131nda olmad\u0131\u011f\u0131m\u0131z bir hayat\u0131n bize sunulu\u015fu&#8221;<br \/>\n&#8211; Prof. Dr. Cihan Ak\u00e7aboy<\/p>\n<p>&#8220;Okudu\u011funuz ve unutamad\u0131\u011f\u0131n\u0131z iki elin parmaklar\u0131 kadar kitap vard\u0131r, kesinlikle onlardan birisi&#8221;<br \/>\n&#8211; \u0130smail \u0130\u011fdeli<br \/>\n(Arka Kapak)<\/p>","protected":false},"featured_media":13280,"template":"","meta":{"spay_email":""},"product_cat":[216],"product_tag":[],"item":[686],"acf":[],"_links":{"self":[{"href":"https:\/\/mgvpublications.com\/de\/wp-json\/wp\/v2\/product\/13279"}],"collection":[{"href":"https:\/\/mgvpublications.com\/de\/wp-json\/wp\/v2\/product"}],"about":[{"href":"https:\/\/mgvpublications.com\/de\/wp-json\/wp\/v2\/types\/product"}],"wp:featuredmedia":[{"embeddable":true,"href":"https:\/\/mgvpublications.com\/de\/wp-json\/wp\/v2\/media\/13280"}],"wp:attachment":[{"href":"https:\/\/mgvpublications.com\/de\/wp-json\/wp\/v2\/media?parent=13279"}],"wp:term":[{"taxonomy":"product_cat","embeddable":true,"href":"https:\/\/mgvpublications.com\/de\/wp-json\/wp\/v2\/product_cat?post=13279"},{"taxonomy":"product_tag","embeddable":true,"href":"https:\/\/mgvpublications.com\/de\/wp-json\/wp\/v2\/product_tag?post=13279"},{"taxonomy":"item","embeddable":true,"href":"https:\/\/mgvpublications.com\/de\/wp-json\/wp\/v2\/item?post=13279"}],"curies":[{"name":"wp","href":"https:\/\/api.w.org\/{rel}","templated":true}]}}