{"id":13274,"date":"2020-08-23T11:32:16","date_gmt":"2020-08-23T09:32:16","guid":{"rendered":"https:\/\/dev2.mgvpublications.com\/produkt\/suepermen-ve-ugur-boecegi\/"},"modified":"2022-03-08T22:35:47","modified_gmt":"2022-03-08T21:35:47","slug":"suepermen-ve-ugur-boecegi","status":"publish","type":"product","link":"https:\/\/mgvpublications.com\/de\/suepermen-ve-ugur-boecegi\/","title":{"rendered":"S\u00fcpermen ve U\u011fur B\u00f6ce\u011fi"},"content":{"rendered":"<table>\n<tbody>\n<tr>\n<td>Yay\u0131n Tarihi:<\/td>\n<td>01.06.2018<\/td>\n<\/tr>\n<tr>\n<td>ISBN:<\/td>\n<td>9789756093054<\/td>\n<\/tr>\n<tr>\n<td>Bask\u0131 Say\u0131s\u0131:<\/td>\n<td>27. Bask\u0131<\/td>\n<\/tr>\n<tr>\n<td>Dil:<\/td>\n<td>T\u00dcRK\u00c7E<\/td>\n<\/tr>\n<tr>\n<td>Sayfa Say\u0131s\u0131:<\/td>\n<td>191<\/td>\n<\/tr>\n<tr>\n<td>Cilt Tipi:<\/td>\n<td>Karton Kapak<\/td>\n<\/tr>\n<tr>\n<td>Ka\u011f\u0131t Cinsi:<\/td>\n<td>Kitap Ka\u011f\u0131d\u0131<\/td>\n<\/tr>\n<tr>\n<td>Boyut:<\/td>\n<td>14 x 21 cm<\/td>\n<\/tr>\n<\/tbody>\n<\/table>","protected":false},"excerpt":{"rendered":"<p>\u00dclke ikiye b\u00f6l\u00fcnd\u00fc!<br \/>\n\u0130\u015fte size bir tercih hakk\u0131: Ya S\u00fcpermen olacaks\u0131n\u0131z ya da U\u011fur B\u00f6ce\u011fi!<br \/>\nS\u00fcpermen hayal \u00fcr\u00fcn\u00fcd\u00fcr; U\u011fur B\u00f6ce\u011fi ise ger\u00e7ek!<br \/>\nS\u00fcpermen \u00fcnl\u00fcd\u00fcr; U\u011fur B\u00f6ce\u011fi \u00fcnl\u00fc de\u011fildir!<br \/>\n&#8220;Amac\u0131m sizi bu s\u0131radan \u00fclkedeki ola\u011fan\u00fcst\u00fc insanlarla tan\u0131\u015ft\u0131rmak. Bu ola\u011fan\u00fcst\u00fc insanlar\u0131n ortak bir \u00f6zelli\u011fi var; Hepsinin hayat\u0131 \u00e7ok s\u0131radan. Kafan\u0131z kar\u0131\u015ft\u0131 de\u011fil mi?&#8221;<\/p>","protected":false},"featured_media":13275,"template":"","meta":{"spay_email":""},"product_cat":[216],"product_tag":[],"item":[686],"acf":[],"_links":{"self":[{"href":"https:\/\/mgvpublications.com\/de\/wp-json\/wp\/v2\/product\/13274"}],"collection":[{"href":"https:\/\/mgvpublications.com\/de\/wp-json\/wp\/v2\/product"}],"about":[{"href":"https:\/\/mgvpublications.com\/de\/wp-json\/wp\/v2\/types\/product"}],"wp:featuredmedia":[{"embeddable":true,"href":"https:\/\/mgvpublications.com\/de\/wp-json\/wp\/v2\/media\/13275"}],"wp:attachment":[{"href":"https:\/\/mgvpublications.com\/de\/wp-json\/wp\/v2\/media?parent=13274"}],"wp:term":[{"taxonomy":"product_cat","embeddable":true,"href":"https:\/\/mgvpublications.com\/de\/wp-json\/wp\/v2\/product_cat?post=13274"},{"taxonomy":"product_tag","embeddable":true,"href":"https:\/\/mgvpublications.com\/de\/wp-json\/wp\/v2\/product_tag?post=13274"},{"taxonomy":"item","embeddable":true,"href":"https:\/\/mgvpublications.com\/de\/wp-json\/wp\/v2\/item?post=13274"}],"curies":[{"name":"wp","href":"https:\/\/api.w.org\/{rel}","templated":true}]}}