{"id":13260,"date":"2020-08-22T16:43:14","date_gmt":"2020-08-22T14:43:14","guid":{"rendered":"https:\/\/dev2.mgvpublications.com\/produkt\/okulda-ilk-guen-kral-sakir-ilk-okuma-kitabi-9\/"},"modified":"2022-03-08T22:35:47","modified_gmt":"2022-03-08T21:35:47","slug":"okulda-ilk-guen-kral-sakir-ilk-okuma-kitabi-9","status":"publish","type":"product","link":"https:\/\/mgvpublications.com\/de\/okulda-ilk-guen-kral-sakir-ilk-okuma-kitabi-9\/","title":{"rendered":"Okulda \u0130lk G\u00fcn \/ Kral \u015eakir \u0130lk Okuma Kitab\u0131 9"},"content":{"rendered":"","protected":false},"excerpt":{"rendered":"<p>Selam arkada\u015flar ben \u015eakir, Herkesin bildi\u011fi \u015fekilde Kral \u015eakir!<br \/>\nBen ve benim \u00e7\u0131lg\u0131n ailem bu sefer de ilk okuma kitaplar\u0131yla maceradan maceraya ko\u015fuyoruz. Fil Necati A\u011fabey\u2019in helikopteriyle s\u0131n\u0131f\u0131m\u0131za getirdi\u011fi yeni bir arkada\u015f\u0131m\u0131z var: Kirpi Cesur. Bakal\u0131m Kirpi Cesur\u2019un okuldaki ilk g\u00fcn\u00fcnde nas\u0131l maceralar bizi bekliyor?<\/p>","protected":false},"featured_media":14483,"template":"","meta":{"spay_email":""},"product_cat":[172],"product_tag":[],"item":[1268],"acf":[],"_links":{"self":[{"href":"https:\/\/mgvpublications.com\/de\/wp-json\/wp\/v2\/product\/13260"}],"collection":[{"href":"https:\/\/mgvpublications.com\/de\/wp-json\/wp\/v2\/product"}],"about":[{"href":"https:\/\/mgvpublications.com\/de\/wp-json\/wp\/v2\/types\/product"}],"wp:featuredmedia":[{"embeddable":true,"href":"https:\/\/mgvpublications.com\/de\/wp-json\/wp\/v2\/media\/14483"}],"wp:attachment":[{"href":"https:\/\/mgvpublications.com\/de\/wp-json\/wp\/v2\/media?parent=13260"}],"wp:term":[{"taxonomy":"product_cat","embeddable":true,"href":"https:\/\/mgvpublications.com\/de\/wp-json\/wp\/v2\/product_cat?post=13260"},{"taxonomy":"product_tag","embeddable":true,"href":"https:\/\/mgvpublications.com\/de\/wp-json\/wp\/v2\/product_tag?post=13260"},{"taxonomy":"item","embeddable":true,"href":"https:\/\/mgvpublications.com\/de\/wp-json\/wp\/v2\/item?post=13260"}],"curies":[{"name":"wp","href":"https:\/\/api.w.org\/{rel}","templated":true}]}}