{"id":13258,"date":"2020-08-21T11:30:20","date_gmt":"2020-08-21T09:30:20","guid":{"rendered":"https:\/\/dev2.mgvpublications.com\/produkt\/su-acayip-kuslar\/"},"modified":"2022-03-08T22:35:47","modified_gmt":"2022-03-08T21:35:47","slug":"su-acayip-kuslar","status":"publish","type":"product","link":"https:\/\/mgvpublications.com\/de\/su-acayip-kuslar\/","title":{"rendered":"\u015eu Acayip Ku\u015flar"},"content":{"rendered":"<table>\n<tbody>\n<tr>\n<td>Yay\u0131n Tarihi:<\/td>\n<td>29.04.2013<\/td>\n<\/tr>\n<tr>\n<td>ISBN:<\/td>\n<td>9786055523695<\/td>\n<\/tr>\n<tr>\n<td>Bask\u0131 Say\u0131s\u0131:<\/td>\n<td>1. Bask\u0131<\/td>\n<\/tr>\n<tr>\n<td>Dil:<\/td>\n<td>T\u00dcRK\u00c7E<\/td>\n<\/tr>\n<tr>\n<td>Sayfa Say\u0131s\u0131:<\/td>\n<td>192<\/td>\n<\/tr>\n<tr>\n<td>Cilt Tipi:<\/td>\n<td>Karton Kapak<\/td>\n<\/tr>\n<tr>\n<td>Ka\u011f\u0131t Cinsi:<\/td>\n<td>Kitap Ka\u011f\u0131d\u0131<\/td>\n<\/tr>\n<tr>\n<td>Boyut:<\/td>\n<td>13.5 x 19.5 cm<\/td>\n<\/tr>\n<\/tbody>\n<\/table>","protected":false},"excerpt":{"rendered":"<p><span class=\"info__text\">Acayip \u015eeyler Dizisi&#8217;nin \u00e7ok merakl\u0131, \u00e7ok heyecanl\u0131 ve \u00e7ok sab\u0131rs\u0131z okuyucular\u0131, bir kez daha merhaba!<\/p>\n<p>Dizimizin onuncu kitab\u0131nda, g\u00f6ky\u00fcz\u00fcn\u00fc payla\u015ft\u0131\u011f\u0131m\u0131z kanatl\u0131 dostlar\u0131m\u0131z\u0131n d\u00fcnyas\u0131nda mucizelerle dolu \u00e7ok acayip ama ger\u00e7ekten \u00e7ok acayip bir yolculu\u011fa \u00e7\u0131kaca\u011f\u0131z&#8230;<\/span><\/p>","protected":false},"featured_media":13259,"template":"","meta":{"spay_email":""},"product_cat":[172],"product_tag":[],"item":[692],"acf":[],"_links":{"self":[{"href":"https:\/\/mgvpublications.com\/de\/wp-json\/wp\/v2\/product\/13258"}],"collection":[{"href":"https:\/\/mgvpublications.com\/de\/wp-json\/wp\/v2\/product"}],"about":[{"href":"https:\/\/mgvpublications.com\/de\/wp-json\/wp\/v2\/types\/product"}],"wp:featuredmedia":[{"embeddable":true,"href":"https:\/\/mgvpublications.com\/de\/wp-json\/wp\/v2\/media\/13259"}],"wp:attachment":[{"href":"https:\/\/mgvpublications.com\/de\/wp-json\/wp\/v2\/media?parent=13258"}],"wp:term":[{"taxonomy":"product_cat","embeddable":true,"href":"https:\/\/mgvpublications.com\/de\/wp-json\/wp\/v2\/product_cat?post=13258"},{"taxonomy":"product_tag","embeddable":true,"href":"https:\/\/mgvpublications.com\/de\/wp-json\/wp\/v2\/product_tag?post=13258"},{"taxonomy":"item","embeddable":true,"href":"https:\/\/mgvpublications.com\/de\/wp-json\/wp\/v2\/item?post=13258"}],"curies":[{"name":"wp","href":"https:\/\/api.w.org\/{rel}","templated":true}]}}