{"id":13245,"date":"2020-12-02T15:47:04","date_gmt":"2020-12-02T14:47:04","guid":{"rendered":"https:\/\/dev2.mgvpublications.com\/produkt\/kuecuek-sahabiler-seti-2-4-kitap\/"},"modified":"2022-06-05T15:47:48","modified_gmt":"2022-06-05T13:47:48","slug":"kuecuek-sahabiler-seti-2-4-kitap","status":"publish","type":"product","link":"https:\/\/mgvpublications.com\/de\/kuecuek-sahabiler-seti-2-4-kitap\/","title":{"rendered":"K\u00fc\u00e7\u00fck Sahabiler Seti 2 (4 kitap)"},"content":{"rendered":"<p>Yay\u0131n Tarihi: 27.07.2017<br \/>ISBN: 9786059548717<br \/>Dil: T\u00dcRK\u00c7E<br \/>Cilt Tipi: Karton Kapak<br \/>Ka\u011f\u0131t Cinsi: Ku\u015fe Ka\u011f\u0131t<br \/>Boyut: 20 x 20 cm<\/p>","protected":false},"excerpt":{"rendered":"<p>K\u00fc\u00e7\u00fck Sahabiler-5: A\u011faca Ta\u015f Atan \u00c7ocuk K\u00fc\u00e7\u00fck Sahabiler-6: Enes\u2019in G\u00f6revi K\u00fc\u00e7\u00fck Sahabiler-7: On G\u00fcm\u00fc\u015f Para K\u00fc\u00e7\u00fck Sahabiler-8: D\u00fcnyan\u0131n En \u015eansl\u0131 \u00c7ocu\u011fu<\/p>","protected":false},"featured_media":23146,"template":"","meta":{"spay_email":""},"product_cat":[172],"product_tag":[],"item":[692],"acf":[],"_links":{"self":[{"href":"https:\/\/mgvpublications.com\/de\/wp-json\/wp\/v2\/product\/13245"}],"collection":[{"href":"https:\/\/mgvpublications.com\/de\/wp-json\/wp\/v2\/product"}],"about":[{"href":"https:\/\/mgvpublications.com\/de\/wp-json\/wp\/v2\/types\/product"}],"wp:featuredmedia":[{"embeddable":true,"href":"https:\/\/mgvpublications.com\/de\/wp-json\/wp\/v2\/media\/23146"}],"wp:attachment":[{"href":"https:\/\/mgvpublications.com\/de\/wp-json\/wp\/v2\/media?parent=13245"}],"wp:term":[{"taxonomy":"product_cat","embeddable":true,"href":"https:\/\/mgvpublications.com\/de\/wp-json\/wp\/v2\/product_cat?post=13245"},{"taxonomy":"product_tag","embeddable":true,"href":"https:\/\/mgvpublications.com\/de\/wp-json\/wp\/v2\/product_tag?post=13245"},{"taxonomy":"item","embeddable":true,"href":"https:\/\/mgvpublications.com\/de\/wp-json\/wp\/v2\/item?post=13245"}],"curies":[{"name":"wp","href":"https:\/\/api.w.org\/{rel}","templated":true}]}}