{"id":13243,"date":"2020-12-02T15:47:03","date_gmt":"2020-12-02T14:47:03","guid":{"rendered":"https:\/\/dev2.mgvpublications.com\/produkt\/kral-sakir-2-macera-devam-ediyor-ciltli\/"},"modified":"2022-03-08T22:35:46","modified_gmt":"2022-03-08T21:35:46","slug":"kral-sakir-2-macera-devam-ediyor-ciltli","status":"publish","type":"product","link":"https:\/\/mgvpublications.com\/de\/kral-sakir-2-macera-devam-ediyor-ciltli\/","title":{"rendered":"Kral \u015eakir 2 \/ Macera Devam Ediyor (Ciltli)"},"content":{"rendered":"<p>Yay\u0131n Tarihi: 18.09.2018<br \/>ISBN: 9786052041789<br \/>Dil: T\u00dcRK\u00c7E<br \/>Sayfa Say\u0131s\u0131: 216<br \/>Cilt Tipi: Ciltli<br \/>Ka\u011f\u0131t Cinsi: Kitap Ka\u011f\u0131d\u0131<br \/>Boyut: 13.5 x 21 cm<\/p>","protected":false},"excerpt":{"rendered":"<p>Birka\u00e7 y\u0131l \u00f6ncesine kadar, b\u00fcy\u00fcmeyi \u00e7ok isterdim. Kim istemez ki? Araba kullanmak, t\u0131ra\u015f olmak, gece eve ge\u00e7 gelmek, kimseye hesap vermemek, istedi\u011fini yemek, istedi\u011fini giymek gibi saymakla bitmeyen bir s\u00fcr\u00fc avantaj\u0131 var. Ancak bu y\u0131l fikir de\u011fi\u015ftirdim, art\u0131k daha fazla b\u00fcy\u00fcmek istemiyorum. Az\u0131c\u0131k boyum uzad\u0131, birazc\u0131k a\u011fabey gibi g\u00f6r\u00fcnmeye ba\u015flad\u0131m diye \u00f6yle \u00e7ok \u00fcst\u00fcme gelindi ki saklanacak delik arar h\u00e2le d\u00fc\u015ft\u00fcm. Peki, neler mi oldu? Ne olmad\u0131 ki?<\/p>","protected":false},"featured_media":18857,"template":"","meta":{"spay_email":""},"product_cat":[172],"product_tag":[],"item":[1268],"acf":[],"_links":{"self":[{"href":"https:\/\/mgvpublications.com\/de\/wp-json\/wp\/v2\/product\/13243"}],"collection":[{"href":"https:\/\/mgvpublications.com\/de\/wp-json\/wp\/v2\/product"}],"about":[{"href":"https:\/\/mgvpublications.com\/de\/wp-json\/wp\/v2\/types\/product"}],"wp:featuredmedia":[{"embeddable":true,"href":"https:\/\/mgvpublications.com\/de\/wp-json\/wp\/v2\/media\/18857"}],"wp:attachment":[{"href":"https:\/\/mgvpublications.com\/de\/wp-json\/wp\/v2\/media?parent=13243"}],"wp:term":[{"taxonomy":"product_cat","embeddable":true,"href":"https:\/\/mgvpublications.com\/de\/wp-json\/wp\/v2\/product_cat?post=13243"},{"taxonomy":"product_tag","embeddable":true,"href":"https:\/\/mgvpublications.com\/de\/wp-json\/wp\/v2\/product_tag?post=13243"},{"taxonomy":"item","embeddable":true,"href":"https:\/\/mgvpublications.com\/de\/wp-json\/wp\/v2\/item?post=13243"}],"curies":[{"name":"wp","href":"https:\/\/api.w.org\/{rel}","templated":true}]}}