{"id":13241,"date":"2020-12-02T15:47:03","date_gmt":"2020-12-02T14:47:03","guid":{"rendered":"https:\/\/dev2.mgvpublications.com\/produkt\/kral-sakir-5-dostum-bu-cok-havali-ciltli\/"},"modified":"2022-06-24T16:18:44","modified_gmt":"2022-06-24T14:18:44","slug":"kral-sakir-5-dostum-bu-cok-havali-ciltli","status":"publish","type":"product","link":"https:\/\/mgvpublications.com\/de\/kral-sakir-5-dostum-bu-cok-havali-ciltli\/","title":{"rendered":"Kral \u015eakir 5 \/ Dostum Bu \u00c7ok Haval\u0131! (Ciltli)"},"content":{"rendered":"<p>Yay\u0131n Tarihi: 12.03.2019<br \/>ISBN: 9786057939173<br \/>Dil: T\u00dcRK\u00c7E<br \/>Sayfa Say\u0131s\u0131: 208<br \/>Cilt Tipi: Ciltli<br \/>Ka\u011f\u0131t Cinsi: Kitap Ka\u011f\u0131d\u0131<br \/>Boyut: 13.5 x 21 cm<br \/>\u00c7izer: Varol Ya\u015faro\u011flu<\/p>","protected":false},"excerpt":{"rendered":"<p>Ben \u015eakir, g\u00f6zl\u00fcklerim \u015fekil! Asl\u0131nda normal g\u00fcnler ya\u015famaya \u00e7al\u0131\u015f\u0131yoruz ama garip olaylar pe\u015fimizi b\u0131rakm\u0131yor. Her zaman, olmad\u0131k durumlara girip birazc\u0131k \u015fans, birazc\u0131k zek\u00e2 ve \u00e7ok\u00e7a tak\u0131m ruhuyla, hep iyi biten e\u011flenceli maceralarla havam\u0131za hava kat\u0131yoruz. Siz de haval\u0131 olmak istemez misiniz? Haydi o zaman maceraya!<\/p>","protected":false},"featured_media":22578,"template":"","meta":{"spay_email":""},"product_cat":[172],"product_tag":[],"item":[1268],"acf":[],"_links":{"self":[{"href":"https:\/\/mgvpublications.com\/de\/wp-json\/wp\/v2\/product\/13241"}],"collection":[{"href":"https:\/\/mgvpublications.com\/de\/wp-json\/wp\/v2\/product"}],"about":[{"href":"https:\/\/mgvpublications.com\/de\/wp-json\/wp\/v2\/types\/product"}],"wp:featuredmedia":[{"embeddable":true,"href":"https:\/\/mgvpublications.com\/de\/wp-json\/wp\/v2\/media\/22578"}],"wp:attachment":[{"href":"https:\/\/mgvpublications.com\/de\/wp-json\/wp\/v2\/media?parent=13241"}],"wp:term":[{"taxonomy":"product_cat","embeddable":true,"href":"https:\/\/mgvpublications.com\/de\/wp-json\/wp\/v2\/product_cat?post=13241"},{"taxonomy":"product_tag","embeddable":true,"href":"https:\/\/mgvpublications.com\/de\/wp-json\/wp\/v2\/product_tag?post=13241"},{"taxonomy":"item","embeddable":true,"href":"https:\/\/mgvpublications.com\/de\/wp-json\/wp\/v2\/item?post=13241"}],"curies":[{"name":"wp","href":"https:\/\/api.w.org\/{rel}","templated":true}]}}