{"id":13204,"date":"2020-12-02T15:46:59","date_gmt":"2020-12-02T14:46:59","guid":{"rendered":"https:\/\/dev2.mgvpublications.com\/produkt\/kral-sakir-1-tek-kisilik-dev-orkestra-ciltli\/"},"modified":"2022-03-08T22:35:44","modified_gmt":"2022-03-08T21:35:44","slug":"kral-sakir-1-tek-kisilik-dev-orkestra-ciltli","status":"publish","type":"product","link":"https:\/\/mgvpublications.com\/de\/kral-sakir-1-tek-kisilik-dev-orkestra-ciltli\/","title":{"rendered":"Kral \u015eakir 1 \/ Tek Ki\u015filik Dev Orkestra! (Ciltli)"},"content":{"rendered":"<p>Yay\u0131n Tarihi: 18.09.2018<br \/>ISBN: 9786052041321<br \/>Dil: T\u00dcRK\u00c7E<br \/>Sayfa Say\u0131s\u0131: 208<br \/>Cilt Tipi: Ciltli<br \/>Ka\u011f\u0131t Cinsi: Kitap Ka\u011f\u0131d\u0131<br \/>Boyut: 13.5 x 21 cm<br \/>Editor: G\u00f6zde D\u00f6neli<\/p>","protected":false},"excerpt":{"rendered":"<p>Selam arkada\u015flar, ben \u015eakir. Hepinizin bildi\u011fi \u015fekilde nam-\u0131 di\u011fer Kral \u015eakir. D\u0131\u015far\u0131dan bak\u0131ld\u0131\u011f\u0131nda normal bir aile gibi g\u00f6r\u00fcnsek de bizim evde her g\u00fcn ayr\u0131 bir olay ya\u015fan\u0131r. Aslan babam Remzi, karde\u015fim Canan, yemek \u00e2\u015f\u0131\u011f\u0131 Fil Necati ile birlikte maceradan maceraya ko\u015far\u0131z. \u00c7\u0131lg\u0131n ve bir o kadar komik ailemle tan\u0131\u015faca\u011f\u0131n\u0131z i\u00e7in mutluyum ama \u015fimdi biraz acelem var. Sebzelerle hamburgerler aras\u0131nda kavga \u00e7\u0131km\u0131\u015f; hamburgerler bir s\u0131f\u0131r galip, olaya m\u00fcdahale etmem laz\u0131m. G\u00f6r\u00fc\u015f\u00fcr\u00fcz\u2026<\/p>","protected":false},"featured_media":22543,"template":"","meta":{"spay_email":""},"product_cat":[172],"product_tag":[],"item":[1268],"acf":[],"_links":{"self":[{"href":"https:\/\/mgvpublications.com\/de\/wp-json\/wp\/v2\/product\/13204"}],"collection":[{"href":"https:\/\/mgvpublications.com\/de\/wp-json\/wp\/v2\/product"}],"about":[{"href":"https:\/\/mgvpublications.com\/de\/wp-json\/wp\/v2\/types\/product"}],"wp:featuredmedia":[{"embeddable":true,"href":"https:\/\/mgvpublications.com\/de\/wp-json\/wp\/v2\/media\/22543"}],"wp:attachment":[{"href":"https:\/\/mgvpublications.com\/de\/wp-json\/wp\/v2\/media?parent=13204"}],"wp:term":[{"taxonomy":"product_cat","embeddable":true,"href":"https:\/\/mgvpublications.com\/de\/wp-json\/wp\/v2\/product_cat?post=13204"},{"taxonomy":"product_tag","embeddable":true,"href":"https:\/\/mgvpublications.com\/de\/wp-json\/wp\/v2\/product_tag?post=13204"},{"taxonomy":"item","embeddable":true,"href":"https:\/\/mgvpublications.com\/de\/wp-json\/wp\/v2\/item?post=13204"}],"curies":[{"name":"wp","href":"https:\/\/api.w.org\/{rel}","templated":true}]}}