{"id":13198,"date":"2020-08-17T10:31:53","date_gmt":"2020-08-17T08:31:53","guid":{"rendered":"https:\/\/dev2.mgvpublications.com\/produkt\/afetten-korkma-kral-sakir-ilk-okuma-kitabi-6\/"},"modified":"2022-03-08T22:35:43","modified_gmt":"2022-03-08T21:35:43","slug":"afetten-korkma-kral-sakir-ilk-okuma-kitabi-6","status":"publish","type":"product","link":"https:\/\/mgvpublications.com\/de\/afetten-korkma-kral-sakir-ilk-okuma-kitabi-6\/","title":{"rendered":"Afetten Korkma \/ Kral \u015eakir \u0130lk Okuma Kitab\u0131 6"},"content":{"rendered":"<table>\n<tbody>\n<tr>\n<td>Yay\u0131n Tarihi:<\/td>\n<td>09.01.2020<\/td>\n<\/tr>\n<tr>\n<td>ISBN:<\/td>\n<td>9786057939241<\/td>\n<\/tr>\n<tr>\n<td>Bask\u0131 Say\u0131s\u0131:<\/td>\n<td>1. Bask\u0131<\/td>\n<\/tr>\n<tr>\n<td>Dil:<\/td>\n<td>T\u00dcRK\u00c7E<\/td>\n<\/tr>\n<tr>\n<td>Sayfa Say\u0131s\u0131:<\/td>\n<td>32<\/td>\n<\/tr>\n<tr>\n<td>Cilt Tipi:<\/td>\n<td>Karton Kapak<\/td>\n<\/tr>\n<tr>\n<td>Ka\u011f\u0131t Cinsi:<\/td>\n<td>Kitap Ka\u011f\u0131d\u0131<\/td>\n<\/tr>\n<tr>\n<td>Boyut:<\/td>\n<td>22 x 22 cm<\/td>\n<\/tr>\n<\/tbody>\n<\/table>","protected":false},"excerpt":{"rendered":"<p><span class=\"info__text\">Selam arkada\u015flar ben \u015eakir, herkesin bildi\u011fi \u015fekilde Kral \u015eakir! Ben ve benim \u00e7\u0131lg\u0131n ailem bu sefer de ilk okuma kitaplar\u0131yla maceradan maceraya ko\u015fuyoruz. Bu maceram\u0131zda Mirket A\u011fabey\u2019in haz\u0131rlad\u0131\u011f\u0131 sim\u00fclasyon odas\u0131nda do\u011fal afet durumlar\u0131nda neler yapmam\u0131z gerekti\u011fini \u00f6\u011frendik, tabii yine Fil Necati A\u011fabey sayesinde bol bol g\u00fclerek ve e\u011flenerek zaman ge\u00e7irdik. Sim\u00fclasyon odas\u0131nda ya\u015fad\u0131klar\u0131m\u0131z\u0131 \u00f6\u011frenmeye haz\u0131r m\u0131s\u0131n\u0131z?<\/span><\/p>","protected":false},"featured_media":13199,"template":"","meta":{"spay_email":""},"product_cat":[172],"product_tag":[],"item":[1268],"acf":[],"_links":{"self":[{"href":"https:\/\/mgvpublications.com\/de\/wp-json\/wp\/v2\/product\/13198"}],"collection":[{"href":"https:\/\/mgvpublications.com\/de\/wp-json\/wp\/v2\/product"}],"about":[{"href":"https:\/\/mgvpublications.com\/de\/wp-json\/wp\/v2\/types\/product"}],"wp:featuredmedia":[{"embeddable":true,"href":"https:\/\/mgvpublications.com\/de\/wp-json\/wp\/v2\/media\/13199"}],"wp:attachment":[{"href":"https:\/\/mgvpublications.com\/de\/wp-json\/wp\/v2\/media?parent=13198"}],"wp:term":[{"taxonomy":"product_cat","embeddable":true,"href":"https:\/\/mgvpublications.com\/de\/wp-json\/wp\/v2\/product_cat?post=13198"},{"taxonomy":"product_tag","embeddable":true,"href":"https:\/\/mgvpublications.com\/de\/wp-json\/wp\/v2\/product_tag?post=13198"},{"taxonomy":"item","embeddable":true,"href":"https:\/\/mgvpublications.com\/de\/wp-json\/wp\/v2\/item?post=13198"}],"curies":[{"name":"wp","href":"https:\/\/api.w.org\/{rel}","templated":true}]}}