{"id":13194,"date":"2020-08-17T10:26:30","date_gmt":"2020-08-17T08:26:30","guid":{"rendered":"https:\/\/dev2.mgvpublications.com\/produkt\/yaptigimiz-secimler-kral-sakir-ilk-okuma-kitabi-7\/"},"modified":"2022-03-08T22:35:43","modified_gmt":"2022-03-08T21:35:43","slug":"yaptigimiz-secimler-kral-sakir-ilk-okuma-kitabi-7","status":"publish","type":"product","link":"https:\/\/mgvpublications.com\/de\/yaptigimiz-secimler-kral-sakir-ilk-okuma-kitabi-7\/","title":{"rendered":"Yapt\u0131\u011f\u0131m\u0131z Se\u00e7imler \/ Kral \u015eakir \u0130lk Okuma Kitab\u0131 7"},"content":{"rendered":"<table>\n<tbody>\n<tr>\n<td>Yay\u0131n Tarihi:<\/td>\n<td>09.01.2020<\/td>\n<\/tr>\n<tr>\n<td>ISBN:<\/td>\n<td>9786057690500<\/td>\n<\/tr>\n<tr>\n<td>Bask\u0131 Say\u0131s\u0131:<\/td>\n<td>1. Bask\u0131<\/td>\n<\/tr>\n<tr>\n<td>Dil:<\/td>\n<td>T\u00dcRK\u00c7E<\/td>\n<\/tr>\n<tr>\n<td>Sayfa Say\u0131s\u0131:<\/td>\n<td>32<\/td>\n<\/tr>\n<tr>\n<td>Cilt Tipi:<\/td>\n<td>Karton Kapak<\/td>\n<\/tr>\n<tr>\n<td>Ka\u011f\u0131t Cinsi:<\/td>\n<td>1. Hm. Ka\u011f\u0131t<\/td>\n<\/tr>\n<tr>\n<td>Boyut:<\/td>\n<td>22 x 22 cm<\/td>\n<\/tr>\n<\/tbody>\n<\/table>","protected":false},"excerpt":{"rendered":"<div class=\"top-block\">\n<div class=\"pr_description\">\n<div id=\"description_text\"><span class=\"info__text\">Selam arkada\u015flar ben \u015eakir, Herkesin bildi\u011fi \u015fekilde Kral \u015eakir!<br \/>\nBen ve benim \u00e7\u0131lg\u0131n ailem bu sefer de ilk okuma kitaplar\u0131yla maceradan maceraya ko\u015fuyoruz. Okulumuzda se\u00e7im var! Akbaba Cem\u015fit ve Canan\u2019n\u0131n aday oldu\u011fu okul temsilcisi se\u00e7imini bakal\u0131m kim kazanacak?<br \/>\n<\/span><\/div>\n<\/div>\n<\/div>\n<div class=\"bottom-block\">\n<div class=\"pr_attributes\">\n<hr \/>\n<\/div>\n<\/div>","protected":false},"featured_media":13195,"template":"","meta":{"spay_email":""},"product_cat":[172],"product_tag":[],"item":[1268],"acf":[],"_links":{"self":[{"href":"https:\/\/mgvpublications.com\/de\/wp-json\/wp\/v2\/product\/13194"}],"collection":[{"href":"https:\/\/mgvpublications.com\/de\/wp-json\/wp\/v2\/product"}],"about":[{"href":"https:\/\/mgvpublications.com\/de\/wp-json\/wp\/v2\/types\/product"}],"wp:featuredmedia":[{"embeddable":true,"href":"https:\/\/mgvpublications.com\/de\/wp-json\/wp\/v2\/media\/13195"}],"wp:attachment":[{"href":"https:\/\/mgvpublications.com\/de\/wp-json\/wp\/v2\/media?parent=13194"}],"wp:term":[{"taxonomy":"product_cat","embeddable":true,"href":"https:\/\/mgvpublications.com\/de\/wp-json\/wp\/v2\/product_cat?post=13194"},{"taxonomy":"product_tag","embeddable":true,"href":"https:\/\/mgvpublications.com\/de\/wp-json\/wp\/v2\/product_tag?post=13194"},{"taxonomy":"item","embeddable":true,"href":"https:\/\/mgvpublications.com\/de\/wp-json\/wp\/v2\/item?post=13194"}],"curies":[{"name":"wp","href":"https:\/\/api.w.org\/{rel}","templated":true}]}}