{"id":13182,"date":"2020-08-15T19:12:52","date_gmt":"2020-08-15T17:12:52","guid":{"rendered":"https:\/\/dev2.mgvpublications.com\/produkt\/cikolata-kalpli-ejderha\/"},"modified":"2022-03-08T22:35:41","modified_gmt":"2022-03-08T21:35:41","slug":"cikolata-kalpli-ejderha","status":"publish","type":"product","link":"https:\/\/mgvpublications.com\/de\/cikolata-kalpli-ejderha\/","title":{"rendered":"\u00c7ikolata Kalpli Ejderha"},"content":{"rendered":"<div>\u00c7evirmen: \u00c7i\u011fdem K\u00f6f\u00fcnc\u00fc<\/div>\n<div>Yay\u0131n Tarihi: 22.03.2019<\/div>\n<div>ISBN: 9786051865560<\/div>\n<div>Bask\u0131 Say\u0131s\u0131: 10. Bask\u0131<\/div>\n<div>Dil: T\u00dcRK\u00c7E<\/div>\n<div>Sayfa Say\u0131s\u0131: 256<\/div>\n<div>Cilt Tipi: Karton Kapak<\/div>\n<div>Ka\u011f\u0131t Cinsi: Kitap Ka\u011f\u0131d\u0131<\/div>\n<div>Boyut: 13.5 x 21.5 cm<\/div>","protected":false},"excerpt":{"rendered":"<p>Aventurine da\u011flar\u0131n en tehlikeli ejderhas\u0131d\u0131r. Ama b\u00f6ylesine tehlikeli bir ejderha b\u00fcy\u00fcl\u00fc bir bardak s\u0131cak \u00e7ikolata i\u00e7mek i\u00e7in kand\u0131r\u0131l\u0131rsa ne olur? K\u00fc\u00e7\u00fck bir k\u0131z m\u0131?<\/p>\n<p>Ejderhalar ve k\u00fc\u00e7\u00fck kahramanlar i\u00e7in \u00e7ikolata kokulu b\u00fcy\u00fcl\u00fc bir hik\u00e2ye.<\/p>\n<p>\u201cBir elinize s\u0131cak \u00e7ikolatan\u0131z\u0131 al\u0131p keyifle okuyaca\u011f\u0131n\u0131z harika bir hik\u00e2ye.\u201d<br \/>\n\u2014Kirkus Reviews<\/p>","protected":false},"featured_media":14477,"template":"","meta":{"spay_email":""},"product_cat":[172],"product_tag":[],"item":[1214],"acf":[],"_links":{"self":[{"href":"https:\/\/mgvpublications.com\/de\/wp-json\/wp\/v2\/product\/13182"}],"collection":[{"href":"https:\/\/mgvpublications.com\/de\/wp-json\/wp\/v2\/product"}],"about":[{"href":"https:\/\/mgvpublications.com\/de\/wp-json\/wp\/v2\/types\/product"}],"wp:featuredmedia":[{"embeddable":true,"href":"https:\/\/mgvpublications.com\/de\/wp-json\/wp\/v2\/media\/14477"}],"wp:attachment":[{"href":"https:\/\/mgvpublications.com\/de\/wp-json\/wp\/v2\/media?parent=13182"}],"wp:term":[{"taxonomy":"product_cat","embeddable":true,"href":"https:\/\/mgvpublications.com\/de\/wp-json\/wp\/v2\/product_cat?post=13182"},{"taxonomy":"product_tag","embeddable":true,"href":"https:\/\/mgvpublications.com\/de\/wp-json\/wp\/v2\/product_tag?post=13182"},{"taxonomy":"item","embeddable":true,"href":"https:\/\/mgvpublications.com\/de\/wp-json\/wp\/v2\/item?post=13182"}],"curies":[{"name":"wp","href":"https:\/\/api.w.org\/{rel}","templated":true}]}}