{"id":13180,"date":"2020-08-15T19:09:21","date_gmt":"2020-08-15T17:09:21","guid":{"rendered":"https:\/\/dev2.mgvpublications.com\/produkt\/sehirde-balik-avi\/"},"modified":"2022-03-08T22:35:41","modified_gmt":"2022-03-08T21:35:41","slug":"sehirde-balik-avi","status":"publish","type":"product","link":"https:\/\/mgvpublications.com\/de\/sehirde-balik-avi\/","title":{"rendered":"\u015eehirde Bal\u0131k Av\u0131"},"content":{"rendered":"<div>\u00c7evirmen: Canan Bolel<\/div>\n<div>Yay\u0131n Tarihi: 11.09.2019<\/div>\n<div>Orijinal Ad\u0131: Skyfishing<\/div>\n<div>ISBN: 9786050320510<\/div>\n<div>Bask\u0131 Say\u0131s\u0131: 1. Bask\u0131<\/div>\n<div>Dil: T\u00dcRK\u00c7E<\/div>\n<div>Sayfa Say\u0131s\u0131: 36<\/div>\n<div>Cilt Tipi: Karton Kapak<\/div>\n<div>Ka\u011f\u0131t Cinsi: Kitap Ka\u011f\u0131d\u0131<\/div>\n<div>Boyut: 22.5 x 22.5 cm<\/div>","protected":false},"excerpt":{"rendered":"<p>B\u00fcy\u00fckbaba i\u00e7in bal\u0131k\u00e7\u0131l\u0131k bir tutkudur. Bu y\u00fczden<br \/>\nailesiyle beraber ya\u015famak \u00fczere \u015fehre ta\u015f\u0131n\u0131rken<br \/>\nolta tak\u0131mlar\u0131n\u0131n hepsini yan\u0131nda getirir. Fakat b\u00fcy\u00fck \u015fehir,<br \/>\nbir bal\u0131k\u00e7\u0131 i\u00e7in hi\u00e7 de uygun bir yer de\u011fildir,<br \/>\nb\u00fcy\u00fckbaba buna \u00e7ok \u00fcz\u00fcl\u00fcr. Derken g\u00fcn\u00fcn birinde,<br \/>\ntorununun akl\u0131na b\u00fcy\u00fckbabas\u0131n\u0131 mutlu edecek \u015fahane bir fikir gelir\u2026<\/p>\n<p>Gideon Sterer, hayal g\u00fcc\u00fcn\u00fc harekete ge\u00e7iren g\u00f6z kama\u015ft\u0131r\u0131c\u0131 bu resimli kitapta, dostlu\u011fun b\u00fcy\u00fcs\u00fcn\u00fc ve her t\u00fcrl\u00fc ger\u00e7ekli\u011fi bitmek bilmeyen bir e\u011flenceye d\u00f6n\u00fc\u015ft\u00fcrebilme g\u00fcc\u00fcn\u00fc anlat\u0131yor.<br \/>\ndevam\u0131n\u0131 oku<\/p>","protected":false},"featured_media":13181,"template":"","meta":{"spay_email":""},"product_cat":[172],"product_tag":[],"item":[1214],"acf":[],"_links":{"self":[{"href":"https:\/\/mgvpublications.com\/de\/wp-json\/wp\/v2\/product\/13180"}],"collection":[{"href":"https:\/\/mgvpublications.com\/de\/wp-json\/wp\/v2\/product"}],"about":[{"href":"https:\/\/mgvpublications.com\/de\/wp-json\/wp\/v2\/types\/product"}],"wp:featuredmedia":[{"embeddable":true,"href":"https:\/\/mgvpublications.com\/de\/wp-json\/wp\/v2\/media\/13181"}],"wp:attachment":[{"href":"https:\/\/mgvpublications.com\/de\/wp-json\/wp\/v2\/media?parent=13180"}],"wp:term":[{"taxonomy":"product_cat","embeddable":true,"href":"https:\/\/mgvpublications.com\/de\/wp-json\/wp\/v2\/product_cat?post=13180"},{"taxonomy":"product_tag","embeddable":true,"href":"https:\/\/mgvpublications.com\/de\/wp-json\/wp\/v2\/product_tag?post=13180"},{"taxonomy":"item","embeddable":true,"href":"https:\/\/mgvpublications.com\/de\/wp-json\/wp\/v2\/item?post=13180"}],"curies":[{"name":"wp","href":"https:\/\/api.w.org\/{rel}","templated":true}]}}