{"id":13162,"date":"2020-08-15T18:48:34","date_gmt":"2020-08-15T16:48:34","guid":{"rendered":"https:\/\/dev2.mgvpublications.com\/produkt\/uestad-ali-ulvi-kurucu-hatiralar-2\/"},"modified":"2022-03-08T22:35:37","modified_gmt":"2022-03-08T21:35:37","slug":"uestad-ali-ulvi-kurucu-hatiralar-2","status":"publish","type":"product","link":"https:\/\/mgvpublications.com\/de\/uestad-ali-ulvi-kurucu-hatiralar-2\/","title":{"rendered":"\u00dcstad Ali Ulvi Kurucu Hat\u0131ralar 2"},"content":{"rendered":"<div>Yay\u0131n Tarihi: 05.12.2019<\/div>\n<div>ISBN: 9786058016576<\/div>\n<div>Bask\u0131 Say\u0131s\u0131: 18. Bask\u0131<\/div>\n<div>Dil: T\u00dcRK\u00c7E<\/div>\n<div>Sayfa Say\u0131s\u0131: 408<\/div>\n<div>Cilt Tipi: Karton Kapak<\/div>\n<div>Ka\u011f\u0131t Cinsi: Kitap Ka\u011f\u0131d\u0131<\/div>\n<div>Boyut: 13.5 x 21 cm<\/div>","protected":false},"excerpt":{"rendered":"<p>\u00dcstad Ali Ulvi Kurucu Bey, T\u00fcrkiye\u2019mizde ve M\u00fcsl\u00fcman \u00fclkelerde milyonlar\u0131n tan\u0131d\u0131\u011f\u0131 bir zat\u2026 Sevimli \u00e7ehresi, Muhammed\u00ee g\u00fczel ahl\u00e2k\u0131, ruhlara hitap eden mill\u00ee, din\u00ee \u015fiirleri ve insan\u0131 m\u00e2nevi \u00e2lemlere al\u0131p g\u00f6t\u00fcren g\u00f6n\u00fcl sohbetleri ile bir ilim ve irfan \u00f6nderi\u2026 \u00dcstad<br \/>\nAli Ulvi Kurucu Bey, bir Anadolu \u00e7ocu\u011fu\u2026 \u0130lk feyzini do\u011fdu\u011fu muhitten ald\u0131ktan sonra y\u00fcksek tahsilini Kahire\u2019de yapm\u0131\u015f; son elli alt\u0131 senesini Med\u00eene-i M\u00fcnevvere\u2019de ya\u015fam\u0131\u015f ve orada vefat ederek, sahab\u00eelerin yan\u0131na uzanm\u0131\u015f mes\u2019ud bir insan\u2026 \u0130sl\u00e2m d\u00fcnyas\u0131n\u0131n m\u00e2nevi ve siy\u00e2s\u00ee binbir h\u00e2dise ile sars\u0131ld\u0131\u011f\u0131 yak\u0131n tarihi bizzat ya\u015fam\u0131\u015f; \u00f6nemli olaylar\u0131n \u015fahidi olmu\u015f ve m\u00fchim \u015fahsiyetlerle tan\u0131\u015fm\u0131\u015f; bir M\u00fcsl\u00fcman ayd\u0131n\u0131n, ayd\u0131n bak\u0131\u015f\u0131 ile<br \/>\nbunlar\u0131 de\u011ferlendirmi\u015f, bir fikir ve m\u00e2n\u00e2 b\u00fcy\u00fc\u011f\u00fc\u2026 Onun hat\u0131ralar\u0131, bizler i\u00e7in, bir ilim, irfan ve m\u00e2neviyat kayna\u011f\u0131 oldu\u011fu kadar, yak\u0131n tarihimiz i\u00e7in de bir \u201c\u015fifre \u00e7\u00f6z\u00fcc\u00fc\u201d ve gelece\u011fimizi t\u00e2yinde bir yol g\u00f6sterici olacak\u2026<br \/>\ndevam\u0131n\u0131 oku<\/p>","protected":false},"featured_media":16081,"template":"","meta":{"spay_email":""},"product_cat":[168],"product_tag":[],"item":[1370],"acf":[],"_links":{"self":[{"href":"https:\/\/mgvpublications.com\/de\/wp-json\/wp\/v2\/product\/13162"}],"collection":[{"href":"https:\/\/mgvpublications.com\/de\/wp-json\/wp\/v2\/product"}],"about":[{"href":"https:\/\/mgvpublications.com\/de\/wp-json\/wp\/v2\/types\/product"}],"wp:featuredmedia":[{"embeddable":true,"href":"https:\/\/mgvpublications.com\/de\/wp-json\/wp\/v2\/media\/16081"}],"wp:attachment":[{"href":"https:\/\/mgvpublications.com\/de\/wp-json\/wp\/v2\/media?parent=13162"}],"wp:term":[{"taxonomy":"product_cat","embeddable":true,"href":"https:\/\/mgvpublications.com\/de\/wp-json\/wp\/v2\/product_cat?post=13162"},{"taxonomy":"product_tag","embeddable":true,"href":"https:\/\/mgvpublications.com\/de\/wp-json\/wp\/v2\/product_tag?post=13162"},{"taxonomy":"item","embeddable":true,"href":"https:\/\/mgvpublications.com\/de\/wp-json\/wp\/v2\/item?post=13162"}],"curies":[{"name":"wp","href":"https:\/\/api.w.org\/{rel}","templated":true}]}}